{"id":197462,"date":"2025-03-23T10:29:29","date_gmt":"2025-03-23T10:29:29","guid":{"rendered":"https:\/\/aromasentia.com\/product\/masala-backflow-incense-pack-of-10-sandalwood-vanilla\/"},"modified":"2025-06-22T03:03:12","modified_gmt":"2025-06-22T03:03:12","slug":"masala-backflow-roegelse-pakke-med-10-sandeltrae-og-vanilje","status":"publish","type":"product","link":"https:\/\/aromasentia.com\/da\/masala-backflow-roegelse-pakke-med-10-sandeltrae-og-vanilje\/","title":{"rendered":"Masala Backflow R\u00f8gelse Pakke med 10 &#8211; Sandeltr\u00e6 Og Vanilje"},"content":{"rendered":"<p><span style=\"color: rgb(75, 80, 88);\">G\u00f8r dig klar til at krydre din r\u00f8gelsessamling med helt nye <strong>Masala Backflow R\u00f8gelseskegler fra Aromatika!<\/strong><\/span><\/p>\n<p><span style=\"color: rgb(75, 80, 88);\">Indeni hver pakke har du<strong>&nbsp;10 Backflow &nbsp;formet som en sekskant, &nbsp;R\u00f8gelseskegler.<\/strong><\/span><\/p>\n<p><span style=\"color: rgb(75, 80, 88);\"><strong>Fork\u00e6l dig selv med den varme og tr\u00f8stende omfavnelse af sandeltr\u00e6 og vanilje.<\/strong><\/span><\/p>\n<p><span style=\"color: rgb(75, 80, 88);\">Denne unikke kombination tilbyder en s\u00f8d og tr\u00e6agtig aroma, der beroliger sanserne. Sandeltr\u00e6 forbindes ofte med afslapning og spirituel opv\u00e5gnen, mens vanilje tilf\u00f8jer et strejf af s\u00f8dme. Sammen skaber de en dejlig og beroligende duft, der er perfekt til at slappe af efter en lang dag.<\/span><\/p>\n","protected":false},"excerpt":{"rendered":"<p>G\u00f8r dig klar til at krydre din r\u00f8gelsessamling med helt nye Masala Backflow R\u00f8gelseskegler fra Aromatika! Indeni hver pakke har du&nbsp;10 Backflow &nbsp;formet som en sekskant, &nbsp;R\u00f8gelseskegler. Fork\u00e6l dig selv med den varme og tr\u00f8stende omfavnelse af sandeltr\u00e6 og vanilje. Denne unikke kombination tilbyder en s\u00f8d og tr\u00e6agtig aroma, der beroliger sanserne. Sandeltr\u00e6 forbindes ofte [&hellip;]<\/p>\n","protected":false},"featured_media":395087,"comment_status":"closed","ping_status":"open","template":"","meta":{"_angie_page":false},"product_brand":[27100],"product_cat":[25839,5836,5872,25990,26893],"product_tag":[],"class_list":{"0":"post-197462","1":"product","2":"type-product","3":"status-publish","4":"has-post-thumbnail","6":"product_brand-aromatika","7":"product_cat-dufte-aromaer","8":"product_cat-rogelse-og-rogelsesholdere","9":"product_cat-rogelseskegler","10":"product_cat-sandeltrae","11":"product_cat-traeagtig","12":"pa_collection-masala-backflow-incense-pack-of-10-da","13":"pa_made-in-indien","15":"first","16":"instock","17":"purchasable","18":"product-type-simple"},"supplier_id":null,"supplier_sku":"ABFi-03","barcode":null,"atum_controlled":true,"out_stock_date":null,"out_stock_threshold":null,"inheritable":false,"inbound_stock":null,"stock_on_hold":0,"sold_today":0,"sales_last_days":0,"reserved_stock":null,"customer_returns":null,"warehouse_damage":null,"lost_in_post":null,"other_logs":null,"out_stock_days":0,"lost_sales":0,"has_location":null,"update_date":"2026-05-11T01:55:49","atum_locations":[],"atum_stock_status":"instock","restock_status":false,"low_stock_amount":"","sales_update_date":"2026-01-20T05:14:07","calc_backorders":null,"_links":{"self":[{"href":"https:\/\/aromasentia.com\/da\/wp-json\/wp\/v2\/product\/197462","targetHints":{"allow":["GET"]}}],"collection":[{"href":"https:\/\/aromasentia.com\/da\/wp-json\/wp\/v2\/product"}],"about":[{"href":"https:\/\/aromasentia.com\/da\/wp-json\/wp\/v2\/types\/product"}],"replies":[{"embeddable":true,"href":"https:\/\/aromasentia.com\/da\/wp-json\/wp\/v2\/comments?post=197462"}],"version-history":[{"count":0,"href":"https:\/\/aromasentia.com\/da\/wp-json\/wp\/v2\/product\/197462\/revisions"}],"wp:featuredmedia":[{"embeddable":true,"href":"https:\/\/aromasentia.com\/da\/wp-json\/wp\/v2\/media\/395087"}],"wp:attachment":[{"href":"https:\/\/aromasentia.com\/da\/wp-json\/wp\/v2\/media?parent=197462"}],"wp:term":[{"taxonomy":"product_brand","embeddable":true,"href":"https:\/\/aromasentia.com\/da\/wp-json\/wp\/v2\/product_brand?post=197462"},{"taxonomy":"product_cat","embeddable":true,"href":"https:\/\/aromasentia.com\/da\/wp-json\/wp\/v2\/product_cat?post=197462"},{"taxonomy":"product_tag","embeddable":true,"href":"https:\/\/aromasentia.com\/da\/wp-json\/wp\/v2\/product_tag?post=197462"}],"curies":[{"name":"wp","href":"https:\/\/api.w.org\/{rel}","templated":true}]}}