{"id":197455,"date":"2025-03-23T10:29:38","date_gmt":"2025-03-23T10:29:38","guid":{"rendered":"https:\/\/aromasentia.com\/product\/backflow-incense-burner-money-cat-tube\/"},"modified":"2025-06-22T03:03:06","modified_gmt":"2025-06-22T03:03:06","slug":"roegelsesbraender-med-backflow-money-cat-tube","status":"publish","type":"product","link":"https:\/\/aromasentia.com\/da\/roegelsesbraender-med-backflow-money-cat-tube\/","title":{"rendered":"R\u00f8gelsesbr\u00e6nder med Backflow &#8211; money Cat Tube"},"content":{"rendered":"<p><span style=\"color: rgb(75, 80, 88);\"><strong>Inviter velstand og held ind i dine omgivelser med Money Cat Tube Backflow r\u00f8gelsesbr\u00e6nderen.<\/strong><\/span><\/p>\n<p><span style=\"color: rgb(75, 80, 88);\">Denne br\u00e6nder er fremstillet med et charmerende kattedesign og tilf\u00f8jer et legende element til dit rum. Den kaskaderende r\u00f8g, der symboliserer overflod, g\u00f8r den til et unikt og f\u00e6ngslende stykke, der kombinerer \u00e6stetik med positiv energi.<\/span><\/p>\n<p><span style=\"color: rgb(75, 80, 88);\">N\u00e5r du har t\u00e6ndt din r\u00f8gelseskegle, begynder den at ryge. R\u00f8gelsen er tungere end luft, og den falder dramatisk i hvirvler og snoninger, gennem hullet og ned over genstanden, for at samle sig i bunden. Det er utroligt at se p\u00e5 og meget afslappende.<\/span><\/p>\n<p><span style=\"color: rgb(75, 80, 88);\"><strong>Bem\u00e6rk venligst:<\/strong> For at skabe r\u00f8gkaskadeeffekten skal du bruge tilbagel\u00f8bende r\u00f8gelseskegler.<\/span><\/p>\n","protected":false},"excerpt":{"rendered":"<p>Inviter velstand og held ind i dine omgivelser med Money Cat Tube Backflow r\u00f8gelsesbr\u00e6nderen. Denne br\u00e6nder er fremstillet med et charmerende kattedesign og tilf\u00f8jer et legende element til dit rum. Den kaskaderende r\u00f8g, der symboliserer overflod, g\u00f8r den til et unikt og f\u00e6ngslende stykke, der kombinerer \u00e6stetik med positiv energi. N\u00e5r du har t\u00e6ndt din [&hellip;]<\/p>\n","protected":false},"featured_media":397132,"comment_status":"closed","ping_status":"open","template":"","meta":{"_angie_page":false},"product_brand":[],"product_cat":[5835,5836,5837],"product_tag":[],"class_list":{"0":"post-197455","1":"product","2":"type-product","3":"status-publish","4":"has-post-thumbnail","6":"product_cat-backflow-rogelsesbraendere","7":"product_cat-rogelse-og-rogelsesholdere","8":"product_cat-rogelsesholdere-og-rogelsesbraendere","9":"pa_collection-backflow-incense-burners-da","10":"pa_made-in-kina","12":"first","13":"instock","14":"purchasable","15":"product-type-simple"},"supplier_id":null,"supplier_sku":"BackF-71","barcode":null,"atum_controlled":true,"out_stock_date":null,"out_stock_threshold":null,"inheritable":false,"inbound_stock":null,"stock_on_hold":0,"sold_today":0,"sales_last_days":0,"reserved_stock":null,"customer_returns":null,"warehouse_damage":null,"lost_in_post":null,"other_logs":null,"out_stock_days":0,"lost_sales":0,"has_location":null,"update_date":"2026-04-27T06:53:02","atum_locations":[],"atum_stock_status":"instock","restock_status":false,"low_stock_amount":"","sales_update_date":"2026-01-30T01:26:33","calc_backorders":null,"_links":{"self":[{"href":"https:\/\/aromasentia.com\/da\/wp-json\/wp\/v2\/product\/197455","targetHints":{"allow":["GET"]}}],"collection":[{"href":"https:\/\/aromasentia.com\/da\/wp-json\/wp\/v2\/product"}],"about":[{"href":"https:\/\/aromasentia.com\/da\/wp-json\/wp\/v2\/types\/product"}],"replies":[{"embeddable":true,"href":"https:\/\/aromasentia.com\/da\/wp-json\/wp\/v2\/comments?post=197455"}],"version-history":[{"count":0,"href":"https:\/\/aromasentia.com\/da\/wp-json\/wp\/v2\/product\/197455\/revisions"}],"wp:featuredmedia":[{"embeddable":true,"href":"https:\/\/aromasentia.com\/da\/wp-json\/wp\/v2\/media\/397132"}],"wp:attachment":[{"href":"https:\/\/aromasentia.com\/da\/wp-json\/wp\/v2\/media?parent=197455"}],"wp:term":[{"taxonomy":"product_brand","embeddable":true,"href":"https:\/\/aromasentia.com\/da\/wp-json\/wp\/v2\/product_brand?post=197455"},{"taxonomy":"product_cat","embeddable":true,"href":"https:\/\/aromasentia.com\/da\/wp-json\/wp\/v2\/product_cat?post=197455"},{"taxonomy":"product_tag","embeddable":true,"href":"https:\/\/aromasentia.com\/da\/wp-json\/wp\/v2\/product_tag?post=197455"}],"curies":[{"name":"wp","href":"https:\/\/api.w.org\/{rel}","templated":true}]}}