{"id":197448,"date":"2025-03-23T10:29:38","date_gmt":"2025-03-23T10:29:38","guid":{"rendered":"https:\/\/aromasentia.com\/product\/backflow-incense-burner-weeping-skull-with-light\/"},"modified":"2025-06-22T03:03:03","modified_gmt":"2025-06-22T03:03:03","slug":"backflow-roegelsesbraender-weeping-skull-med-lys","status":"publish","type":"product","link":"https:\/\/aromasentia.com\/da\/backflow-roegelsesbraender-weeping-skull-med-lys\/","title":{"rendered":"Backflow R\u00f8gelsesbr\u00e6nder &#8211; Weeping Skull (med Lys)"},"content":{"rendered":"<p><span style=\"color: rgb(75, 80, 88);\"><strong>Backflow-r\u00f8gelsesbr\u00e6nderen<\/strong> er specielt designet til at skabe r\u00f8g, der kaskaderer nedad og str\u00f8mmer dramatisk ned ad t\u00e5rnet med en fantastisk effekt, der vil fange din kundes opm\u00e6rksomhed.<\/span><\/p>\n<p><span style=\"color: rgb(75, 80, 88);\">N\u00e5r du har t\u00e6ndt din r\u00f8gelseskegle, begynder den at ryge. R\u00f8gelsen er tungere end luft, og den falder dramatisk i hvirvler og snoninger, gennem hullet og ned over genstanden, for at samle sig i bunden. Det er utroligt at se p\u00e5 og meget afslappende.<\/span><\/p>\n<p><span style=\"color: rgb(75, 80, 88);\">For dem med en smag for det gotiske og mystiske, er <strong>Weeping Skull Backflow-r\u00f8gelsesbr\u00e6nderen<\/strong> et fantastisk valg. Et smukt detaljeret kranium, der f\u00e6lder &#8220;t\u00e5rer&#8221; af duftende r\u00f8g, tilf\u00f8jer et strejf af m\u00f8rk elegance til ethvert rum. Det er en samtalestarter og et unikt kunstv\u00e6rk for den makabre entusiast.<\/span><\/p>\n<p><span style=\"color: rgb(75, 80, 88);\"><strong>Bem\u00e6rk venligst: For at skabe r\u00f8gkaskadeeffekten skal du bruge tilbagel\u00f8bende r\u00f8gelseskegler.<\/strong><\/span><\/p>\n","protected":false},"excerpt":{"rendered":"<p>Backflow-r\u00f8gelsesbr\u00e6nderen er specielt designet til at skabe r\u00f8g, der kaskaderer nedad og str\u00f8mmer dramatisk ned ad t\u00e5rnet med en fantastisk effekt, der vil fange din kundes opm\u00e6rksomhed. N\u00e5r du har t\u00e6ndt din r\u00f8gelseskegle, begynder den at ryge. R\u00f8gelsen er tungere end luft, og den falder dramatisk i hvirvler og snoninger, gennem hullet og ned over [&hellip;]<\/p>\n","protected":false},"featured_media":397021,"comment_status":"closed","ping_status":"open","template":"","meta":{"_angie_page":false},"product_brand":[],"product_cat":[5835,5836,5837],"product_tag":[],"class_list":{"0":"post-197448","1":"product","2":"type-product","3":"status-publish","4":"has-post-thumbnail","6":"product_cat-backflow-rogelsesbraendere","7":"product_cat-rogelse-og-rogelsesholdere","8":"product_cat-rogelsesholdere-og-rogelsesbraendere","9":"pa_collection-backflow-incense-burners-da","10":"pa_made-in-kina","12":"first","13":"instock","14":"purchasable","15":"product-type-simple"},"supplier_id":null,"supplier_sku":"BackF-63","barcode":null,"atum_controlled":true,"out_stock_date":null,"out_stock_threshold":null,"inheritable":false,"inbound_stock":null,"stock_on_hold":0,"sold_today":0,"sales_last_days":0,"reserved_stock":null,"customer_returns":null,"warehouse_damage":null,"lost_in_post":null,"other_logs":null,"out_stock_days":0,"lost_sales":0,"has_location":null,"update_date":"2026-04-30T19:05:32","atum_locations":[],"atum_stock_status":"instock","restock_status":false,"low_stock_amount":"","sales_update_date":"2025-10-09T03:24:58","calc_backorders":null,"_links":{"self":[{"href":"https:\/\/aromasentia.com\/da\/wp-json\/wp\/v2\/product\/197448","targetHints":{"allow":["GET"]}}],"collection":[{"href":"https:\/\/aromasentia.com\/da\/wp-json\/wp\/v2\/product"}],"about":[{"href":"https:\/\/aromasentia.com\/da\/wp-json\/wp\/v2\/types\/product"}],"replies":[{"embeddable":true,"href":"https:\/\/aromasentia.com\/da\/wp-json\/wp\/v2\/comments?post=197448"}],"version-history":[{"count":0,"href":"https:\/\/aromasentia.com\/da\/wp-json\/wp\/v2\/product\/197448\/revisions"}],"wp:featuredmedia":[{"embeddable":true,"href":"https:\/\/aromasentia.com\/da\/wp-json\/wp\/v2\/media\/397021"}],"wp:attachment":[{"href":"https:\/\/aromasentia.com\/da\/wp-json\/wp\/v2\/media?parent=197448"}],"wp:term":[{"taxonomy":"product_brand","embeddable":true,"href":"https:\/\/aromasentia.com\/da\/wp-json\/wp\/v2\/product_brand?post=197448"},{"taxonomy":"product_cat","embeddable":true,"href":"https:\/\/aromasentia.com\/da\/wp-json\/wp\/v2\/product_cat?post=197448"},{"taxonomy":"product_tag","embeddable":true,"href":"https:\/\/aromasentia.com\/da\/wp-json\/wp\/v2\/product_tag?post=197448"}],"curies":[{"name":"wp","href":"https:\/\/api.w.org\/{rel}","templated":true}]}}