{"id":197444,"date":"2025-03-23T10:29:38","date_gmt":"2025-03-23T10:29:38","guid":{"rendered":"https:\/\/aromasentia.com\/product\/backflow-incense-burner-dolphin-wave\/"},"modified":"2025-06-22T03:03:02","modified_gmt":"2025-06-22T03:03:02","slug":"backflow-roegelsesbraender-dolphin-wave","status":"publish","type":"product","link":"https:\/\/aromasentia.com\/da\/backflow-roegelsesbraender-dolphin-wave\/","title":{"rendered":"Backflow R\u00f8gelsesbr\u00e6nder &#8211; Dolphin Wave"},"content":{"rendered":"<p><span style=\"color: rgb(75, 80, 88);\"><strong>Backflow-r\u00f8gelsesbr\u00e6nderen<\/strong> er specielt designet til at skabe r\u00f8g, der kaskaderer nedad og str\u00f8mmer dramatisk ned ad t\u00e5rnet med en fantastisk effekt, der vil fange din kundes opm\u00e6rksomhed.<\/span><\/p>\n<p><span style=\"color: rgb(75, 80, 88);\">N\u00e5r du har t\u00e6ndt din r\u00f8gelseskegle, begynder den at ryge. R\u00f8gelsen er tungere end luft, og den falder dramatisk i hvirvler og snoninger, gennem hullet og ned over genstanden, for at samle sig i bunden. Det er utroligt at se p\u00e5 og meget afslappende.<\/span><\/p>\n<p><span style=\"color: rgb(75, 80, 88);\">Dyk ned i en verden af ro med <strong>Dolphin Wave Backflow-r\u00f8gelsesbr\u00e6nderen<\/strong>. Denne br\u00e6nder er fremstillet med uds\u00f8gte detaljer og har tre majest\u00e6tiske delfiner, der rider p\u00e5 en blid b\u00f8lge. N\u00e5r den duftende r\u00f8gelseskegle br\u00e6nder, skabes en fascinerende vandfaldseffekt, der fremkalder havets beroligende ro. Perfekt til dem, der s\u00f8ger et strejf af maritim magi i deres rum.<\/span><\/p>\n<p><span style=\"color: rgb(75, 80, 88);\"><strong>Bem\u00e6rk: For at skabe r\u00f8gkaskadeeffekten skal du bruge tilbagel\u00f8bsr\u00f8gelseskegler.<\/strong><\/span><\/p>\n","protected":false},"excerpt":{"rendered":"<p>Backflow-r\u00f8gelsesbr\u00e6nderen er specielt designet til at skabe r\u00f8g, der kaskaderer nedad og str\u00f8mmer dramatisk ned ad t\u00e5rnet med en fantastisk effekt, der vil fange din kundes opm\u00e6rksomhed. N\u00e5r du har t\u00e6ndt din r\u00f8gelseskegle, begynder den at ryge. R\u00f8gelsen er tungere end luft, og den falder dramatisk i hvirvler og snoninger, gennem hullet og ned over [&hellip;]<\/p>\n","protected":false},"featured_media":396969,"comment_status":"closed","ping_status":"open","template":"","meta":[],"product_brand":[],"product_cat":[5835,5836,5837],"product_tag":[],"class_list":{"0":"post-197444","1":"product","2":"type-product","3":"status-publish","4":"has-post-thumbnail","6":"product_cat-backflow-rogelsesbraendere","7":"product_cat-rogelse-og-rogelsesholdere","8":"product_cat-rogelsesholdere-og-rogelsesbraendere","9":"pa_collection-backflow-incense-burners-da","10":"pa_made-in-kina","12":"first","13":"instock","14":"purchasable","15":"product-type-simple"},"supplier_id":null,"supplier_sku":"BackF-59","barcode":null,"atum_controlled":true,"out_stock_date":null,"out_stock_threshold":null,"inheritable":false,"inbound_stock":null,"stock_on_hold":0,"sold_today":0,"sales_last_days":0,"reserved_stock":null,"customer_returns":null,"warehouse_damage":null,"lost_in_post":null,"other_logs":null,"out_stock_days":0,"lost_sales":0,"has_location":null,"update_date":"2026-01-30T01:24:21","atum_locations":[],"atum_stock_status":"instock","restock_status":false,"low_stock_amount":"","sales_update_date":"2026-01-30T01:24:21","calc_backorders":null,"_links":{"self":[{"href":"https:\/\/aromasentia.com\/da\/wp-json\/wp\/v2\/product\/197444","targetHints":{"allow":["GET"]}}],"collection":[{"href":"https:\/\/aromasentia.com\/da\/wp-json\/wp\/v2\/product"}],"about":[{"href":"https:\/\/aromasentia.com\/da\/wp-json\/wp\/v2\/types\/product"}],"replies":[{"embeddable":true,"href":"https:\/\/aromasentia.com\/da\/wp-json\/wp\/v2\/comments?post=197444"}],"version-history":[{"count":0,"href":"https:\/\/aromasentia.com\/da\/wp-json\/wp\/v2\/product\/197444\/revisions"}],"wp:featuredmedia":[{"embeddable":true,"href":"https:\/\/aromasentia.com\/da\/wp-json\/wp\/v2\/media\/396969"}],"wp:attachment":[{"href":"https:\/\/aromasentia.com\/da\/wp-json\/wp\/v2\/media?parent=197444"}],"wp:term":[{"taxonomy":"product_brand","embeddable":true,"href":"https:\/\/aromasentia.com\/da\/wp-json\/wp\/v2\/product_brand?post=197444"},{"taxonomy":"product_cat","embeddable":true,"href":"https:\/\/aromasentia.com\/da\/wp-json\/wp\/v2\/product_cat?post=197444"},{"taxonomy":"product_tag","embeddable":true,"href":"https:\/\/aromasentia.com\/da\/wp-json\/wp\/v2\/product_tag?post=197444"}],"curies":[{"name":"wp","href":"https:\/\/api.w.org\/{rel}","templated":true}]}}