{"id":197437,"date":"2025-03-23T10:29:38","date_gmt":"2025-03-23T10:29:38","guid":{"rendered":"https:\/\/aromasentia.com\/product\/backflow-incense-burner-dragon-in-mountain\/"},"modified":"2025-06-22T03:02:57","modified_gmt":"2025-06-22T03:02:57","slug":"roegelsesbraender-med-backflow-drage-i-bjerg","status":"publish","type":"product","link":"https:\/\/aromasentia.com\/da\/roegelsesbraender-med-backflow-drage-i-bjerg\/","title":{"rendered":"R\u00f8gelsesbr\u00e6nder med Backflow &#8211; Drage I Bjerg"},"content":{"rendered":"<p>F\u00e5 ro i sindet og nyd synet af r\u00f8gen, der replikerer det j\u00e6vne, str\u00f8mmende vand, der kaskaderer ned ad disse smukt fremstillede br\u00e6ndere. <strong>Backflow Incense Burner Dragon i Mountain<\/strong> er specielt designet til at skabe r\u00f8g, der kaskaderer nedad. N\u00e5r Backflow Incense Keglen er t\u00e6ndt og placeret p\u00e5 det sted, der er designet til br\u00e6nderen, vil den skabe r\u00f8g, der str\u00f8mmer ned ad t\u00e5rnet med en fantastisk effekt, der vil fange alles opm\u00e6rksomhed.<\/p>\n<p>Bem\u00e6rk: For at skabe r\u00f8gkaskadeeffekten skal du bruge backflow r\u00f8gelseskegler.<\/p>\n","protected":false},"excerpt":{"rendered":"<p>F\u00e5 ro i sindet og nyd synet af r\u00f8gen, der replikerer det j\u00e6vne, str\u00f8mmende vand, der kaskaderer ned ad disse smukt fremstillede br\u00e6ndere. Backflow Incense Burner Dragon i Mountain er specielt designet til at skabe r\u00f8g, der kaskaderer nedad. N\u00e5r Backflow Incense Keglen er t\u00e6ndt og placeret p\u00e5 det sted, der er designet til br\u00e6nderen, [&hellip;]<\/p>\n","protected":false},"featured_media":396834,"comment_status":"closed","ping_status":"open","template":"","meta":[],"product_brand":[],"product_cat":[5835,5836,5837],"product_tag":[],"class_list":{"0":"post-197437","1":"product","2":"type-product","3":"status-publish","4":"has-post-thumbnail","6":"product_cat-backflow-rogelsesbraendere","7":"product_cat-rogelse-og-rogelsesholdere","8":"product_cat-rogelsesholdere-og-rogelsesbraendere","9":"pa_collection-backflow-incense-burners-da","10":"pa_made-in-kina","12":"first","13":"instock","14":"purchasable","15":"product-type-simple"},"supplier_id":null,"supplier_sku":"BackF-13A","barcode":null,"atum_controlled":true,"out_stock_date":null,"out_stock_threshold":null,"inheritable":false,"inbound_stock":null,"stock_on_hold":0,"sold_today":0,"sales_last_days":0,"reserved_stock":null,"customer_returns":null,"warehouse_damage":null,"lost_in_post":null,"other_logs":null,"out_stock_days":0,"lost_sales":0,"has_location":null,"update_date":"2026-02-09T14:53:10","atum_locations":[],"atum_stock_status":"instock","restock_status":false,"low_stock_amount":"","sales_update_date":"2026-02-06T00:01:38","calc_backorders":null,"_links":{"self":[{"href":"https:\/\/aromasentia.com\/da\/wp-json\/wp\/v2\/product\/197437","targetHints":{"allow":["GET"]}}],"collection":[{"href":"https:\/\/aromasentia.com\/da\/wp-json\/wp\/v2\/product"}],"about":[{"href":"https:\/\/aromasentia.com\/da\/wp-json\/wp\/v2\/types\/product"}],"replies":[{"embeddable":true,"href":"https:\/\/aromasentia.com\/da\/wp-json\/wp\/v2\/comments?post=197437"}],"version-history":[{"count":0,"href":"https:\/\/aromasentia.com\/da\/wp-json\/wp\/v2\/product\/197437\/revisions"}],"wp:featuredmedia":[{"embeddable":true,"href":"https:\/\/aromasentia.com\/da\/wp-json\/wp\/v2\/media\/396834"}],"wp:attachment":[{"href":"https:\/\/aromasentia.com\/da\/wp-json\/wp\/v2\/media?parent=197437"}],"wp:term":[{"taxonomy":"product_brand","embeddable":true,"href":"https:\/\/aromasentia.com\/da\/wp-json\/wp\/v2\/product_brand?post=197437"},{"taxonomy":"product_cat","embeddable":true,"href":"https:\/\/aromasentia.com\/da\/wp-json\/wp\/v2\/product_cat?post=197437"},{"taxonomy":"product_tag","embeddable":true,"href":"https:\/\/aromasentia.com\/da\/wp-json\/wp\/v2\/product_tag?post=197437"}],"curies":[{"name":"wp","href":"https:\/\/api.w.org\/{rel}","templated":true}]}}