{"id":197409,"date":"2025-03-23T10:30:55","date_gmt":"2025-03-23T10:30:55","guid":{"rendered":"https:\/\/aromasentia.com\/product\/palo-santo-large-incense-sticks-eucalyptus\/"},"modified":"2025-06-22T03:02:43","modified_gmt":"2025-06-22T03:02:43","slug":"palo-santo-store-roegelsespinde-eukalyptus","status":"publish","type":"product","link":"https:\/\/aromasentia.com\/da\/palo-santo-store-roegelsespinde-eukalyptus\/","title":{"rendered":"Palo Santo Store R\u00f8gelsespinde &#8211; Eukalyptus"},"content":{"rendered":"<p>Disse <strong>Aroma Sentia-ing Artisan Palo Santo Store R\u00f8gelsespinde &#8211; Eukalyptus<\/strong>er smukt pakket i en kraftpapirkuvert, der vil tiltr\u00e6kke dine kunders opm\u00e6rksomhed. Palo Santo betyder bogstaveligt talt helligt tr\u00e6. Tilf\u00f8j til din portef\u00f8lje, bestil nu og rens dit hjem med r\u00f8gen fra denne r\u00f8gelse.<\/p>\n<p><strong><span style=\"color: rgb(184, 49, 47);\">* 1 pakke indeholder 4 r\u00f8gelsespinde *<\/span><\/strong><\/p>\n<p><span style=\"color: rgb(0, 0, 0);\"><strong>Bestil nu og bring helligt tr\u00e6 til dine kunders hjem.<\/strong><\/span><\/p>\n","protected":false},"excerpt":{"rendered":"<p>Disse Aroma Sentia-ing Artisan Palo Santo Store R\u00f8gelsespinde &#8211; Eukalyptuser smukt pakket i en kraftpapirkuvert, der vil tiltr\u00e6kke dine kunders opm\u00e6rksomhed. Palo Santo betyder bogstaveligt talt helligt tr\u00e6. Tilf\u00f8j til din portef\u00f8lje, bestil nu og rens dit hjem med r\u00f8gen fra denne r\u00f8gelse. * 1 pakke indeholder 4 r\u00f8gelsespinde * Bestil nu og bring helligt [&hellip;]<\/p>\n","protected":false},"featured_media":642694,"comment_status":"closed","ping_status":"open","template":"","meta":{"_angie_page":false},"product_brand":[],"product_cat":[25839,25945,26865,25974,5836,5847,26893],"product_tag":[],"class_list":{"0":"post-197409","1":"product","2":"type-product","3":"status-publish","4":"has-post-thumbnail","6":"product_cat-dufte-aromaer","7":"product_cat-eukalyptus","8":"product_cat-medicinsk-kamferagtig","9":"product_cat-palo-santo-scents-aromas","10":"product_cat-rogelse-og-rogelsesholdere","11":"product_cat-rogelsespinde","12":"product_cat-traeagtig","13":"pa_collection-palo-santo-large-incense-sticks-da","14":"pa_made-in-peru","16":"first","17":"instock","18":"purchasable","19":"product-type-simple"},"supplier_id":null,"supplier_sku":"MSantoI-14","barcode":null,"atum_controlled":true,"out_stock_date":null,"out_stock_threshold":null,"inheritable":false,"inbound_stock":null,"stock_on_hold":0,"sold_today":0,"sales_last_days":0,"reserved_stock":null,"customer_returns":null,"warehouse_damage":null,"lost_in_post":null,"other_logs":null,"out_stock_days":0,"lost_sales":0,"has_location":null,"update_date":"2026-04-27T07:14:01","atum_locations":[],"atum_stock_status":"instock","restock_status":false,"low_stock_amount":"","sales_update_date":"2026-02-06T00:02:34","calc_backorders":null,"_links":{"self":[{"href":"https:\/\/aromasentia.com\/da\/wp-json\/wp\/v2\/product\/197409","targetHints":{"allow":["GET"]}}],"collection":[{"href":"https:\/\/aromasentia.com\/da\/wp-json\/wp\/v2\/product"}],"about":[{"href":"https:\/\/aromasentia.com\/da\/wp-json\/wp\/v2\/types\/product"}],"replies":[{"embeddable":true,"href":"https:\/\/aromasentia.com\/da\/wp-json\/wp\/v2\/comments?post=197409"}],"version-history":[{"count":0,"href":"https:\/\/aromasentia.com\/da\/wp-json\/wp\/v2\/product\/197409\/revisions"}],"wp:featuredmedia":[{"embeddable":true,"href":"https:\/\/aromasentia.com\/da\/wp-json\/wp\/v2\/media\/642694"}],"wp:attachment":[{"href":"https:\/\/aromasentia.com\/da\/wp-json\/wp\/v2\/media?parent=197409"}],"wp:term":[{"taxonomy":"product_brand","embeddable":true,"href":"https:\/\/aromasentia.com\/da\/wp-json\/wp\/v2\/product_brand?post=197409"},{"taxonomy":"product_cat","embeddable":true,"href":"https:\/\/aromasentia.com\/da\/wp-json\/wp\/v2\/product_cat?post=197409"},{"taxonomy":"product_tag","embeddable":true,"href":"https:\/\/aromasentia.com\/da\/wp-json\/wp\/v2\/product_tag?post=197409"}],"curies":[{"name":"wp","href":"https:\/\/api.w.org\/{rel}","templated":true}]}}