{"id":197401,"date":"2025-03-23T10:30:55","date_gmt":"2025-03-23T10:30:55","guid":{"rendered":"https:\/\/aromasentia.com\/product\/smudge-stick-white-sage-ginger-and-cedar\/"},"modified":"2025-06-22T03:02:38","modified_gmt":"2025-06-22T03:02:38","slug":"smudge-stick-hvid-salvie-ingefaer-og-cedertrae","status":"publish","type":"product","link":"https:\/\/aromasentia.com\/da\/smudge-stick-hvid-salvie-ingefaer-og-cedertrae\/","title":{"rendered":"Smudge Stick &#8211; Hvid Salvie, Ingef\u00e6r Og Cedertr\u00e6"},"content":{"rendered":"<p>Vi introducerer vores <strong>grossist-smudge stick<\/strong> med en kraftfuld kombination af <strong>hvid salvie, ingef\u00e6r og cedertr\u00e6<\/strong>. Denne smudge stick er perfekt til dem, der \u00f8nsker at rense deres hjem eller rum, forbedre deres meditationspraksis eller blot nyde den beroligende og lindrende aroma af hvid salvie, ingef\u00e6r og cedertr\u00e6.<\/p>\n<p><strong><em>Hvid salvie<\/em><\/strong> er blevet brugt i \u00e5rhundreder af oprindelige samfund i Nordamerika til spirituelle og medicinske form\u00e5l. Den menes at have rensende egenskaber, der kan hj\u00e6lpe med at fjerne negativ energi, rense luften og fremme det generelle velbefindende. <strong><em>Ingwer<\/em><\/strong> er et popul\u00e6rt krydderi, der er blevet brugt i tusindvis af \u00e5r for sine antiinflammatoriske og antioxidante egenskaber samt sin evne til at berolige sind og krop. <strong><em>Cedertr\u00e6<\/em><\/strong> er et helligt tr\u00e6, der er blevet brugt af mange oprindelige kulturer for sine rensende og jordforbindelse egenskaber.<\/p>\n<p>Vores White Sage, Ginger and Cedar Smudge Stick er perfekt til alle, der leder efter en unik og kraftfuld smudge stick til at indarbejde i deres spirituelle praksis. Ved regelm\u00e6ssig brug kan du opleve en dybere forbindelse til din spiritualitet og en st\u00f8rre f\u00f8lelse af beskyttelse og velv\u00e6re.<\/p>\n<p>Uanset om du er spirituel praktiker, wellness-entusiast eller blot leder efter en naturlig m\u00e5de at opfriske dit rum p\u00e5, er vores Smudge Stick det perfekte valg.&nbsp;<\/p>\n","protected":false},"excerpt":{"rendered":"<p>Vi introducerer vores grossist-smudge stick med en kraftfuld kombination af hvid salvie, ingef\u00e6r og cedertr\u00e6. Denne smudge stick er perfekt til dem, der \u00f8nsker at rense deres hjem eller rum, forbedre deres meditationspraksis eller blot nyde den beroligende og lindrende aroma af hvid salvie, ingef\u00e6r og cedertr\u00e6. Hvid salvie er blevet brugt i \u00e5rhundreder af [&hellip;]<\/p>\n","protected":false},"featured_media":406212,"comment_status":"closed","ping_status":"open","template":"","meta":{"_angie_page":false},"product_brand":[],"product_cat":[25839,26461,25949,26886,5836,25815,26858],"product_tag":[],"class_list":{"0":"post-197401","1":"product","2":"type-product","3":"status-publish","4":"has-post-thumbnail","6":"product_cat-dufte-aromaer","7":"product_cat-hvid-salvie","8":"product_cat-ingefaer-dufte-aromaer","9":"product_cat-krydret","10":"product_cat-rogelse-og-rogelsesholdere","11":"product_cat-smudge-sticks","12":"product_cat-urte-aromatisk","13":"pa_collection-wrapped-smudge-sticks-da","14":"pa_made-in-mexico","16":"first","17":"instock","18":"purchasable","19":"product-type-simple"},"supplier_id":null,"supplier_sku":"MSage-60","barcode":null,"atum_controlled":true,"out_stock_date":null,"out_stock_threshold":null,"inheritable":false,"inbound_stock":null,"stock_on_hold":0,"sold_today":0,"sales_last_days":0,"reserved_stock":null,"customer_returns":null,"warehouse_damage":null,"lost_in_post":null,"other_logs":null,"out_stock_days":0,"lost_sales":0,"has_location":null,"update_date":"2026-04-27T07:14:01","atum_locations":[],"atum_stock_status":"instock","restock_status":false,"low_stock_amount":"","sales_update_date":"2025-09-03T00:19:07","calc_backorders":null,"_links":{"self":[{"href":"https:\/\/aromasentia.com\/da\/wp-json\/wp\/v2\/product\/197401","targetHints":{"allow":["GET"]}}],"collection":[{"href":"https:\/\/aromasentia.com\/da\/wp-json\/wp\/v2\/product"}],"about":[{"href":"https:\/\/aromasentia.com\/da\/wp-json\/wp\/v2\/types\/product"}],"replies":[{"embeddable":true,"href":"https:\/\/aromasentia.com\/da\/wp-json\/wp\/v2\/comments?post=197401"}],"version-history":[{"count":0,"href":"https:\/\/aromasentia.com\/da\/wp-json\/wp\/v2\/product\/197401\/revisions"}],"wp:featuredmedia":[{"embeddable":true,"href":"https:\/\/aromasentia.com\/da\/wp-json\/wp\/v2\/media\/406212"}],"wp:attachment":[{"href":"https:\/\/aromasentia.com\/da\/wp-json\/wp\/v2\/media?parent=197401"}],"wp:term":[{"taxonomy":"product_brand","embeddable":true,"href":"https:\/\/aromasentia.com\/da\/wp-json\/wp\/v2\/product_brand?post=197401"},{"taxonomy":"product_cat","embeddable":true,"href":"https:\/\/aromasentia.com\/da\/wp-json\/wp\/v2\/product_cat?post=197401"},{"taxonomy":"product_tag","embeddable":true,"href":"https:\/\/aromasentia.com\/da\/wp-json\/wp\/v2\/product_tag?post=197401"}],"curies":[{"name":"wp","href":"https:\/\/api.w.org\/{rel}","templated":true}]}}