{"id":197400,"date":"2025-03-23T10:30:55","date_gmt":"2025-03-23T10:30:55","guid":{"rendered":"https:\/\/aromasentia.com\/product\/polished-aluminium-tree-of-life-incense-holder-10cm\/"},"modified":"2025-06-22T03:02:37","modified_gmt":"2025-06-22T03:02:37","slug":"roegelsesholder-livets-trae-i-poleret-aluminium-10cm","status":"publish","type":"product","link":"https:\/\/aromasentia.com\/da\/roegelsesholder-livets-trae-i-poleret-aluminium-10cm\/","title":{"rendered":"R\u00f8gelsesholder Livets Tr\u00e6 I Poleret Aluminium, 10cm"},"content":{"rendered":"<p><strong>Grossistparti af livets tr\u00e6-r\u00f8gelsesholdere i poleret aluminium, <\/strong>direkte importeret fra Indien. Disse smukke r\u00f8gelsesholdere er 10 cm h\u00f8je og er en stilfuld m\u00e5de at br\u00e6nde dine yndlingsr\u00f8gelsespinde p\u00e5. <strong>Livets tr\u00e6-symbolet repr\u00e6senterer v\u00e6kst, forbindelse og \u00e5ndelig jordforbindelse<\/strong>, hvilket g\u00f8r denne r\u00f8gelsesholder til en perfekt tilf\u00f8jelse til enhver samling af boligindretning eller yogastudie.<\/p>\n<p>Funktioner:&nbsp;<\/p>\n<p><strong>Livets tr\u00e6-design<\/strong>: Et universelt symbol p\u00e5 v\u00e6kst, forbindelse og \u00e5ndelig forankring.<\/p>\n<p><strong>Poleret aluminium:<\/strong> Fremstillet af aluminium i h\u00f8j kvalitet med en smuk og reflekterende finish.<\/p>\n<p><strong>Kompakt st\u00f8rrelse (10 cm)<\/strong>: Perfekt st\u00f8rrelse til skriveborde, sideborde eller meditationsrum.<\/p>\n<p><strong>Ideal gave:<\/strong> En meningsfuld gave til alle, der s\u00e6tter pris p\u00e5 yoga, meditation eller spirituel symbolik.<\/p>\n<p>Fordele:<\/p>\n<p><strong>Fremmer f\u00f8lelser af fred og ro.<\/strong><\/p>\n<p>Br\u00e6nder r\u00f8gelsespinde. <strong>Aluminiumskonstruktion af h\u00f8j kvalitet for langvarig sk\u00f8nhed.<\/strong><\/p>\n<p><\/p>\n<p><strong>Transformer dit kunderum til et fredeligt fristed. Bestil engros r\u00f8gelsesholdere i poleret aluminium i dag! <br \/><\/strong><\/p>\n","protected":false},"excerpt":{"rendered":"<p>Grossistparti af livets tr\u00e6-r\u00f8gelsesholdere i poleret aluminium, direkte importeret fra Indien. Disse smukke r\u00f8gelsesholdere er 10 cm h\u00f8je og er en stilfuld m\u00e5de at br\u00e6nde dine yndlingsr\u00f8gelsespinde p\u00e5. Livets tr\u00e6-symbolet repr\u00e6senterer v\u00e6kst, forbindelse og \u00e5ndelig jordforbindelse, hvilket g\u00f8r denne r\u00f8gelsesholder til en perfekt tilf\u00f8jelse til enhver samling af boligindretning eller yogastudie. Funktioner:&nbsp; Livets tr\u00e6-design: Et [&hellip;]<\/p>\n","protected":false},"featured_media":407277,"comment_status":"closed","ping_status":"open","template":"","meta":{"_angie_page":false},"product_brand":[],"product_cat":[5836,5840,5837],"product_tag":[],"class_list":{"0":"post-197400","1":"product","2":"type-product","3":"status-publish","4":"has-post-thumbnail","6":"product_cat-rogelse-og-rogelsesholdere","7":"product_cat-rogelsesbraendere","8":"product_cat-rogelsesholdere-og-rogelsesbraendere","9":"pa_collection-polished-aluminium-incense-holders-da","10":"pa_made-in-indien","12":"first","13":"instock","14":"purchasable","15":"product-type-simple"},"supplier_id":null,"supplier_sku":"PAIH-05","barcode":null,"atum_controlled":true,"out_stock_date":null,"out_stock_threshold":null,"inheritable":false,"inbound_stock":null,"stock_on_hold":0,"sold_today":0,"sales_last_days":0,"reserved_stock":null,"customer_returns":null,"warehouse_damage":null,"lost_in_post":null,"other_logs":null,"out_stock_days":0,"lost_sales":0,"has_location":null,"update_date":"2026-04-27T07:17:28","atum_locations":[],"atum_stock_status":"instock","restock_status":false,"low_stock_amount":"","sales_update_date":"2025-09-03T00:19:06","calc_backorders":null,"_links":{"self":[{"href":"https:\/\/aromasentia.com\/da\/wp-json\/wp\/v2\/product\/197400","targetHints":{"allow":["GET"]}}],"collection":[{"href":"https:\/\/aromasentia.com\/da\/wp-json\/wp\/v2\/product"}],"about":[{"href":"https:\/\/aromasentia.com\/da\/wp-json\/wp\/v2\/types\/product"}],"replies":[{"embeddable":true,"href":"https:\/\/aromasentia.com\/da\/wp-json\/wp\/v2\/comments?post=197400"}],"version-history":[{"count":0,"href":"https:\/\/aromasentia.com\/da\/wp-json\/wp\/v2\/product\/197400\/revisions"}],"wp:featuredmedia":[{"embeddable":true,"href":"https:\/\/aromasentia.com\/da\/wp-json\/wp\/v2\/media\/407277"}],"wp:attachment":[{"href":"https:\/\/aromasentia.com\/da\/wp-json\/wp\/v2\/media?parent=197400"}],"wp:term":[{"taxonomy":"product_brand","embeddable":true,"href":"https:\/\/aromasentia.com\/da\/wp-json\/wp\/v2\/product_brand?post=197400"},{"taxonomy":"product_cat","embeddable":true,"href":"https:\/\/aromasentia.com\/da\/wp-json\/wp\/v2\/product_cat?post=197400"},{"taxonomy":"product_tag","embeddable":true,"href":"https:\/\/aromasentia.com\/da\/wp-json\/wp\/v2\/product_tag?post=197400"}],"curies":[{"name":"wp","href":"https:\/\/api.w.org\/{rel}","templated":true}]}}