{"id":197399,"date":"2025-03-23T10:30:55","date_gmt":"2025-03-23T10:30:55","guid":{"rendered":"https:\/\/aromasentia.com\/product\/polished-aluminium-tibetan-symbols-incense-holder-12cm\/"},"modified":"2025-06-22T03:02:37","modified_gmt":"2025-06-22T03:02:37","slug":"roegelsesholder-tibetanske-symboler-i-poleret-aluminium-12-cm","status":"publish","type":"product","link":"https:\/\/aromasentia.com\/da\/roegelsesholder-tibetanske-symboler-i-poleret-aluminium-12-cm\/","title":{"rendered":"R\u00f8gelsesholder Tibetanske Symboler I Poleret Aluminium, 12 cm"},"content":{"rendered":"<p><strong>Wholesale Tibetan Symbols Incense Holder<\/strong>, h\u00e5ndlavede og polerede r\u00f8gelsesholdere i aluminium med tibetanske symboler, direkte importeret fra Indien. Disse smukke r\u00f8gelsesholdere m\u00e5ler 12 cm i h\u00f8jden og er en unik og stilfuld m\u00e5de at br\u00e6nde dine yndlingsr\u00f8gelsespinde eller -kegler (med flad bund) p\u00e5. &nbsp;De n\u00f8jagtige symboler varierer, men omfatter ofte lykkeknuder, endel\u00f8se knuder og andre spirituelle motiver. Disse r\u00f8gelsesholdere er en perfekt m\u00e5de at tilf\u00f8je et strejf af <strong>Zen til ethvert hjem eller studie.&nbsp;<\/strong><\/p>\n<p>Funktioner:&nbsp;<\/p>\n<p><strong>Tibetansk symboldesign: Varierer, men har ofte heldige knuder, endel\u00f8se knuder og andre spirituelle motiver.&nbsp;<\/p>\n<p><strong>Poleret aluminium<\/strong>: Fremstillet af aluminium i h\u00f8j kvalitet med en smuk og reflekterende finish.&nbsp;<\/p>\n<p><strong>Stor st\u00f8rrelse (12 cm):&nbsp;<\/strong>Rummer de fleste standard r\u00f8gelsespinde og -kegler. Alsidig&nbsp;<\/p>\n<p>Fordele:&nbsp;<\/p>\n<p><strong>F\u00f8jer et strejf af elegance og spirituel symbolik til ethvert rum.&nbsp;<\/strong><\/p>\n<p><strong>Fremmer en f\u00f8lelse af fred og ro.&nbsp;<\/strong><\/p>\n<p><strong>Br\u00e6nder r\u00f8gelsespinde og -kegler.<\/strong><\/p>\n<p><strong>Aluminiumskonstruktion i h\u00f8j kvalitet for langvarig sk\u00f8nhed.&nbsp;<\/strong><\/p>\n<p><\/p>\n<p><strong>Transformer dit kundeomr\u00e5de til et fredfyldt fristed. Bestil r\u00f8gelsesholdere i poleret aluminium i dag! <\/strong> <\/p>\n","protected":false},"excerpt":{"rendered":"<p>Wholesale Tibetan Symbols Incense Holder, h\u00e5ndlavede og polerede r\u00f8gelsesholdere i aluminium med tibetanske symboler, direkte importeret fra Indien. Disse smukke r\u00f8gelsesholdere m\u00e5ler 12 cm i h\u00f8jden og er en unik og stilfuld m\u00e5de at br\u00e6nde dine yndlingsr\u00f8gelsespinde eller -kegler (med flad bund) p\u00e5. &nbsp;De n\u00f8jagtige symboler varierer, men omfatter ofte lykkeknuder, endel\u00f8se knuder og andre [&hellip;]<\/p>\n","protected":false},"featured_media":407260,"comment_status":"closed","ping_status":"open","template":"","meta":{"_angie_page":false},"product_brand":[],"product_cat":[5836,5840,5837],"product_tag":[],"class_list":{"0":"post-197399","1":"product","2":"type-product","3":"status-publish","4":"has-post-thumbnail","6":"product_cat-rogelse-og-rogelsesholdere","7":"product_cat-rogelsesbraendere","8":"product_cat-rogelsesholdere-og-rogelsesbraendere","9":"pa_collection-polished-aluminium-incense-holders-da","10":"pa_made-in-indien","12":"first","13":"instock","14":"purchasable","15":"product-type-simple"},"supplier_id":null,"supplier_sku":"PAIH-04","barcode":null,"atum_controlled":true,"out_stock_date":null,"out_stock_threshold":null,"inheritable":false,"inbound_stock":null,"stock_on_hold":0,"sold_today":0,"sales_last_days":0,"reserved_stock":null,"customer_returns":null,"warehouse_damage":null,"lost_in_post":null,"other_logs":null,"out_stock_days":0,"lost_sales":0,"has_location":null,"update_date":"2026-04-27T07:17:28","atum_locations":[],"atum_stock_status":"instock","restock_status":false,"low_stock_amount":"","sales_update_date":"2026-01-30T01:26:03","calc_backorders":null,"_links":{"self":[{"href":"https:\/\/aromasentia.com\/da\/wp-json\/wp\/v2\/product\/197399","targetHints":{"allow":["GET"]}}],"collection":[{"href":"https:\/\/aromasentia.com\/da\/wp-json\/wp\/v2\/product"}],"about":[{"href":"https:\/\/aromasentia.com\/da\/wp-json\/wp\/v2\/types\/product"}],"replies":[{"embeddable":true,"href":"https:\/\/aromasentia.com\/da\/wp-json\/wp\/v2\/comments?post=197399"}],"version-history":[{"count":0,"href":"https:\/\/aromasentia.com\/da\/wp-json\/wp\/v2\/product\/197399\/revisions"}],"wp:featuredmedia":[{"embeddable":true,"href":"https:\/\/aromasentia.com\/da\/wp-json\/wp\/v2\/media\/407260"}],"wp:attachment":[{"href":"https:\/\/aromasentia.com\/da\/wp-json\/wp\/v2\/media?parent=197399"}],"wp:term":[{"taxonomy":"product_brand","embeddable":true,"href":"https:\/\/aromasentia.com\/da\/wp-json\/wp\/v2\/product_brand?post=197399"},{"taxonomy":"product_cat","embeddable":true,"href":"https:\/\/aromasentia.com\/da\/wp-json\/wp\/v2\/product_cat?post=197399"},{"taxonomy":"product_tag","embeddable":true,"href":"https:\/\/aromasentia.com\/da\/wp-json\/wp\/v2\/product_tag?post=197399"}],"curies":[{"name":"wp","href":"https:\/\/api.w.org\/{rel}","templated":true}]}}