{"id":197386,"date":"2025-03-23T10:30:55","date_gmt":"2025-03-23T10:30:55","guid":{"rendered":"https:\/\/aromasentia.com\/product\/namaste-mandala-masala-incense-sandalwood\/"},"modified":"2025-06-22T03:02:32","modified_gmt":"2025-06-22T03:02:32","slug":"namaste-mandala-masala-roegelse-sandeltrae","status":"publish","type":"product","link":"https:\/\/aromasentia.com\/da\/namaste-mandala-masala-roegelse-sandeltrae\/","title":{"rendered":"Namaste Mandala Masala R\u00f8gelse &#8211; Sandeltr\u00e6"},"content":{"rendered":"<p><strong><span style=\"color: rgb(75, 80, 88);\">Pr\u00e6senterer naturlige Namaste Masala r\u00f8gelsespinde&nbsp;<\/span><\/strong><span style=\"color: rgb(75, 80, 88);\">&#8211; en harmonisk blanding af tradition og duft, der transporterer dig til en verden af ro og fred. Disse r\u00f8gelsespinde er et vidnesbyrd om Indiens rige aromatiske arv, h\u00e5ndlavet til perfektion.&nbsp;<\/span><\/p>\n<p><span style=\"color: rgb(75, 80, 88);\">Udsmykket med indviklede mandalam\u00f8nstre tilf\u00f8jer disse \u00e6sker et strejf af elegance til dit inventar. Mandalaen, med sine geometriske indviklede detaljer, symboliserer enhed, harmoni og balance &#8211; principper, der giver genlyd i essensen af vores r\u00f8gelsespinde.<\/span><\/p>\n<p><span style=\"color: rgb(75, 80, 88);\"><strong>Sandeltr\u00e6 er en klassisk favorit kendt for sin tr\u00e6agtige, jordagtige aroma.<\/strong> Det er en duft, der har v\u00e6ret \u00e6ret i \u00e5rhundreder i spirituelle og meditative praksisser. Den varme, jordn\u00e6re duft af sandeltr\u00e6 hj\u00e6lper med at centrere sindet og forbedre fokus, hvilket g\u00f8r den perfekt til meditation og mindfulness.<\/span> <\/p>\n<p><span style=\"color: rgb(141, 186, 216);\"><strong>Opdag magien i Indiens aromatiske arv med hver pind.<\/strong><\/span><\/p>\n","protected":false},"excerpt":{"rendered":"<p>Pr\u00e6senterer naturlige Namaste Masala r\u00f8gelsespinde&nbsp;&#8211; en harmonisk blanding af tradition og duft, der transporterer dig til en verden af ro og fred. Disse r\u00f8gelsespinde er et vidnesbyrd om Indiens rige aromatiske arv, h\u00e5ndlavet til perfektion.&nbsp; Udsmykket med indviklede mandalam\u00f8nstre tilf\u00f8jer disse \u00e6sker et strejf af elegance til dit inventar. Mandalaen, med sine geometriske indviklede detaljer, [&hellip;]<\/p>\n","protected":false},"featured_media":406839,"comment_status":"closed","ping_status":"open","template":"","meta":{"_angie_page":false},"product_brand":[27122],"product_cat":[25839,5836,5847,25990,26893],"product_tag":[],"class_list":{"0":"post-197386","1":"product","2":"type-product","3":"status-publish","4":"has-post-thumbnail","6":"product_brand-namaste-india-incense","7":"product_cat-dufte-aromaer","8":"product_cat-rogelse-og-rogelsesholdere","9":"product_cat-rogelsespinde","10":"product_cat-sandeltrae","11":"product_cat-traeagtig","12":"pa_collection-mandala-namaste-masala-incense-da","13":"pa_made-in-indien","15":"first","16":"instock","17":"purchasable","18":"product-type-simple"},"supplier_id":null,"supplier_sku":"NMMi-03","barcode":null,"atum_controlled":true,"out_stock_date":null,"out_stock_threshold":null,"inheritable":false,"inbound_stock":null,"stock_on_hold":0,"sold_today":0,"sales_last_days":0,"reserved_stock":null,"customer_returns":null,"warehouse_damage":null,"lost_in_post":null,"other_logs":null,"out_stock_days":0,"lost_sales":0,"has_location":null,"update_date":"2026-05-04T00:03:58","atum_locations":[],"atum_stock_status":"instock","restock_status":false,"low_stock_amount":"","sales_update_date":"2025-09-03T00:18:59","calc_backorders":null,"_links":{"self":[{"href":"https:\/\/aromasentia.com\/da\/wp-json\/wp\/v2\/product\/197386","targetHints":{"allow":["GET"]}}],"collection":[{"href":"https:\/\/aromasentia.com\/da\/wp-json\/wp\/v2\/product"}],"about":[{"href":"https:\/\/aromasentia.com\/da\/wp-json\/wp\/v2\/types\/product"}],"replies":[{"embeddable":true,"href":"https:\/\/aromasentia.com\/da\/wp-json\/wp\/v2\/comments?post=197386"}],"version-history":[{"count":0,"href":"https:\/\/aromasentia.com\/da\/wp-json\/wp\/v2\/product\/197386\/revisions"}],"wp:featuredmedia":[{"embeddable":true,"href":"https:\/\/aromasentia.com\/da\/wp-json\/wp\/v2\/media\/406839"}],"wp:attachment":[{"href":"https:\/\/aromasentia.com\/da\/wp-json\/wp\/v2\/media?parent=197386"}],"wp:term":[{"taxonomy":"product_brand","embeddable":true,"href":"https:\/\/aromasentia.com\/da\/wp-json\/wp\/v2\/product_brand?post=197386"},{"taxonomy":"product_cat","embeddable":true,"href":"https:\/\/aromasentia.com\/da\/wp-json\/wp\/v2\/product_cat?post=197386"},{"taxonomy":"product_tag","embeddable":true,"href":"https:\/\/aromasentia.com\/da\/wp-json\/wp\/v2\/product_tag?post=197386"}],"curies":[{"name":"wp","href":"https:\/\/api.w.org\/{rel}","templated":true}]}}