{"id":197379,"date":"2025-03-23T10:30:55","date_gmt":"2025-03-23T10:30:55","guid":{"rendered":"https:\/\/aromasentia.com\/product\/natural-botanical-masala-incense-patchouli\/"},"modified":"2025-06-22T03:02:27","modified_gmt":"2025-06-22T03:02:27","slug":"naturlig-botanisk-masala-roegelse-patchouli","status":"publish","type":"product","link":"https:\/\/aromasentia.com\/da\/naturlig-botanisk-masala-roegelse-patchouli\/","title":{"rendered":"Naturlig Botanisk Masala R\u00f8gelse &#8211; Patchouli"},"content":{"rendered":"<p><span style=\"color: rgb(75, 80, 88);\">Velkommen til en verden af ren, naturlig duftende lykke med <strong>Naturlige Botaniske Masala R\u00f8gelsespinde<\/strong>! Disse sm\u00e5 vidundere er fremstillet med k\u00e6rlighed og omhu i hjertet af Indien og er her for at fortrylle dine kunder og deres rum.<\/span><\/p>\n<p><span style=\"color: rgb(75, 80, 88);\"><strong>De blander naturlige urter og botaniske ingredienser i hver pind<\/strong>, hvilket sikrer en ensartet, f\u00e6ngslende duft, der fylder rummet med ro. Vores r\u00f8gelsespinde er lavet af <strong>\u00f8kologiske ingredienser<\/strong>, hvilket garanterer en ren og frisk br\u00e6nding. Derudover kan du v\u00e6re tryg ved at vide, at de er <strong>ikke testet p\u00e5 dyr<\/strong>.<\/span><\/p>\n<p><span style=\"color: rgb(75, 80, 88);\">Vores r\u00f8gelsespinde leveres i en elegant \u00e6ske, der ikke kun bevarer deres friskhed, men ogs\u00e5 ser fantastiske ud p\u00e5 enhver hylde. Den er praktisk og et kunstv\u00e6rk i sig selv.<\/span><\/p>\n<p><span style=\"color: rgb(75, 80, 88);\"><strong>S\u00e6lges i en attraktiv udstillings\u00e6ske med vindue, og hver pakke indeholder ca. 11 r\u00f8gelsespinde.<\/strong><\/span><\/p>\n<p><span style=\"color: rgb(75, 80, 88);\"><strong>Patchouli er en eksotisk og jordagtig duft med et strejf af s\u00f8dme.<\/strong> Den er rig og forf\u00f8rende, kendt for sine jordn\u00e6re og balancerende egenskaber.<\/span><\/p>\n<p><span style=\"color: rgb(141, 186, 216);\"><strong>Patchoulis duft forbindes ofte med sensualitet og kreativitet, hvilket g\u00f8r den til et popul\u00e6rt valg til at forbedre stemningen.<\/strong><\/span><\/p>\n","protected":false},"excerpt":{"rendered":"<p>Velkommen til en verden af ren, naturlig duftende lykke med Naturlige Botaniske Masala R\u00f8gelsespinde! Disse sm\u00e5 vidundere er fremstillet med k\u00e6rlighed og omhu i hjertet af Indien og er her for at fortrylle dine kunder og deres rum. De blander naturlige urter og botaniske ingredienser i hver pind, hvilket sikrer en ensartet, f\u00e6ngslende duft, der [&hellip;]<\/p>\n","protected":false},"featured_media":406544,"comment_status":"closed","ping_status":"open","template":"","meta":{"_angie_page":false},"product_brand":[27122],"product_cat":[25839,26823,25977,5836,5847],"product_tag":[],"class_list":{"0":"post-197379","1":"product","2":"type-product","3":"status-publish","4":"has-post-thumbnail","6":"product_brand-namaste-india-incense","7":"product_cat-dufte-aromaer","8":"product_cat-jordagtig-og-gron","9":"product_cat-patchouli","10":"product_cat-rogelse-og-rogelsesholdere","11":"product_cat-rogelsespinde","12":"pa_collection-botanical-natural-masala-incense-sticks-da","13":"pa_made-in-indien","15":"first","16":"instock","17":"purchasable","18":"product-type-simple"},"supplier_id":null,"supplier_sku":"NBoti-04","barcode":null,"atum_controlled":true,"out_stock_date":null,"out_stock_threshold":null,"inheritable":false,"inbound_stock":null,"stock_on_hold":0,"sold_today":0,"sales_last_days":0,"reserved_stock":null,"customer_returns":null,"warehouse_damage":null,"lost_in_post":null,"other_logs":null,"out_stock_days":0,"lost_sales":0,"has_location":null,"update_date":"2026-04-27T07:14:58","atum_locations":[],"atum_stock_status":"instock","restock_status":false,"low_stock_amount":"","sales_update_date":"2025-09-03T00:18:58","calc_backorders":null,"_links":{"self":[{"href":"https:\/\/aromasentia.com\/da\/wp-json\/wp\/v2\/product\/197379","targetHints":{"allow":["GET"]}}],"collection":[{"href":"https:\/\/aromasentia.com\/da\/wp-json\/wp\/v2\/product"}],"about":[{"href":"https:\/\/aromasentia.com\/da\/wp-json\/wp\/v2\/types\/product"}],"replies":[{"embeddable":true,"href":"https:\/\/aromasentia.com\/da\/wp-json\/wp\/v2\/comments?post=197379"}],"version-history":[{"count":0,"href":"https:\/\/aromasentia.com\/da\/wp-json\/wp\/v2\/product\/197379\/revisions"}],"wp:featuredmedia":[{"embeddable":true,"href":"https:\/\/aromasentia.com\/da\/wp-json\/wp\/v2\/media\/406544"}],"wp:attachment":[{"href":"https:\/\/aromasentia.com\/da\/wp-json\/wp\/v2\/media?parent=197379"}],"wp:term":[{"taxonomy":"product_brand","embeddable":true,"href":"https:\/\/aromasentia.com\/da\/wp-json\/wp\/v2\/product_brand?post=197379"},{"taxonomy":"product_cat","embeddable":true,"href":"https:\/\/aromasentia.com\/da\/wp-json\/wp\/v2\/product_cat?post=197379"},{"taxonomy":"product_tag","embeddable":true,"href":"https:\/\/aromasentia.com\/da\/wp-json\/wp\/v2\/product_tag?post=197379"}],"curies":[{"name":"wp","href":"https:\/\/api.w.org\/{rel}","templated":true}]}}