{"id":197374,"date":"2025-03-23T10:30:55","date_gmt":"2025-03-23T10:30:55","guid":{"rendered":"https:\/\/aromasentia.com\/product\/palo-santo-large-incense-sticks-lemongrass\/"},"modified":"2025-06-22T03:02:25","modified_gmt":"2025-06-22T03:02:25","slug":"palo-santo-store-roegelsespinde-citrongraes","status":"publish","type":"product","link":"https:\/\/aromasentia.com\/da\/palo-santo-store-roegelsespinde-citrongraes\/","title":{"rendered":"Palo Santo Store R\u00f8gelsespinde &#8211; Citrongr\u00e6s"},"content":{"rendered":"<p>Nyd den lyse og citrusagtige fusion af Palo Santo og citrongr\u00e6s i disse store r\u00f8gelsespinde. Det hellige tr\u00e6 fra Palo Santo kombineres med den forfriskende aroma fra citrongr\u00e6s og skaber en opl\u00f8ftende og rensende atmosf\u00e6re.<\/p>\n","protected":false},"excerpt":{"rendered":"<p>Nyd den lyse og citrusagtige fusion af Palo Santo og citrongr\u00e6s i disse store r\u00f8gelsespinde. Det hellige tr\u00e6 fra Palo Santo kombineres med den forfriskende aroma fra citrongr\u00e6s og skaber en opl\u00f8ftende og rensende atmosf\u00e6re.<\/p>\n","protected":false},"featured_media":406379,"comment_status":"closed","ping_status":"open","template":"","meta":{"_angie_page":false},"product_brand":[],"product_cat":[25961,26816,25839,25974,5836,5847,26893],"product_tag":[],"class_list":{"0":"post-197374","1":"product","2":"type-product","3":"status-publish","4":"has-post-thumbnail","6":"product_cat-citrongraes","7":"product_cat-citrus","8":"product_cat-dufte-aromaer","9":"product_cat-palo-santo-scents-aromas","10":"product_cat-rogelse-og-rogelsesholdere","11":"product_cat-rogelsespinde","12":"product_cat-traeagtig","13":"pa_collection-palo-santo-large-incense-sticks-da","14":"pa_made-in-peru","16":"first","17":"instock","18":"purchasable","19":"product-type-simple"},"supplier_id":null,"supplier_sku":"MSantoI-22","barcode":null,"atum_controlled":true,"out_stock_date":null,"out_stock_threshold":null,"inheritable":false,"inbound_stock":null,"stock_on_hold":0,"sold_today":0,"sales_last_days":0,"reserved_stock":null,"customer_returns":null,"warehouse_damage":null,"lost_in_post":null,"other_logs":null,"out_stock_days":0,"lost_sales":0,"has_location":null,"update_date":"2026-04-29T05:08:19","atum_locations":[],"atum_stock_status":"instock","restock_status":false,"low_stock_amount":"","sales_update_date":"2026-01-30T01:25:50","calc_backorders":null,"_links":{"self":[{"href":"https:\/\/aromasentia.com\/da\/wp-json\/wp\/v2\/product\/197374","targetHints":{"allow":["GET"]}}],"collection":[{"href":"https:\/\/aromasentia.com\/da\/wp-json\/wp\/v2\/product"}],"about":[{"href":"https:\/\/aromasentia.com\/da\/wp-json\/wp\/v2\/types\/product"}],"replies":[{"embeddable":true,"href":"https:\/\/aromasentia.com\/da\/wp-json\/wp\/v2\/comments?post=197374"}],"version-history":[{"count":0,"href":"https:\/\/aromasentia.com\/da\/wp-json\/wp\/v2\/product\/197374\/revisions"}],"wp:featuredmedia":[{"embeddable":true,"href":"https:\/\/aromasentia.com\/da\/wp-json\/wp\/v2\/media\/406379"}],"wp:attachment":[{"href":"https:\/\/aromasentia.com\/da\/wp-json\/wp\/v2\/media?parent=197374"}],"wp:term":[{"taxonomy":"product_brand","embeddable":true,"href":"https:\/\/aromasentia.com\/da\/wp-json\/wp\/v2\/product_brand?post=197374"},{"taxonomy":"product_cat","embeddable":true,"href":"https:\/\/aromasentia.com\/da\/wp-json\/wp\/v2\/product_cat?post=197374"},{"taxonomy":"product_tag","embeddable":true,"href":"https:\/\/aromasentia.com\/da\/wp-json\/wp\/v2\/product_tag?post=197374"}],"curies":[{"name":"wp","href":"https:\/\/api.w.org\/{rel}","templated":true}]}}