{"id":197373,"date":"2025-03-23T10:30:55","date_gmt":"2025-03-23T10:30:55","guid":{"rendered":"https:\/\/aromasentia.com\/product\/palo-santo-large-incense-sticks-peppermint\/"},"modified":"2025-06-22T03:02:25","modified_gmt":"2025-06-22T03:02:25","slug":"palo-santo-store-roegelsespinde-pebermynte","status":"publish","type":"product","link":"https:\/\/aromasentia.com\/da\/palo-santo-store-roegelsespinde-pebermynte\/","title":{"rendered":"Palo Santo Store R\u00f8gelsespinde &#8211; Pebermynte"},"content":{"rendered":"<p>Oplev den opl\u00f8ftende og forfriskende blanding af Palo Santo og pebermynte i disse store r\u00f8gelsespinde. Det hellige tr\u00e6 fra Palo Santo forst\u00e6rkes med den forfriskende aroma fra pebermynte, hvilket skaber en rensende og revitaliserende oplevelse.<\/p>\n","protected":false},"excerpt":{"rendered":"<p>Oplev den opl\u00f8ftende og forfriskende blanding af Palo Santo og pebermynte i disse store r\u00f8gelsespinde. Det hellige tr\u00e6 fra Palo Santo forst\u00e6rkes med den forfriskende aroma fra pebermynte, hvilket skaber en rensende og revitaliserende oplevelse.<\/p>\n","protected":false},"featured_media":642702,"comment_status":"closed","ping_status":"open","template":"","meta":[],"product_brand":[],"product_cat":[25839,26872,25974,25978,5836,5847,26893],"product_tag":[],"class_list":{"0":"post-197373","1":"product","2":"type-product","3":"status-publish","4":"has-post-thumbnail","6":"product_cat-dufte-aromaer","7":"product_cat-mynte","8":"product_cat-palo-santo-scents-aromas","9":"product_cat-pebermynte","10":"product_cat-rogelse-og-rogelsesholdere","11":"product_cat-rogelsespinde","12":"product_cat-traeagtig","13":"pa_collection-palo-santo-large-incense-sticks-da","14":"pa_made-in-peru","16":"first","17":"instock","18":"purchasable","19":"product-type-simple"},"supplier_id":null,"supplier_sku":"MSantoI-07","barcode":null,"atum_controlled":true,"out_stock_date":null,"out_stock_threshold":null,"inheritable":false,"inbound_stock":null,"stock_on_hold":0,"sold_today":0,"sales_last_days":0,"reserved_stock":null,"customer_returns":null,"warehouse_damage":null,"lost_in_post":null,"other_logs":null,"out_stock_days":0,"lost_sales":0,"has_location":null,"update_date":"2026-01-30T01:25:59","atum_locations":[],"atum_stock_status":"instock","restock_status":false,"low_stock_amount":"","sales_update_date":"2026-01-30T01:25:59","calc_backorders":null,"_links":{"self":[{"href":"https:\/\/aromasentia.com\/da\/wp-json\/wp\/v2\/product\/197373","targetHints":{"allow":["GET"]}}],"collection":[{"href":"https:\/\/aromasentia.com\/da\/wp-json\/wp\/v2\/product"}],"about":[{"href":"https:\/\/aromasentia.com\/da\/wp-json\/wp\/v2\/types\/product"}],"replies":[{"embeddable":true,"href":"https:\/\/aromasentia.com\/da\/wp-json\/wp\/v2\/comments?post=197373"}],"version-history":[{"count":0,"href":"https:\/\/aromasentia.com\/da\/wp-json\/wp\/v2\/product\/197373\/revisions"}],"wp:featuredmedia":[{"embeddable":true,"href":"https:\/\/aromasentia.com\/da\/wp-json\/wp\/v2\/media\/642702"}],"wp:attachment":[{"href":"https:\/\/aromasentia.com\/da\/wp-json\/wp\/v2\/media?parent=197373"}],"wp:term":[{"taxonomy":"product_brand","embeddable":true,"href":"https:\/\/aromasentia.com\/da\/wp-json\/wp\/v2\/product_brand?post=197373"},{"taxonomy":"product_cat","embeddable":true,"href":"https:\/\/aromasentia.com\/da\/wp-json\/wp\/v2\/product_cat?post=197373"},{"taxonomy":"product_tag","embeddable":true,"href":"https:\/\/aromasentia.com\/da\/wp-json\/wp\/v2\/product_tag?post=197373"}],"curies":[{"name":"wp","href":"https:\/\/api.w.org\/{rel}","templated":true}]}}