{"id":197359,"date":"2025-03-23T10:31:03","date_gmt":"2025-03-23T10:31:03","guid":{"rendered":"https:\/\/aromasentia.com\/product\/box-of-12-resin-cups-myrrh\/"},"modified":"2025-06-22T03:02:16","modified_gmt":"2025-06-22T03:02:16","slug":"aeske-med-12-kopper-af-harpiks-myrra","status":"publish","type":"product","link":"https:\/\/aromasentia.com\/da\/aeske-med-12-kopper-af-harpiks-myrra\/","title":{"rendered":"\u00c6ske med 12 Kopper Af Harpiks &#8211; myrra"},"content":{"rendered":"<p><span style=\"color: rgb(75, 80, 88);\">Duft dit hjem med disse <strong>Resin-kopper.<\/strong><\/span><\/p>\n<p><span style=\"color: rgb(75, 80, 88);\">En af de \u00e6ldste slags r\u00f8gelse og i pr\u00e6cis samme form som den, der blev brugt af de tre vise m\u00e6nd for to tusind \u00e5r siden. <strong>Dine kunder kan bogstaveligt talt genskabe \u00e6ldgammel aromatisk historie i deres egne hjem.<\/strong><\/span><\/p>\n<p>Ikke nok med det, men de dufter fantastisk, den r\u00f8gede aromatiske duft er vidunderligt stemningsfuld og beroligende. De kommer i en \u00e6ske med 12 klar til salg, i smuk emballage, der g\u00f8r dem unikke og ideelle til at markedsf\u00f8re dem som et gaves\u00e6t.<\/p>\n<p><span style=\"color: rgb(75, 80, 88);\"><strong>Anvendelse:<\/strong> T\u00e6nd kanten af r\u00f8gelsesritualkoppen, lad flammen br\u00e6nde, og pust forsigtigt flammen ud. Placer den p\u00e5 kopholderen. &nbsp;<\/span><\/p>\n<p><span style=\"color: rgb(141, 186, 216);\"><strong>Bestil i dag og f\u00e5 disse fantastisk duftende harpikskopper i din e-shop.<\/strong><\/span><\/p>\n<p>Bem\u00e6rk venligst: Ikke egnet til b\u00f8rn<\/p>\n","protected":false},"excerpt":{"rendered":"<p>Duft dit hjem med disse Resin-kopper. En af de \u00e6ldste slags r\u00f8gelse og i pr\u00e6cis samme form som den, der blev brugt af de tre vise m\u00e6nd for to tusind \u00e5r siden. Dine kunder kan bogstaveligt talt genskabe \u00e6ldgammel aromatisk historie i deres egne hjem. Ikke nok med det, men de dufter fantastisk, den r\u00f8gede [&hellip;]<\/p>\n","protected":false},"featured_media":408332,"comment_status":"closed","ping_status":"open","template":"","meta":{"_angie_page":false},"product_brand":[],"product_cat":[25839,26879,25968,5856,5836],"product_tag":[],"class_list":{"0":"post-197359","1":"product","2":"type-product","3":"status-publish","4":"has-post-thumbnail","6":"product_cat-dufte-aromaer","7":"product_cat-harpiksagtig-balsamisk","8":"product_cat-myrrh","9":"product_cat-resin-og-harpiks-rogelse","10":"product_cat-rogelse-og-rogelsesholdere","11":"pa_collection-resin-cups-da","12":"pa_made-in-indien","14":"first","15":"instock","16":"purchasable","17":"product-type-simple"},"supplier_id":null,"supplier_sku":"Rcup-03","barcode":null,"atum_controlled":true,"out_stock_date":null,"out_stock_threshold":null,"inheritable":false,"inbound_stock":null,"stock_on_hold":0,"sold_today":0,"sales_last_days":0,"reserved_stock":null,"customer_returns":null,"warehouse_damage":null,"lost_in_post":null,"other_logs":null,"out_stock_days":0,"lost_sales":0,"has_location":null,"update_date":"2026-04-27T07:19:10","atum_locations":[],"atum_stock_status":"instock","restock_status":false,"low_stock_amount":"","sales_update_date":"2025-09-03T00:18:54","calc_backorders":null,"_links":{"self":[{"href":"https:\/\/aromasentia.com\/da\/wp-json\/wp\/v2\/product\/197359","targetHints":{"allow":["GET"]}}],"collection":[{"href":"https:\/\/aromasentia.com\/da\/wp-json\/wp\/v2\/product"}],"about":[{"href":"https:\/\/aromasentia.com\/da\/wp-json\/wp\/v2\/types\/product"}],"replies":[{"embeddable":true,"href":"https:\/\/aromasentia.com\/da\/wp-json\/wp\/v2\/comments?post=197359"}],"version-history":[{"count":0,"href":"https:\/\/aromasentia.com\/da\/wp-json\/wp\/v2\/product\/197359\/revisions"}],"wp:featuredmedia":[{"embeddable":true,"href":"https:\/\/aromasentia.com\/da\/wp-json\/wp\/v2\/media\/408332"}],"wp:attachment":[{"href":"https:\/\/aromasentia.com\/da\/wp-json\/wp\/v2\/media?parent=197359"}],"wp:term":[{"taxonomy":"product_brand","embeddable":true,"href":"https:\/\/aromasentia.com\/da\/wp-json\/wp\/v2\/product_brand?post=197359"},{"taxonomy":"product_cat","embeddable":true,"href":"https:\/\/aromasentia.com\/da\/wp-json\/wp\/v2\/product_cat?post=197359"},{"taxonomy":"product_tag","embeddable":true,"href":"https:\/\/aromasentia.com\/da\/wp-json\/wp\/v2\/product_tag?post=197359"}],"curies":[{"name":"wp","href":"https:\/\/api.w.org\/{rel}","templated":true}]}}