{"id":197350,"date":"2025-03-23T10:31:03","date_gmt":"2025-03-23T10:31:03","guid":{"rendered":"https:\/\/aromasentia.com\/product\/wooden-smudge-and-ritual-offerings-bowl-three-moons-12x7cm\/"},"modified":"2025-06-22T03:02:13","modified_gmt":"2025-06-22T03:02:13","slug":"skaal-til-roegelse-i-trae-tre-maaner-12x7-cm","status":"publish","type":"product","link":"https:\/\/aromasentia.com\/da\/skaal-til-roegelse-i-trae-tre-maaner-12x7-cm\/","title":{"rendered":"Sk\u00e5l Til R\u00f8gelse I Tr\u00e6 &#8211; Tre m\u00e5ner &#8211; 12X7 cm"},"content":{"rendered":"<p>Sk\u00e5l til r\u00f8gelse og rituelle gaver i tr\u00e6 &#8211; Three Moons<\/p>\n<p>En tidl\u00f8s tilf\u00f8jelse til hellige rum, der problemfrit kombinerer funktionalitet med naturlig sk\u00f8nhed. Tr\u00e6ets organiske \u00e6stetik skaber en rolig og jordn\u00e6r atmosf\u00e6re, perfekt til at fremme en forbindelse med den \u00e5ndelige verden.<\/p>\n<p>Sk\u00e5lens st\u00f8rrelse sikrer alsidighed i brugen og kan rumme en r\u00e6kke forskellige smudging-urter, harpikser eller rituelle ofre. Uanset om den bruges til renselsesritualer, meditationspraksis eller som fokuspunkt p\u00e5 alteret, tilf\u00f8jer denne sk\u00e5l et strejf af naturinspireret elegance til ethvert milj\u00f8. Den glatte overflade sikrer nem tilberedning og en problemfri oplevelse, mens den holdbare konstruktion garanterer lang levetid.For detailhandlere, der \u00f8nsker at give deres kunder en unik og \u00e5ndeligt berigende oplevelse, er vores <strong>Wholesale Wooden Smudge and Ritual Offerings Bowl&#038;&nbsp;<\/strong>med <emulighed for at give dem en unik oplevelse.<\/strong>med <em>H<\/em><em>amsa, Buddha, Pentagram, Three Moons, Four Elements og Tree of Life<\/em>-design er det ideelle valg.<\/p>\n<p><strong>Tilbyd et produkt, der v\u00e6kker genklang hos enkeltpersoner p\u00e5 deres personlige rejse mod mindfulness og forbindelse.&nbsp;<\/strong><\/p>\n","protected":false},"excerpt":{"rendered":"<p>Sk\u00e5l til r\u00f8gelse og rituelle gaver i tr\u00e6 &#8211; Three Moons En tidl\u00f8s tilf\u00f8jelse til hellige rum, der problemfrit kombinerer funktionalitet med naturlig sk\u00f8nhed. Tr\u00e6ets organiske \u00e6stetik skaber en rolig og jordn\u00e6r atmosf\u00e6re, perfekt til at fremme en forbindelse med den \u00e5ndelige verden. Sk\u00e5lens st\u00f8rrelse sikrer alsidighed i brugen og kan rumme en r\u00e6kke forskellige [&hellip;]<\/p>\n","protected":false},"featured_media":408211,"comment_status":"closed","ping_status":"open","template":"","meta":[],"product_brand":[],"product_cat":[5836,5837],"product_tag":[],"class_list":{"0":"post-197350","1":"product","2":"type-product","3":"status-publish","4":"has-post-thumbnail","6":"product_cat-rogelse-og-rogelsesholdere","7":"product_cat-rogelsesholdere-og-rogelsesbraendere","8":"pa_collection-wooden-smudge-and-ritual-offering-bowls-da","9":"pa_made-in-indien","11":"first","12":"instock","13":"purchasable","14":"product-type-simple"},"supplier_id":null,"supplier_sku":"RBowl-06","barcode":null,"atum_controlled":true,"out_stock_date":null,"out_stock_threshold":null,"inheritable":false,"inbound_stock":null,"stock_on_hold":0,"sold_today":0,"sales_last_days":0,"reserved_stock":null,"customer_returns":null,"warehouse_damage":null,"lost_in_post":null,"other_logs":null,"out_stock_days":0,"lost_sales":0,"has_location":null,"update_date":"2026-01-30T01:26:03","atum_locations":[],"atum_stock_status":"instock","restock_status":false,"low_stock_amount":"","sales_update_date":"2026-01-30T01:26:03","calc_backorders":null,"_links":{"self":[{"href":"https:\/\/aromasentia.com\/da\/wp-json\/wp\/v2\/product\/197350","targetHints":{"allow":["GET"]}}],"collection":[{"href":"https:\/\/aromasentia.com\/da\/wp-json\/wp\/v2\/product"}],"about":[{"href":"https:\/\/aromasentia.com\/da\/wp-json\/wp\/v2\/types\/product"}],"replies":[{"embeddable":true,"href":"https:\/\/aromasentia.com\/da\/wp-json\/wp\/v2\/comments?post=197350"}],"version-history":[{"count":0,"href":"https:\/\/aromasentia.com\/da\/wp-json\/wp\/v2\/product\/197350\/revisions"}],"wp:featuredmedia":[{"embeddable":true,"href":"https:\/\/aromasentia.com\/da\/wp-json\/wp\/v2\/media\/408211"}],"wp:attachment":[{"href":"https:\/\/aromasentia.com\/da\/wp-json\/wp\/v2\/media?parent=197350"}],"wp:term":[{"taxonomy":"product_brand","embeddable":true,"href":"https:\/\/aromasentia.com\/da\/wp-json\/wp\/v2\/product_brand?post=197350"},{"taxonomy":"product_cat","embeddable":true,"href":"https:\/\/aromasentia.com\/da\/wp-json\/wp\/v2\/product_cat?post=197350"},{"taxonomy":"product_tag","embeddable":true,"href":"https:\/\/aromasentia.com\/da\/wp-json\/wp\/v2\/product_tag?post=197350"}],"curies":[{"name":"wp","href":"https:\/\/api.w.org\/{rel}","templated":true}]}}