{"id":197327,"date":"2025-03-23T10:31:03","date_gmt":"2025-03-23T10:31:03","guid":{"rendered":"https:\/\/aromasentia.com\/product\/polished-aluminum-seven-chakra-yoga-incense-holder-12x12cm\/"},"modified":"2025-06-22T03:02:01","modified_gmt":"2025-06-22T03:02:01","slug":"roegelsesholder-til-yoga-med-syv-chakraer-i-poleret-aluminium-12x12-cm","status":"publish","type":"product","link":"https:\/\/aromasentia.com\/da\/roegelsesholder-til-yoga-med-syv-chakraer-i-poleret-aluminium-12x12-cm\/","title":{"rendered":"R\u00f8gelsesholder Til Yoga med Syv Chakraer I Poleret Aluminium 12X12 cm"},"content":{"rendered":"<p><span style=\"color: rgb(75, 80, 88);\">Chakra-r\u00f8gelsesholderen m\u00e5ler 12&#215;12 cm og er fremstillet til at passe til standard r\u00f8gelsespinde, hvilket g\u00f8r den til et uundv\u00e6rligt tilbeh\u00f8r til yogastudier, meditationsrum og detailbutikker.<\/span><\/p>\n<p><span style=\"color: rgb(75, 80, 88);\">Denne holder er lavet af holdbart aluminium med en luksuri\u00f8s guldfinish og fremviser levende repr\u00e6sentationer af de syv chakraer, der repr\u00e6senterer balance, energiflow og spirituel harmoni. Dens raffinerede design blander problemfrit funktionalitet med elegance og tilf\u00f8jer et sofistikeret touch til enhver indretning.<\/span><\/p>\n","protected":false},"excerpt":{"rendered":"<p>Chakra-r\u00f8gelsesholderen m\u00e5ler 12&#215;12 cm og er fremstillet til at passe til standard r\u00f8gelsespinde, hvilket g\u00f8r den til et uundv\u00e6rligt tilbeh\u00f8r til yogastudier, meditationsrum og detailbutikker. Denne holder er lavet af holdbart aluminium med en luksuri\u00f8s guldfinish og fremviser levende repr\u00e6sentationer af de syv chakraer, der repr\u00e6senterer balance, energiflow og spirituel harmoni. Dens raffinerede design blander [&hellip;]<\/p>\n","protected":false},"featured_media":407684,"comment_status":"closed","ping_status":"open","template":"","meta":{"_angie_page":false},"product_brand":[],"product_cat":[5836,5840,5837],"product_tag":[],"class_list":{"0":"post-197327","1":"product","2":"type-product","3":"status-publish","4":"has-post-thumbnail","6":"product_cat-rogelse-og-rogelsesholdere","7":"product_cat-rogelsesbraendere","8":"product_cat-rogelsesholdere-og-rogelsesbraendere","9":"pa_collection-polished-aluminium-incense-holders-da","10":"pa_made-in-indien","12":"first","13":"instock","14":"purchasable","15":"product-type-simple"},"supplier_id":null,"supplier_sku":"PAIH-22","barcode":null,"atum_controlled":true,"out_stock_date":null,"out_stock_threshold":null,"inheritable":false,"inbound_stock":null,"stock_on_hold":0,"sold_today":0,"sales_last_days":0,"reserved_stock":null,"customer_returns":null,"warehouse_damage":null,"lost_in_post":null,"other_logs":null,"out_stock_days":0,"lost_sales":0,"has_location":null,"update_date":"2026-04-27T07:17:35","atum_locations":[],"atum_stock_status":"instock","restock_status":false,"low_stock_amount":"","sales_update_date":"2026-01-30T01:26:07","calc_backorders":null,"_links":{"self":[{"href":"https:\/\/aromasentia.com\/da\/wp-json\/wp\/v2\/product\/197327","targetHints":{"allow":["GET"]}}],"collection":[{"href":"https:\/\/aromasentia.com\/da\/wp-json\/wp\/v2\/product"}],"about":[{"href":"https:\/\/aromasentia.com\/da\/wp-json\/wp\/v2\/types\/product"}],"replies":[{"embeddable":true,"href":"https:\/\/aromasentia.com\/da\/wp-json\/wp\/v2\/comments?post=197327"}],"version-history":[{"count":0,"href":"https:\/\/aromasentia.com\/da\/wp-json\/wp\/v2\/product\/197327\/revisions"}],"wp:featuredmedia":[{"embeddable":true,"href":"https:\/\/aromasentia.com\/da\/wp-json\/wp\/v2\/media\/407684"}],"wp:attachment":[{"href":"https:\/\/aromasentia.com\/da\/wp-json\/wp\/v2\/media?parent=197327"}],"wp:term":[{"taxonomy":"product_brand","embeddable":true,"href":"https:\/\/aromasentia.com\/da\/wp-json\/wp\/v2\/product_brand?post=197327"},{"taxonomy":"product_cat","embeddable":true,"href":"https:\/\/aromasentia.com\/da\/wp-json\/wp\/v2\/product_cat?post=197327"},{"taxonomy":"product_tag","embeddable":true,"href":"https:\/\/aromasentia.com\/da\/wp-json\/wp\/v2\/product_tag?post=197327"}],"curies":[{"name":"wp","href":"https:\/\/api.w.org\/{rel}","templated":true}]}}