{"id":197324,"date":"2025-03-23T10:31:03","date_gmt":"2025-03-23T10:31:03","guid":{"rendered":"https:\/\/aromasentia.com\/product\/seven-chakra-moon-incense-holder-11-5cm\/"},"modified":"2025-06-22T03:01:59","modified_gmt":"2025-06-22T03:01:59","slug":"seven-chakra-moon-roegelsesholder-115-cm","status":"publish","type":"product","link":"https:\/\/aromasentia.com\/da\/seven-chakra-moon-roegelsesholder-115-cm\/","title":{"rendered":"Seven Chakra moon R\u00f8gelsesholder 11,5 cm"},"content":{"rendered":"<p><span style=\"color: rgb(75, 80, 88);\">Med en diameter p\u00e5 11,5 cm er Moon Chakra-r\u00f8gelsesholderen professionelt fremstillet til at rumme standard r\u00f8gelsespinde, hvilket g\u00f8r den til et must-have i ethvert meditations- eller afslapningsrum.<\/span><\/p>\n<p><span style=\"color: rgb(75, 80, 88);\">Med et fantastisk m\u00e5nedesign fremh\u00e6vet med de livlige farver fra de syv chakraer, tjener denne holder b\u00e5de et praktisk form\u00e5l og som et fascinerende dekorativt stykke. Hvert chakra symboliserer energiflow og spirituel velv\u00e6re, hvilket g\u00f8r den til et perfekt valg for dem, der \u00f8nsker at uddybe deres mindfulness-praksis.<\/span><\/p>\n","protected":false},"excerpt":{"rendered":"<p>Med en diameter p\u00e5 11,5 cm er Moon Chakra-r\u00f8gelsesholderen professionelt fremstillet til at rumme standard r\u00f8gelsespinde, hvilket g\u00f8r den til et must-have i ethvert meditations- eller afslapningsrum. Med et fantastisk m\u00e5nedesign fremh\u00e6vet med de livlige farver fra de syv chakraer, tjener denne holder b\u00e5de et praktisk form\u00e5l og som et fascinerende dekorativt stykke. Hvert chakra [&hellip;]<\/p>\n","protected":false},"featured_media":407553,"comment_status":"closed","ping_status":"open","template":"","meta":{"_angie_page":false},"product_brand":[],"product_cat":[5836,5840,5837],"product_tag":[],"class_list":{"0":"post-197324","1":"product","2":"type-product","3":"status-publish","4":"has-post-thumbnail","6":"product_cat-rogelse-og-rogelsesholdere","7":"product_cat-rogelsesbraendere","8":"product_cat-rogelsesholdere-og-rogelsesbraendere","9":"pa_collection-polished-aluminium-incense-holders-da","10":"pa_made-in-indien","12":"first","13":"outofstock","14":"purchasable","15":"product-type-simple"},"supplier_id":null,"supplier_sku":"PAIH-17","barcode":null,"atum_controlled":true,"out_stock_date":"2025-09-05 13:31:18","out_stock_threshold":null,"inheritable":false,"inbound_stock":null,"stock_on_hold":0,"sold_today":0,"sales_last_days":0,"reserved_stock":null,"customer_returns":null,"warehouse_damage":null,"lost_in_post":null,"other_logs":null,"out_stock_days":0,"lost_sales":0,"has_location":null,"update_date":"2026-04-27T07:17:28","atum_locations":[],"atum_stock_status":"outofstock","restock_status":false,"low_stock_amount":"","sales_update_date":"2025-09-03T00:18:47","calc_backorders":null,"_links":{"self":[{"href":"https:\/\/aromasentia.com\/da\/wp-json\/wp\/v2\/product\/197324","targetHints":{"allow":["GET"]}}],"collection":[{"href":"https:\/\/aromasentia.com\/da\/wp-json\/wp\/v2\/product"}],"about":[{"href":"https:\/\/aromasentia.com\/da\/wp-json\/wp\/v2\/types\/product"}],"replies":[{"embeddable":true,"href":"https:\/\/aromasentia.com\/da\/wp-json\/wp\/v2\/comments?post=197324"}],"version-history":[{"count":0,"href":"https:\/\/aromasentia.com\/da\/wp-json\/wp\/v2\/product\/197324\/revisions"}],"wp:featuredmedia":[{"embeddable":true,"href":"https:\/\/aromasentia.com\/da\/wp-json\/wp\/v2\/media\/407553"}],"wp:attachment":[{"href":"https:\/\/aromasentia.com\/da\/wp-json\/wp\/v2\/media?parent=197324"}],"wp:term":[{"taxonomy":"product_brand","embeddable":true,"href":"https:\/\/aromasentia.com\/da\/wp-json\/wp\/v2\/product_brand?post=197324"},{"taxonomy":"product_cat","embeddable":true,"href":"https:\/\/aromasentia.com\/da\/wp-json\/wp\/v2\/product_cat?post=197324"},{"taxonomy":"product_tag","embeddable":true,"href":"https:\/\/aromasentia.com\/da\/wp-json\/wp\/v2\/product_tag?post=197324"}],"curies":[{"name":"wp","href":"https:\/\/api.w.org\/{rel}","templated":true}]}}