{"id":197316,"date":"2025-03-23T10:31:03","date_gmt":"2025-03-23T10:31:03","guid":{"rendered":"https:\/\/aromasentia.com\/product\/polished-aluminium-buddha-long-incense-holder-20cm\/"},"modified":"2025-06-22T03:01:55","modified_gmt":"2025-06-22T03:01:55","slug":"buddha-lang-roegelsesholder-i-poleret-aluminium-20-cm","status":"publish","type":"product","link":"https:\/\/aromasentia.com\/da\/buddha-lang-roegelsesholder-i-poleret-aluminium-20-cm\/","title":{"rendered":"Buddha Lang R\u00f8gelsesholder I Poleret Aluminium, 20 cm"},"content":{"rendered":"<p>Indf\u00f8r ro med <strong>Wholesale Buddha Long Incense Holder<\/strong>! Denne f\u00e6ngslende r\u00f8gelsesholder kombinerer moderne design med spirituel symbolik for at skabe en beroligende atmosf\u00e6re i ethvert hjem. Holderen er fremstillet af <strong>poleret aluminium<\/strong> og har en slank, fjerformet krop (ca. <strong>20 cm lang<\/strong>), der passer perfekt til en r\u00e6kke forskellige indretningsstile.<\/p>\n<p>H\u00f8jdepunktet i dette m\u00f8bel er den lille <strong>Buddha-figur<\/strong>, der sidder p\u00e5 fjerens spids. Denne rolige detalje tilf\u00f8jer et strejf af zen og spirituel betydning, hvilket g\u00f8r den ideel til kunder, der \u00f8nsker at skabe en fredelig atmosf\u00e6re i deres hjem.<\/p>\n<p>Det lange, slanke design er perfekt til <strong>r\u00f8gelsespinde<\/strong>, og den glatte, polerede aluminiumsoverflade er <strong>nem at reng\u00f8re og vedligeholde<\/strong>. Denne funktionalitet kombineret med det unikke design g\u00f8r den til et virkelig attraktivt produkt til din butik.<\/p>\n<p>Denne Buddha-r\u00f8gelsesholder <strong>tiltaler et bredt publikum<\/strong>, fra dem, der s\u00f8ger moderne boligindretning, til dem, der er tiltrukket af spirituel symbolik. Dens overkommelige pris og funktionalitet g\u00f8r den ogs\u00e5 til en <strong>ideel gaveartikel<\/strong>.<\/p>\n<p>Forbedr din samling af r\u00f8gelsesholdere med denne f\u00e6ngslende Buddha Long Incense Holder!<\/p>\n","protected":false},"excerpt":{"rendered":"<p>Indf\u00f8r ro med Wholesale Buddha Long Incense Holder! Denne f\u00e6ngslende r\u00f8gelsesholder kombinerer moderne design med spirituel symbolik for at skabe en beroligende atmosf\u00e6re i ethvert hjem. Holderen er fremstillet af poleret aluminium og har en slank, fjerformet krop (ca. 20 cm lang), der passer perfekt til en r\u00e6kke forskellige indretningsstile. H\u00f8jdepunktet i dette m\u00f8bel er [&hellip;]<\/p>\n","protected":false},"featured_media":407345,"comment_status":"closed","ping_status":"open","template":"","meta":[],"product_brand":[],"product_cat":[5836,5840,5837],"product_tag":[],"class_list":{"0":"post-197316","1":"product","2":"type-product","3":"status-publish","4":"has-post-thumbnail","6":"product_cat-rogelse-og-rogelsesholdere","7":"product_cat-rogelsesbraendere","8":"product_cat-rogelsesholdere-og-rogelsesbraendere","9":"pa_collection-polished-aluminium-incense-holders-da","10":"pa_made-in-indien","12":"first","13":"instock","14":"purchasable","15":"product-type-simple"},"supplier_id":null,"supplier_sku":"PAIH-09","barcode":null,"atum_controlled":true,"out_stock_date":null,"out_stock_threshold":null,"inheritable":false,"inbound_stock":null,"stock_on_hold":0,"sold_today":0,"sales_last_days":0,"reserved_stock":null,"customer_returns":null,"warehouse_damage":null,"lost_in_post":null,"other_logs":null,"out_stock_days":0,"lost_sales":0,"has_location":null,"update_date":"2026-02-11T18:07:58","atum_locations":[],"atum_stock_status":"instock","restock_status":false,"low_stock_amount":"","sales_update_date":"2026-02-06T00:01:15","calc_backorders":null,"_links":{"self":[{"href":"https:\/\/aromasentia.com\/da\/wp-json\/wp\/v2\/product\/197316","targetHints":{"allow":["GET"]}}],"collection":[{"href":"https:\/\/aromasentia.com\/da\/wp-json\/wp\/v2\/product"}],"about":[{"href":"https:\/\/aromasentia.com\/da\/wp-json\/wp\/v2\/types\/product"}],"replies":[{"embeddable":true,"href":"https:\/\/aromasentia.com\/da\/wp-json\/wp\/v2\/comments?post=197316"}],"version-history":[{"count":0,"href":"https:\/\/aromasentia.com\/da\/wp-json\/wp\/v2\/product\/197316\/revisions"}],"wp:featuredmedia":[{"embeddable":true,"href":"https:\/\/aromasentia.com\/da\/wp-json\/wp\/v2\/media\/407345"}],"wp:attachment":[{"href":"https:\/\/aromasentia.com\/da\/wp-json\/wp\/v2\/media?parent=197316"}],"wp:term":[{"taxonomy":"product_brand","embeddable":true,"href":"https:\/\/aromasentia.com\/da\/wp-json\/wp\/v2\/product_brand?post=197316"},{"taxonomy":"product_cat","embeddable":true,"href":"https:\/\/aromasentia.com\/da\/wp-json\/wp\/v2\/product_cat?post=197316"},{"taxonomy":"product_tag","embeddable":true,"href":"https:\/\/aromasentia.com\/da\/wp-json\/wp\/v2\/product_tag?post=197316"}],"curies":[{"name":"wp","href":"https:\/\/api.w.org\/{rel}","templated":true}]}}