{"id":197314,"date":"2025-03-23T10:31:03","date_gmt":"2025-03-23T10:31:03","guid":{"rendered":"https:\/\/aromasentia.com\/product\/polished-aluminium-flower-of-life-incense-holder-11cm\/"},"modified":"2025-06-22T03:01:54","modified_gmt":"2025-06-22T03:01:54","slug":"roegelsesholder-livets-blomst-i-poleret-aluminium-11-cm","status":"publish","type":"product","link":"https:\/\/aromasentia.com\/da\/roegelsesholder-livets-blomst-i-poleret-aluminium-11-cm\/","title":{"rendered":"R\u00f8gelsesholder Livets Blomst I Poleret Aluminium, 11 cm"},"content":{"rendered":"<p><strong>R\u00f8gelsesholder i poleret aluminium med livets blomst.<\/strong> Denne 11 cm lange holder er h\u00e5ndlavet i Indien og har det smukke symbol p\u00e5 livets blomst, et universelt symbol p\u00e5 skabelse, sammenkobling og \u00e5ndelig helhed. &nbsp;Denne r\u00f8gelsesholder er fremstillet af aluminium af h\u00f8j kvalitet og poleret til en reflekterende finish, og den er b\u00e5de elegant og funktionel.<\/p>\n<p>Funktioner:&nbsp;<\/p>\n<p><strong>Flower of Life Design:&nbsp;<\/strong>Et kraftfuldt symbol p\u00e5 skabelse, sammenkobling og \u00e5ndelig helhed.&nbsp;<\/p>\n<p><strong>Poleret aluminium:&nbsp;<\/strong>Aluminiumskonstruktion af h\u00f8j kvalitet sikrer holdbarhed og en smuk, reflekterende finish.&nbsp;<\/p>\n<p><strong>Mellemst\u00f8rrelse (11 cm):&nbsp;<\/strong>Perfekt st\u00f8rrelse til skriveborde, sideborde eller meditationsrum.&nbsp;<\/p>\n<p>Mangfoldig brug: Designet til r\u00f8gelsespinde og kompatibel med nogle kegledesigns (kr\u00e6ver flad base).&nbsp;<\/p>\n<p><strong>Ideal gave:&nbsp;<\/strong>En meningsfuld gave til alle, der s\u00e6tter pris p\u00e5 hellig <strong>geometri, yoga, meditation eller spirituel symbolik.&nbsp;<\/strong><\/p>\n<p>Fordele:&nbsp;<\/p>\n<p><strong>Fremmer f\u00f8lelser af fred og ro.&nbsp;<\/strong>Br\u00e6nder r\u00f8gelsespinde og nogle kegleformede r\u00f8gelsespinde (kr\u00e6ver flad base). Aluminiumskonstruktion af h\u00f8j kvalitet for langvarig sk\u00f8nhed. Perfekt tilf\u00f8jelse til din gavebutik. <strong>Must-have for butikker, der s\u00e6lger r\u00f8gelse.<\/strong><\/p>\n<p><strong>Transformer dit kunderum til et fredeligt fristed. Bestil r\u00f8gelsesholdere i poleret aluminium i dag! &nbsp;<\/strong><\/p>\n","protected":false},"excerpt":{"rendered":"<p>R\u00f8gelsesholder i poleret aluminium med livets blomst. Denne 11 cm lange holder er h\u00e5ndlavet i Indien og har det smukke symbol p\u00e5 livets blomst, et universelt symbol p\u00e5 skabelse, sammenkobling og \u00e5ndelig helhed. &nbsp;Denne r\u00f8gelsesholder er fremstillet af aluminium af h\u00f8j kvalitet og poleret til en reflekterende finish, og den er b\u00e5de elegant og funktionel. [&hellip;]<\/p>\n","protected":false},"featured_media":407311,"comment_status":"closed","ping_status":"open","template":"","meta":{"_angie_page":false},"product_brand":[],"product_cat":[5836,5840,5837],"product_tag":[],"class_list":{"0":"post-197314","1":"product","2":"type-product","3":"status-publish","4":"has-post-thumbnail","6":"product_cat-rogelse-og-rogelsesholdere","7":"product_cat-rogelsesbraendere","8":"product_cat-rogelsesholdere-og-rogelsesbraendere","9":"pa_collection-polished-aluminium-incense-holders-da","10":"pa_made-in-indien","12":"first","13":"instock","14":"purchasable","15":"product-type-simple"},"supplier_id":null,"supplier_sku":"PAIH-07","barcode":null,"atum_controlled":true,"out_stock_date":null,"out_stock_threshold":null,"inheritable":false,"inbound_stock":null,"stock_on_hold":0,"sold_today":0,"sales_last_days":0,"reserved_stock":null,"customer_returns":null,"warehouse_damage":null,"lost_in_post":null,"other_logs":null,"out_stock_days":0,"lost_sales":0,"has_location":null,"update_date":"2026-05-04T00:04:57","atum_locations":[],"atum_stock_status":"instock","restock_status":false,"low_stock_amount":"","sales_update_date":"2026-02-06T00:01:15","calc_backorders":null,"_links":{"self":[{"href":"https:\/\/aromasentia.com\/da\/wp-json\/wp\/v2\/product\/197314","targetHints":{"allow":["GET"]}}],"collection":[{"href":"https:\/\/aromasentia.com\/da\/wp-json\/wp\/v2\/product"}],"about":[{"href":"https:\/\/aromasentia.com\/da\/wp-json\/wp\/v2\/types\/product"}],"replies":[{"embeddable":true,"href":"https:\/\/aromasentia.com\/da\/wp-json\/wp\/v2\/comments?post=197314"}],"version-history":[{"count":0,"href":"https:\/\/aromasentia.com\/da\/wp-json\/wp\/v2\/product\/197314\/revisions"}],"wp:featuredmedia":[{"embeddable":true,"href":"https:\/\/aromasentia.com\/da\/wp-json\/wp\/v2\/media\/407311"}],"wp:attachment":[{"href":"https:\/\/aromasentia.com\/da\/wp-json\/wp\/v2\/media?parent=197314"}],"wp:term":[{"taxonomy":"product_brand","embeddable":true,"href":"https:\/\/aromasentia.com\/da\/wp-json\/wp\/v2\/product_brand?post=197314"},{"taxonomy":"product_cat","embeddable":true,"href":"https:\/\/aromasentia.com\/da\/wp-json\/wp\/v2\/product_cat?post=197314"},{"taxonomy":"product_tag","embeddable":true,"href":"https:\/\/aromasentia.com\/da\/wp-json\/wp\/v2\/product_tag?post=197314"}],"curies":[{"name":"wp","href":"https:\/\/api.w.org\/{rel}","templated":true}]}}