{"id":197304,"date":"2025-03-23T10:31:10","date_gmt":"2025-03-23T10:31:10","guid":{"rendered":"https:\/\/aromasentia.com\/product\/buddah-fengshui-incense-cream\/"},"modified":"2025-06-22T03:01:50","modified_gmt":"2025-06-22T03:01:50","slug":"buddah-fengshui-roegelse-creme","status":"publish","type":"product","link":"https:\/\/aromasentia.com\/da\/buddah-fengshui-roegelse-creme\/","title":{"rendered":"Buddah Fengshui R\u00f8gelse (Creme)"},"content":{"rendered":"<p><span style=\"color: rgb(75, 80, 88);\">Se denne unikke og smukke <strong>Buddha Fengshui r\u00f8gelsesholder (sten medf\u00f8lger ikke)<\/strong> lavet af indonesiske h\u00e5ndv\u00e6rkere.<\/span><\/p>\n<p><span style=\"color: rgb(75, 80, 88);\">Kombiner den med dine yndlingsr\u00f8gelsespinde og s\u00e6lg den som en dejlig gave. Du skal blot t\u00e6nde spidsen af din r\u00f8gelsespind og vente p\u00e5, at den gl\u00f8der. Pust derefter flammen ud og placer den i en r\u00f8gelsesholder for en smuk duft i hele dit hjem. &nbsp;&nbsp;<\/span><\/p>\n<p><span style=\"color: rgb(75, 80, 88);\">Et uundv\u00e6rligt produkt til enhver gavebutik, der s\u00e6lger r\u00f8gelse, og det tilf\u00f8jer elegance og rentabilitet til din butik.&nbsp;<\/span><\/p>\n<p><span style=\"color: rgb(75, 80, 88);\">Opdag indre ro med <strong>Buddha Fengshui R\u00f8gelsesholderen<\/strong>. Dette design indfanger Buddhas fredfyldte ansigt, omhyggeligt udsk\u00e5ret med indviklede detaljer. Med h\u00e6nderne yndefuldt placeret i en meditativ stilling udstr\u00e5ler Buddha en f\u00f8lelse af ro og oplysning. Tilstedev\u00e6relsen af denne r\u00f8gelsesholder inviterer fred og harmoni ind i dit hellige rum og skaber et ideelt milj\u00f8 til meditation og refleksion.<\/span><\/p>\n<p><span style=\"color: rgb(75, 80, 88);\"><strong>Bestil nu og t\u00e6nd et par ekstra tilbud.<\/strong><\/span><\/p>\n","protected":false},"excerpt":{"rendered":"<p>Se denne unikke og smukke Buddha Fengshui r\u00f8gelsesholder (sten medf\u00f8lger ikke) lavet af indonesiske h\u00e5ndv\u00e6rkere. Kombiner den med dine yndlingsr\u00f8gelsespinde og s\u00e6lg den som en dejlig gave. Du skal blot t\u00e6nde spidsen af din r\u00f8gelsespind og vente p\u00e5, at den gl\u00f8der. Pust derefter flammen ud og placer den i en r\u00f8gelsesholder for en smuk duft [&hellip;]<\/p>\n","protected":false},"featured_media":409630,"comment_status":"closed","ping_status":"open","template":"","meta":{"_angie_page":false},"product_brand":[],"product_cat":[5836,5837],"product_tag":[],"class_list":{"0":"post-197304","1":"product","2":"type-product","3":"status-publish","4":"has-post-thumbnail","6":"product_cat-rogelse-og-rogelsesholdere","7":"product_cat-rogelsesholdere-og-rogelsesbraendere","8":"pa_collection-stone-incense-burners-da","9":"pa_made-in-indonesien","11":"first","12":"instock","13":"purchasable","14":"product-type-simple"},"supplier_id":null,"supplier_sku":"SCV-07","barcode":null,"atum_controlled":true,"out_stock_date":null,"out_stock_threshold":null,"inheritable":false,"inbound_stock":null,"stock_on_hold":0,"sold_today":0,"sales_last_days":0,"reserved_stock":null,"customer_returns":null,"warehouse_damage":null,"lost_in_post":null,"other_logs":null,"out_stock_days":0,"lost_sales":0,"has_location":null,"update_date":"2026-04-27T07:20:42","atum_locations":[],"atum_stock_status":"instock","restock_status":false,"low_stock_amount":"","sales_update_date":"2026-01-20T05:13:53","calc_backorders":null,"_links":{"self":[{"href":"https:\/\/aromasentia.com\/da\/wp-json\/wp\/v2\/product\/197304","targetHints":{"allow":["GET"]}}],"collection":[{"href":"https:\/\/aromasentia.com\/da\/wp-json\/wp\/v2\/product"}],"about":[{"href":"https:\/\/aromasentia.com\/da\/wp-json\/wp\/v2\/types\/product"}],"replies":[{"embeddable":true,"href":"https:\/\/aromasentia.com\/da\/wp-json\/wp\/v2\/comments?post=197304"}],"version-history":[{"count":0,"href":"https:\/\/aromasentia.com\/da\/wp-json\/wp\/v2\/product\/197304\/revisions"}],"wp:featuredmedia":[{"embeddable":true,"href":"https:\/\/aromasentia.com\/da\/wp-json\/wp\/v2\/media\/409630"}],"wp:attachment":[{"href":"https:\/\/aromasentia.com\/da\/wp-json\/wp\/v2\/media?parent=197304"}],"wp:term":[{"taxonomy":"product_brand","embeddable":true,"href":"https:\/\/aromasentia.com\/da\/wp-json\/wp\/v2\/product_brand?post=197304"},{"taxonomy":"product_cat","embeddable":true,"href":"https:\/\/aromasentia.com\/da\/wp-json\/wp\/v2\/product_cat?post=197304"},{"taxonomy":"product_tag","embeddable":true,"href":"https:\/\/aromasentia.com\/da\/wp-json\/wp\/v2\/product_tag?post=197304"}],"curies":[{"name":"wp","href":"https:\/\/api.w.org\/{rel}","templated":true}]}}