{"id":197288,"date":"2025-03-23T10:31:10","date_gmt":"2025-03-23T10:31:10","guid":{"rendered":"https:\/\/aromasentia.com\/product\/pure-herbs-rope-incense-lemongrass\/"},"modified":"2025-06-22T03:01:41","modified_gmt":"2025-06-22T03:01:41","slug":"pure-herbs-rope-roegelse-citrongraes","status":"publish","type":"product","link":"https:\/\/aromasentia.com\/da\/pure-herbs-rope-roegelse-citrongraes\/","title":{"rendered":"Pure Herbs Rope R\u00f8gelse &#8211; Citrongr\u00e6s"},"content":{"rendered":"<p><span style=\"color: rgb(75, 80, 88);\"><strong>Pure Herbs<\/strong> duft er **en** <strong>favorit blandt dem, der foretr\u00e6kker en lys og energigivende atmosf\u00e6re.<\/strong> Den giver en f\u00f8lelse af vitalitet og positivitet, hvilket g\u00f8r den ideel til brug i arbejdsomr\u00e5der og omr\u00e5der, hvor en forfriskende aura \u00f8nskes. <br \/><\/span><\/p>\n<p><span style=\"color: rgb(75, 80, 88);\">R\u00f8gelsesreb s\u00e6lges i pakker, der hver indeholder **50 r\u00f8gelsesreb, der er 11 cm lange.** <strong>Br\u00e6ndetiden for et reb er ca. 15 min. V\u00e6gten af r\u00f8gelsesrebet er ca. 11 g.<\/strong><\/span><\/p>\n","protected":false},"excerpt":{"rendered":"<p>Pure Herbs duft er **en** favorit blandt dem, der foretr\u00e6kker en lys og energigivende atmosf\u00e6re. Den giver en f\u00f8lelse af vitalitet og positivitet, hvilket g\u00f8r den ideel til brug i arbejdsomr\u00e5der og omr\u00e5der, hvor en forfriskende aura \u00f8nskes. R\u00f8gelsesreb s\u00e6lges i pakker, der hver indeholder **50 r\u00f8gelsesreb, der er 11 cm lange.** Br\u00e6ndetiden for et [&hellip;]<\/p>\n","protected":false},"featured_media":409134,"comment_status":"closed","ping_status":"open","template":"","meta":{"_angie_page":false},"product_brand":[],"product_cat":[25961,26816,25839,5836],"product_tag":[],"class_list":{"0":"post-197288","1":"product","2":"type-product","3":"status-publish","4":"has-post-thumbnail","6":"product_cat-citrongraes","7":"product_cat-citrus","8":"product_cat-dufte-aromaer","9":"product_cat-rogelse-og-rogelsesholdere","10":"pa_collection-pure-herbs-incense-ropes-da","11":"pa_made-in-nepal","13":"first","14":"instock","15":"purchasable","16":"product-type-simple"},"supplier_id":null,"supplier_sku":"RopeI-05","barcode":null,"atum_controlled":true,"out_stock_date":null,"out_stock_threshold":null,"inheritable":false,"inbound_stock":null,"stock_on_hold":0,"sold_today":0,"sales_last_days":0,"reserved_stock":null,"customer_returns":null,"warehouse_damage":null,"lost_in_post":null,"other_logs":null,"out_stock_days":0,"lost_sales":0,"has_location":null,"update_date":"2026-04-27T07:19:47","atum_locations":[],"atum_stock_status":"instock","restock_status":false,"low_stock_amount":"","sales_update_date":"2026-01-30T01:24:26","calc_backorders":null,"_links":{"self":[{"href":"https:\/\/aromasentia.com\/da\/wp-json\/wp\/v2\/product\/197288","targetHints":{"allow":["GET"]}}],"collection":[{"href":"https:\/\/aromasentia.com\/da\/wp-json\/wp\/v2\/product"}],"about":[{"href":"https:\/\/aromasentia.com\/da\/wp-json\/wp\/v2\/types\/product"}],"replies":[{"embeddable":true,"href":"https:\/\/aromasentia.com\/da\/wp-json\/wp\/v2\/comments?post=197288"}],"version-history":[{"count":0,"href":"https:\/\/aromasentia.com\/da\/wp-json\/wp\/v2\/product\/197288\/revisions"}],"wp:featuredmedia":[{"embeddable":true,"href":"https:\/\/aromasentia.com\/da\/wp-json\/wp\/v2\/media\/409134"}],"wp:attachment":[{"href":"https:\/\/aromasentia.com\/da\/wp-json\/wp\/v2\/media?parent=197288"}],"wp:term":[{"taxonomy":"product_brand","embeddable":true,"href":"https:\/\/aromasentia.com\/da\/wp-json\/wp\/v2\/product_brand?post=197288"},{"taxonomy":"product_cat","embeddable":true,"href":"https:\/\/aromasentia.com\/da\/wp-json\/wp\/v2\/product_cat?post=197288"},{"taxonomy":"product_tag","embeddable":true,"href":"https:\/\/aromasentia.com\/da\/wp-json\/wp\/v2\/product_tag?post=197288"}],"curies":[{"name":"wp","href":"https:\/\/api.w.org\/{rel}","templated":true}]}}