{"id":197286,"date":"2025-03-23T10:31:10","date_gmt":"2025-03-23T10:31:10","guid":{"rendered":"https:\/\/aromasentia.com\/product\/pure-herbs-incense-rope-sandalwood-spice\/"},"modified":"2025-06-22T03:01:40","modified_gmt":"2025-06-22T03:01:40","slug":"pure-herbs-rope-roegelse-sandeltrae-og-krydderi","status":"publish","type":"product","link":"https:\/\/aromasentia.com\/da\/pure-herbs-rope-roegelse-sandeltrae-og-krydderi\/","title":{"rendered":"Pure Herbs Rope R\u00f8gelse &#8211; Sandeltr\u00e6 Og Krydderi"},"content":{"rendered":"<p>Pure Herbs Sandeltr\u00e6 &#038; Krydderi-r\u00f8gelse er lavet af urter, der udvindes af hvidt og r\u00f8dt sandeltr\u00e6, saldup, nardus, kanel og nelliker, der findes i de h\u00f8je Himalaya-bjerge. Meget aromatisk, h\u00e5ndlavet med naturlige ingredienser.<\/p>\n<p>Lavet med udelukkende naturlige ingredienser, uden tr\u00e6pinde, lim eller farvestoffer, beskrives aromaen af disse urter\u00f8gelsesreb som k\u00f8lende og forfriskende. Brugt i \u00e5rhundreder til at lindre stress, depression og sp\u00e6ndinger. I buddhismen fungerer r\u00f8gelse som en hj\u00e6lp til positive tanker og handlinger.<\/p>\n<p>Bundet indeholder 50 r\u00f8gelsesreb, der hver er 11 cm lange. Br\u00e6ndetiden for et reb er ca. 15 minutter.<\/p>\n","protected":false},"excerpt":{"rendered":"<p>Pure Herbs Sandeltr\u00e6 &#038; Krydderi-r\u00f8gelse er lavet af urter, der udvindes af hvidt og r\u00f8dt sandeltr\u00e6, saldup, nardus, kanel og nelliker, der findes i de h\u00f8je Himalaya-bjerge. Meget aromatisk, h\u00e5ndlavet med naturlige ingredienser. Lavet med udelukkende naturlige ingredienser, uden tr\u00e6pinde, lim eller farvestoffer, beskrives aromaen af disse urter\u00f8gelsesreb som k\u00f8lende og forfriskende. Brugt i \u00e5rhundreder [&hellip;]<\/p>\n","protected":false},"featured_media":409076,"comment_status":"closed","ping_status":"open","template":"","meta":{"_angie_page":false},"product_brand":[],"product_cat":[25839,5836,25990,26893],"product_tag":[],"class_list":{"0":"post-197286","1":"product","2":"type-product","3":"status-publish","4":"has-post-thumbnail","6":"product_cat-dufte-aromaer","7":"product_cat-rogelse-og-rogelsesholdere","8":"product_cat-sandeltrae","9":"product_cat-traeagtig","10":"pa_collection-pure-herbs-incense-ropes-da","11":"pa_made-in-nepal","13":"first","14":"instock","15":"purchasable","16":"product-type-simple"},"supplier_id":null,"supplier_sku":"RopeI-03","barcode":null,"atum_controlled":true,"out_stock_date":null,"out_stock_threshold":null,"inheritable":false,"inbound_stock":null,"stock_on_hold":0,"sold_today":0,"sales_last_days":0,"reserved_stock":null,"customer_returns":null,"warehouse_damage":null,"lost_in_post":null,"other_logs":null,"out_stock_days":0,"lost_sales":0,"has_location":null,"update_date":"2026-04-27T07:19:47","atum_locations":[],"atum_stock_status":"instock","restock_status":false,"low_stock_amount":"","sales_update_date":"2025-09-03T00:18:40","calc_backorders":null,"_links":{"self":[{"href":"https:\/\/aromasentia.com\/da\/wp-json\/wp\/v2\/product\/197286","targetHints":{"allow":["GET"]}}],"collection":[{"href":"https:\/\/aromasentia.com\/da\/wp-json\/wp\/v2\/product"}],"about":[{"href":"https:\/\/aromasentia.com\/da\/wp-json\/wp\/v2\/types\/product"}],"replies":[{"embeddable":true,"href":"https:\/\/aromasentia.com\/da\/wp-json\/wp\/v2\/comments?post=197286"}],"version-history":[{"count":0,"href":"https:\/\/aromasentia.com\/da\/wp-json\/wp\/v2\/product\/197286\/revisions"}],"wp:featuredmedia":[{"embeddable":true,"href":"https:\/\/aromasentia.com\/da\/wp-json\/wp\/v2\/media\/409076"}],"wp:attachment":[{"href":"https:\/\/aromasentia.com\/da\/wp-json\/wp\/v2\/media?parent=197286"}],"wp:term":[{"taxonomy":"product_brand","embeddable":true,"href":"https:\/\/aromasentia.com\/da\/wp-json\/wp\/v2\/product_brand?post=197286"},{"taxonomy":"product_cat","embeddable":true,"href":"https:\/\/aromasentia.com\/da\/wp-json\/wp\/v2\/product_cat?post=197286"},{"taxonomy":"product_tag","embeddable":true,"href":"https:\/\/aromasentia.com\/da\/wp-json\/wp\/v2\/product_tag?post=197286"}],"curies":[{"name":"wp","href":"https:\/\/api.w.org\/{rel}","templated":true}]}}