{"id":197282,"date":"2025-03-23T10:31:10","date_gmt":"2025-03-23T10:31:10","guid":{"rendered":"https:\/\/aromasentia.com\/product\/ritual-resins-on-stick-starter-set-no-1\/"},"modified":"2025-06-22T03:01:38","modified_gmt":"2025-06-22T03:01:38","slug":"ritual-resins-on-stick-startsaet-nr-1","status":"publish","type":"product","link":"https:\/\/aromasentia.com\/da\/ritual-resins-on-stick-startsaet-nr-1\/","title":{"rendered":"Ritual Resins On Stick &#8211; Starts\u00e6t Nr. 1"},"content":{"rendered":"<p><span style=\"color: rgb(75, 80, 88);\"><strong>Jeg pr\u00e6senterer en uds\u00f8gt kollektion af rituelle harpikser p\u00e5 pind, h\u00e5ndlavet i hjertet af Indien. Fordyb dig i den rige tradition for indisk spiritualitet og l\u00f8ft dine spirituelle praksisser med disse harpikser af f\u00f8rsteklasses kvalitet.<\/span><\/p>\n<p><span style=\"color: rgb(75, 80, 88);\">Produktet f\u00e5s i en<strong>kompakt og naturlig \u00f8ko\u00e6ske<\/strong>. <strong>Starts\u00e6ttet indeholder 6 dufte med 8 r\u00f8gelsespinde.<\/strong><\/span><\/p>\n<p><span style=\"color: rgb(75, 80, 88);\">Starts\u00e6ttets indhold:<\/span><\/p>\n<ol>\n<li style=\"text-align: left;\"><span style=\"color: rgb(184, 49, 47);\"><strong>YAGRA<\/strong><\/span><span style=\"color: rgb(75, 80, 88);\">&#8211; Yagra er en sj\u00e6lden og v\u00e6rdifuld harpiks, der er kendt for sine beroligende og lindrende egenskaber. T\u00e6nd denne pind for at skabe en rolig og fredfyldt atmosf\u00e6re til dine spirituelle sysler.<\/span><\/li>\n<li style=\"text-align: left;\"><span style=\"color: rgb(85, 57, 130);\"><strong>ROSE<\/strong><\/span><span style=\"color: rgb(75, 80, 88);\">&#8211; Rose har l\u00e6nge v\u00e6ret forbundet med k\u00e6rlighed og f\u00f8lelsesm\u00e6ssig balance. Disse pinde giver dit rum en delikat og harmoniserende aroma, ideel til meditation og selvplejeritualer.<\/span><\/li>\n<li style=\"text-align: left;\"><span style=\"color: rgb(65, 168, 95);\"><strong>KANEL<\/strong><\/span><span style=\"color: rgb(75, 80, 88);\">&#8211; Kanel er kendt for sine forfriskende egenskaber og er perfekt til at forbedre fokus og energi under dine meditations- eller yogasessioner.<\/span><em><span style=\"color: rgb(75, 80, 88);\">&nbsp;<\/span><\/em><\/li>\n<li style=\"text-align: left;\"><span style=\"color: rgb(243, 121, 52);\"><strong>SANDELTR\u00c6<\/strong><\/span><strong>&nbsp;<\/strong>&#8211; <span style=\"color: rgb(75, 80, 88);\">Sandeltr\u00e6ets tr\u00e6agtige og s\u00f8de duft fremmer afslapning og spirituel forbindelse, hvilket g\u00f8r det til et fremragende valg til meditation og mindfulness.<\/span><\/li>\n<li style=\"text-align: left;\"><span style=\"color: rgb(250, 197, 28);\"><strong>KAMILLE<\/strong><\/span><span style=\"color: rgb(75, 80, 88);\">&#8211; Kamille er kendt for sine stresslindrende egenskaber. T\u00e6nd denne pind for at skabe en rolig atmosf\u00e6re og forbedre din meditations- eller sengetidsrutine.<\/span><\/li>\n<li style=\"text-align: left;\"><span style=\"color: rgb(147, 101, 184);\"><strong>FR\u00c6UKELSE<\/strong><\/span><span style=\"color: rgb(75, 80, 88);\"><strong>&nbsp;<\/strong>&#8211; Fr\u00e6kelse er forbundet med spiritualitet og meditation, og dens harpiksagtige aroma fremmer en dyb f\u00f8lelse af indre refleksion og forbindelse med det guddommelige.<\/span>&nbsp;<\/li>\n<\/ol>\n<p><strong><span style=\"color: rgb(75, 80, 88);\">Br\u00e6ndetid:<\/span><\/strong><span style=\"color: rgb(75, 80, 88);\">50 &#8211; 60 minutter for hver pind<\/span><\/p>\n<p><span style=\"color: rgb(75, 80, 88);\"><strong>Oprindelse:<\/strong> Lavet i Indien<\/span><\/p>\n<p><span style=\"color: rgb(75, 80, 88);\"><strong>M\u00e5l:<\/strong> en pind er ca. 20 cm lang<\/span><\/p>\n<p><span style=\"color: rgb(75, 80, 88);\"><em>Naturlig | H\u00e5ndlavet | \u00d8koprodukt | Etisk fremskaffet | Ikke testet p\u00e5 dyr | B\u00e6redygtig emballage<\/em><\/span><\/p>\n<p><span style=\"color: rgb(75, 80, 88);\"><strong>Plejeanvisning:<\/strong> Opbevares t\u00f8rt ved stuetemperatur v\u00e6k fra fugtighed.<\/span><\/p>\n<p><span style=\"color: rgb(141, 186, 216);\"><strong>L\u00f8ft dine kunders spirituelle rejse med et s\u00e6t, de kan v\u00e6re stolte af, til en pris, der f\u00e5r dig til at smile.<\/strong><\/span><\/p>\n","protected":false},"excerpt":{"rendered":"<p>Jeg pr\u00e6senterer en uds\u00f8gt kollektion af rituelle harpikser p\u00e5 pind, h\u00e5ndlavet i hjertet af Indien. Fordyb dig i den rige tradition for indisk spiritualitet og l\u00f8ft dine spirituelle praksisser med disse harpikser af f\u00f8rsteklasses kvalitet. Produktet f\u00e5s i enkompakt og naturlig \u00f8ko\u00e6ske. Starts\u00e6ttet indeholder 6 dufte med 8 r\u00f8gelsespinde. Starts\u00e6ttets indhold: YAGRA&#8211; Yagra er en [&hellip;]<\/p>\n","protected":false},"featured_media":408848,"comment_status":"closed","ping_status":"open","template":"","meta":[],"product_brand":[27109],"product_cat":[5856,5836],"product_tag":[],"class_list":{"0":"post-197282","1":"product","2":"type-product","3":"status-publish","4":"has-post-thumbnail","6":"product_brand-banjara","7":"product_cat-resin-og-harpiks-rogelse","8":"product_cat-rogelse-og-rogelsesholdere","9":"pa_collection-ritual-resins-on-stick-da","10":"pa_made-in-indien","12":"first","13":"outofstock","14":"purchasable","15":"product-type-simple"},"supplier_id":null,"supplier_sku":"RitRinc-DS-ST-01","barcode":null,"atum_controlled":true,"out_stock_date":"2026-01-26 08:30:59","out_stock_threshold":null,"inheritable":false,"inbound_stock":null,"stock_on_hold":0,"sold_today":0,"sales_last_days":0,"reserved_stock":null,"customer_returns":null,"warehouse_damage":null,"lost_in_post":null,"other_logs":null,"out_stock_days":10,"lost_sales":0,"has_location":null,"update_date":"2026-02-06T00:02:21","atum_locations":[],"atum_stock_status":"outofstock","restock_status":false,"low_stock_amount":"","sales_update_date":"2026-02-06T00:02:21","calc_backorders":null,"_links":{"self":[{"href":"https:\/\/aromasentia.com\/da\/wp-json\/wp\/v2\/product\/197282","targetHints":{"allow":["GET"]}}],"collection":[{"href":"https:\/\/aromasentia.com\/da\/wp-json\/wp\/v2\/product"}],"about":[{"href":"https:\/\/aromasentia.com\/da\/wp-json\/wp\/v2\/types\/product"}],"replies":[{"embeddable":true,"href":"https:\/\/aromasentia.com\/da\/wp-json\/wp\/v2\/comments?post=197282"}],"version-history":[{"count":0,"href":"https:\/\/aromasentia.com\/da\/wp-json\/wp\/v2\/product\/197282\/revisions"}],"wp:featuredmedia":[{"embeddable":true,"href":"https:\/\/aromasentia.com\/da\/wp-json\/wp\/v2\/media\/408848"}],"wp:attachment":[{"href":"https:\/\/aromasentia.com\/da\/wp-json\/wp\/v2\/media?parent=197282"}],"wp:term":[{"taxonomy":"product_brand","embeddable":true,"href":"https:\/\/aromasentia.com\/da\/wp-json\/wp\/v2\/product_brand?post=197282"},{"taxonomy":"product_cat","embeddable":true,"href":"https:\/\/aromasentia.com\/da\/wp-json\/wp\/v2\/product_cat?post=197282"},{"taxonomy":"product_tag","embeddable":true,"href":"https:\/\/aromasentia.com\/da\/wp-json\/wp\/v2\/product_tag?post=197282"}],"curies":[{"name":"wp","href":"https:\/\/api.w.org\/{rel}","templated":true}]}}