{"id":197279,"date":"2025-03-23T10:31:10","date_gmt":"2025-03-23T10:31:10","guid":{"rendered":"https:\/\/aromasentia.com\/product\/ritual-resin-on-stick-patchouli\/"},"modified":"2025-06-22T03:01:34","modified_gmt":"2025-06-22T03:01:34","slug":"ritual-resin-on-stick-patchouli","status":"publish","type":"product","link":"https:\/\/aromasentia.com\/da\/ritual-resin-on-stick-patchouli\/","title":{"rendered":"Ritual Resin On Stick &#8211; Patchouli"},"content":{"rendered":"<p><span style=\"color: rgb(75, 80, 88);\"><strong>Jeg pr\u00e6senterer en uds\u00f8gt kollektion af rituelle harpikser p\u00e5 pind<\/strong>, h\u00e5ndlavet i hjertet af Indien. Fordyb dig i den rige tradition for indisk spiritualitet og l\u00f8ft dine spirituelle praksisser med disse harpikser af f\u00f8rsteklasses kvalitet.<\/span><\/p>\n<p><span style=\"color: rgb(75, 80, 88);\"><strong>Produktet f\u00e5s i en kompakt og naturlig \u00f8ko-\u00e6ske, der indeholder 8 r\u00f8gelsespinde.<\/strong><\/span><\/p>\n<p><span style=\"color: rgb(75, 80, 88);\"><strong>Oplev den jordagtige og jordn\u00e6re aroma af patchouli i vores rituelle harpikser p\u00e5 pind<\/strong>. Patchouli er blevet brugt i \u00e5rhundreder til at forbedre afslapning og indre fred. Disse pinde skaber en atmosf\u00e6re af ro, hvilket g\u00f8r dem ideelle til meditation og yogapraksis.<\/span><\/p>\n<p><strong><span style=\"color: rgb(75, 80, 88);\">Br\u00e6ndetid:<\/span><\/strong><span style=\"color: rgb(75, 80, 88);\">50-60 minutter for hver pind<\/span><\/p>\n<p><span style=\"color: rgb(75, 80, 88);\"><strong>Oprindelse:<\/strong> Lavet i Indien<\/span><\/p>\n<p><span style=\"color: rgb(75, 80, 88);\"><strong>M\u00e5l:<\/strong> en pind er ca. 20 cm lang<\/span><\/p>\n<p><span style=\"color: rgb(75, 80, 88);\"><em>Naturlig | H\u00e5ndlavet | \u00d8koprodukt | Etisk fremskaffet | Ikke testet p\u00e5 dyr | B\u00e6redygtig emballage<\/em><\/span><\/p>\n<p><span style=\"color: rgb(75, 80, 88);\"><strong>Plejeanvisning:<\/strong> Opbevares t\u00f8rt ved stuetemperatur, v\u00e6k fra fugtighed.<\/span><\/p>\n","protected":false},"excerpt":{"rendered":"<p>Jeg pr\u00e6senterer en uds\u00f8gt kollektion af rituelle harpikser p\u00e5 pind, h\u00e5ndlavet i hjertet af Indien. Fordyb dig i den rige tradition for indisk spiritualitet og l\u00f8ft dine spirituelle praksisser med disse harpikser af f\u00f8rsteklasses kvalitet. Produktet f\u00e5s i en kompakt og naturlig \u00f8ko-\u00e6ske, der indeholder 8 r\u00f8gelsespinde. Oplev den jordagtige og jordn\u00e6re aroma af patchouli [&hellip;]<\/p>\n","protected":false},"featured_media":408821,"comment_status":"closed","ping_status":"open","template":"","meta":{"_angie_page":false},"product_brand":[27109],"product_cat":[25839,26823,25977,5856,5836],"product_tag":[],"class_list":{"0":"post-197279","1":"product","2":"type-product","3":"status-publish","4":"has-post-thumbnail","6":"product_brand-banjara","7":"product_cat-dufte-aromaer","8":"product_cat-jordagtig-og-gron","9":"product_cat-patchouli","10":"product_cat-resin-og-harpiks-rogelse","11":"product_cat-rogelse-og-rogelsesholdere","12":"pa_collection-ritual-resins-on-stick-da","13":"pa_made-in-indien","15":"first","16":"instock","17":"purchasable","18":"product-type-simple"},"supplier_id":null,"supplier_sku":"RitRinc-10","barcode":null,"atum_controlled":true,"out_stock_date":null,"out_stock_threshold":null,"inheritable":false,"inbound_stock":null,"stock_on_hold":0,"sold_today":0,"sales_last_days":0,"reserved_stock":null,"customer_returns":null,"warehouse_damage":null,"lost_in_post":null,"other_logs":null,"out_stock_days":0,"lost_sales":0,"has_location":null,"update_date":"2026-04-27T07:19:47","atum_locations":[],"atum_stock_status":"instock","restock_status":false,"low_stock_amount":"","sales_update_date":"2025-09-03T00:18:38","calc_backorders":null,"_links":{"self":[{"href":"https:\/\/aromasentia.com\/da\/wp-json\/wp\/v2\/product\/197279","targetHints":{"allow":["GET"]}}],"collection":[{"href":"https:\/\/aromasentia.com\/da\/wp-json\/wp\/v2\/product"}],"about":[{"href":"https:\/\/aromasentia.com\/da\/wp-json\/wp\/v2\/types\/product"}],"replies":[{"embeddable":true,"href":"https:\/\/aromasentia.com\/da\/wp-json\/wp\/v2\/comments?post=197279"}],"version-history":[{"count":0,"href":"https:\/\/aromasentia.com\/da\/wp-json\/wp\/v2\/product\/197279\/revisions"}],"wp:featuredmedia":[{"embeddable":true,"href":"https:\/\/aromasentia.com\/da\/wp-json\/wp\/v2\/media\/408821"}],"wp:attachment":[{"href":"https:\/\/aromasentia.com\/da\/wp-json\/wp\/v2\/media?parent=197279"}],"wp:term":[{"taxonomy":"product_brand","embeddable":true,"href":"https:\/\/aromasentia.com\/da\/wp-json\/wp\/v2\/product_brand?post=197279"},{"taxonomy":"product_cat","embeddable":true,"href":"https:\/\/aromasentia.com\/da\/wp-json\/wp\/v2\/product_cat?post=197279"},{"taxonomy":"product_tag","embeddable":true,"href":"https:\/\/aromasentia.com\/da\/wp-json\/wp\/v2\/product_tag?post=197279"}],"curies":[{"name":"wp","href":"https:\/\/api.w.org\/{rel}","templated":true}]}}