{"id":197271,"date":"2025-03-23T10:31:10","date_gmt":"2025-03-23T10:31:10","guid":{"rendered":"https:\/\/aromasentia.com\/product\/ritual-resin-on-stick-rose\/"},"modified":"2025-06-22T03:01:31","modified_gmt":"2025-06-22T03:01:31","slug":"ritual-harpiks-paa-pind-rose","status":"publish","type":"product","link":"https:\/\/aromasentia.com\/da\/ritual-harpiks-paa-pind-rose\/","title":{"rendered":"Ritual Harpiks P\u00e5 Pind &#8211; Rose"},"content":{"rendered":"<p><span style=\"color: rgb(75, 80, 88);\"><strong>Jeg pr\u00e6senterer en uds\u00f8gt kollektion af rituelle harpikser p\u00e5 pind<\/strong>, h\u00e5ndlavet i hjertet af Indien. Fordyb dig i den rige tradition for indisk spiritualitet og l\u00f8ft dine spirituelle praksisser med disse harpikser af f\u00f8rsteklasses kvalitet.<\/span><\/p>\n<p><span style=\"color: rgb(75, 80, 88);\"><strong>Produktet f\u00e5s i en kompakt og naturlig \u00f8ko-\u00e6ske, der indeholder 8 r\u00f8gelsespinde.<\/strong><\/span><\/p>\n<p><strong><span style=\"color: rgb(75, 80, 88);\">Fordyb dig i den romantiske og beroligende duft af rose med vores rituelle harpikser p\u00e5 pind<\/span><\/strong><span style=\"color: rgb(75, 80, 88);\">. &nbsp;Rose har l\u00e6nge v\u00e6ret forbundet med k\u00e6rlighed og f\u00f8lelsesm\u00e6ssig balance. Disse pinde giver dit rum en delikat og harmonisk aroma, ideel til meditation og selvplejeritualer.<\/span><\/p>\n<p><strong><span style=\"color: rgb(75, 80, 88);\">Br\u00e6ndetid:<\/span><\/strong><span style=\"color: rgb(75, 80, 88);\">50-60 minutter for hver pind<\/span><\/p>\n<p><span style=\"color: rgb(75, 80, 88);\"><strong>Oprindelse:<\/strong> Lavet i Indien<\/span><\/p>\n<p><span style=\"color: rgb(75, 80, 88);\"><strong>M\u00e5l:<\/strong> en pind er ca. 20 cm lang<\/span><\/p>\n<p><span style=\"color: rgb(75, 80, 88);\"><em>Naturlig | H\u00e5ndlavet | \u00d8koprodukt | Etisk fremskaffet | Ikke testet p\u00e5 dyr | B\u00e6redygtig emballage<\/em><\/span><\/p>\n<p><span style=\"color: rgb(75, 80, 88);\"><strong>Plejeanvisning:<\/strong> Opbevares t\u00f8rt ved stuetemperatur, v\u00e6k fra fugtighed.<\/span><\/p>\n","protected":false},"excerpt":{"rendered":"<p>Jeg pr\u00e6senterer en uds\u00f8gt kollektion af rituelle harpikser p\u00e5 pind, h\u00e5ndlavet i hjertet af Indien. Fordyb dig i den rige tradition for indisk spiritualitet og l\u00f8ft dine spirituelle praksisser med disse harpikser af f\u00f8rsteklasses kvalitet. Produktet f\u00e5s i en kompakt og naturlig \u00f8ko-\u00e6ske, der indeholder 8 r\u00f8gelsespinde. Fordyb dig i den romantiske og beroligende duft [&hellip;]<\/p>\n","protected":false},"featured_media":408749,"comment_status":"closed","ping_status":"open","template":"","meta":[],"product_brand":[27109],"product_cat":[26830,25839,5856,5836,25984],"product_tag":[],"class_list":{"0":"post-197271","1":"product","2":"type-product","3":"status-publish","4":"has-post-thumbnail","6":"product_brand-banjara","7":"product_cat-blomster","8":"product_cat-dufte-aromaer","9":"product_cat-resin-og-harpiks-rogelse","10":"product_cat-rogelse-og-rogelsesholdere","11":"product_cat-rose","12":"pa_collection-ritual-resins-on-stick-da","13":"pa_made-in-indien","15":"first","16":"outofstock","17":"purchasable","18":"product-type-simple"},"supplier_id":null,"supplier_sku":"RitRinc-02","barcode":null,"atum_controlled":true,"out_stock_date":"2026-01-26 08:34:17","out_stock_threshold":null,"inheritable":false,"inbound_stock":null,"stock_on_hold":0,"sold_today":0,"sales_last_days":0,"reserved_stock":null,"customer_returns":null,"warehouse_damage":null,"lost_in_post":null,"other_logs":null,"out_stock_days":10,"lost_sales":0,"has_location":null,"update_date":"2026-02-06T00:02:23","atum_locations":[],"atum_stock_status":"outofstock","restock_status":false,"low_stock_amount":"","sales_update_date":"2026-02-06T00:02:23","calc_backorders":null,"_links":{"self":[{"href":"https:\/\/aromasentia.com\/da\/wp-json\/wp\/v2\/product\/197271","targetHints":{"allow":["GET"]}}],"collection":[{"href":"https:\/\/aromasentia.com\/da\/wp-json\/wp\/v2\/product"}],"about":[{"href":"https:\/\/aromasentia.com\/da\/wp-json\/wp\/v2\/types\/product"}],"replies":[{"embeddable":true,"href":"https:\/\/aromasentia.com\/da\/wp-json\/wp\/v2\/comments?post=197271"}],"version-history":[{"count":0,"href":"https:\/\/aromasentia.com\/da\/wp-json\/wp\/v2\/product\/197271\/revisions"}],"wp:featuredmedia":[{"embeddable":true,"href":"https:\/\/aromasentia.com\/da\/wp-json\/wp\/v2\/media\/408749"}],"wp:attachment":[{"href":"https:\/\/aromasentia.com\/da\/wp-json\/wp\/v2\/media?parent=197271"}],"wp:term":[{"taxonomy":"product_brand","embeddable":true,"href":"https:\/\/aromasentia.com\/da\/wp-json\/wp\/v2\/product_brand?post=197271"},{"taxonomy":"product_cat","embeddable":true,"href":"https:\/\/aromasentia.com\/da\/wp-json\/wp\/v2\/product_cat?post=197271"},{"taxonomy":"product_tag","embeddable":true,"href":"https:\/\/aromasentia.com\/da\/wp-json\/wp\/v2\/product_tag?post=197271"}],"curies":[{"name":"wp","href":"https:\/\/api.w.org\/{rel}","templated":true}]}}