{"id":197266,"date":"2025-03-23T10:31:10","date_gmt":"2025-03-23T10:31:10","guid":{"rendered":"https:\/\/aromasentia.com\/product\/rope-incense-and-silver-plated-holder-set-mandala-flower\/"},"modified":"2025-06-22T03:01:29","modified_gmt":"2025-06-22T03:01:29","slug":"roegelse-i-reb-og-soelvbelagt-holder-mandala-flower","status":"publish","type":"product","link":"https:\/\/aromasentia.com\/da\/roegelse-i-reb-og-soelvbelagt-holder-mandala-flower\/","title":{"rendered":"R\u00f8gelse I Reb Og S\u00f8lvbelagt Holder &#8211; Mandala Flower"},"content":{"rendered":"<p><span style=\"color: rgb(75, 80, 88);\">R\u00f8gelse er generelt en af de varer med det st\u00f8rste salgspotentiale for den brede offentlighed. Disse <strong>Reb-r\u00f8gelsess\u00e6t med s\u00f8lvholder<\/strong> vil v\u00e6re en ideel tilf\u00f8jelse til din produktportef\u00f8lje.<\/span><\/p>\n<p><span style=\"color: rgb(75, 80, 88);\"><strong>Reb-r\u00f8gelse er en mindre kendt, praktisk og meget effektiv form for r\u00f8gelse.<\/strong><\/span><\/p>\n<p><span style=\"color: rgb(75, 80, 88);\"><strong>Hvert s\u00e6t indeholder ti r\u00f8gelsesstrenge, en s\u00f8lv-r\u00f8gelsesholder og en dekorativ \u00e6ske<\/strong>, sammen med en forklarende tekst (p\u00e5 engelsk) om egenskaberne ved hver r\u00f8gelse.<\/span><\/p>\n<p><span style=\"color: rgb(75, 80, 88);\"><strong>Mandalas<\/strong>repr\u00e6senterer balance, enhed og rejsen mod selvopdagelse og spirituel v\u00e6kst.<\/span><\/p>\n<p><span style=\"color: rgb(75, 80, 88);\">Det<strong>er det ikke bare dekoration; det er et symbol p\u00e5 ligev\u00e6gt og jagten p\u00e5 indre sandhed.<\/strong> Dine kunder, der s\u00f8ger spirituel indsigt, vil s\u00e6tte pris p\u00e5 det.<\/span><\/p>\n","protected":false},"excerpt":{"rendered":"<p>R\u00f8gelse er generelt en af de varer med det st\u00f8rste salgspotentiale for den brede offentlighed. Disse Reb-r\u00f8gelsess\u00e6t med s\u00f8lvholder vil v\u00e6re en ideel tilf\u00f8jelse til din produktportef\u00f8lje. Reb-r\u00f8gelse er en mindre kendt, praktisk og meget effektiv form for r\u00f8gelse. Hvert s\u00e6t indeholder ti r\u00f8gelsesstrenge, en s\u00f8lv-r\u00f8gelsesholder og en dekorativ \u00e6ske, sammen med en forklarende tekst [&hellip;]<\/p>\n","protected":false},"featured_media":408544,"comment_status":"closed","ping_status":"open","template":"","meta":[],"product_brand":[],"product_cat":[5836],"product_tag":[],"class_list":{"0":"post-197266","1":"product","2":"type-product","3":"status-publish","4":"has-post-thumbnail","6":"product_cat-rogelse-og-rogelsesholdere","7":"pa_collection-rope-incense-set-with-holder-da","8":"pa_made-in-nepal","10":"first","11":"instock","12":"purchasable","13":"product-type-simple"},"supplier_id":null,"supplier_sku":"RIH-03","barcode":null,"atum_controlled":true,"out_stock_date":null,"out_stock_threshold":null,"inheritable":false,"inbound_stock":null,"stock_on_hold":0,"sold_today":0,"sales_last_days":0,"reserved_stock":null,"customer_returns":null,"warehouse_damage":null,"lost_in_post":null,"other_logs":null,"out_stock_days":0,"lost_sales":0,"has_location":null,"update_date":"2026-02-01T15:51:11","atum_locations":[],"atum_stock_status":"instock","restock_status":false,"low_stock_amount":"","sales_update_date":"2026-01-30T01:25:45","calc_backorders":null,"_links":{"self":[{"href":"https:\/\/aromasentia.com\/da\/wp-json\/wp\/v2\/product\/197266","targetHints":{"allow":["GET"]}}],"collection":[{"href":"https:\/\/aromasentia.com\/da\/wp-json\/wp\/v2\/product"}],"about":[{"href":"https:\/\/aromasentia.com\/da\/wp-json\/wp\/v2\/types\/product"}],"replies":[{"embeddable":true,"href":"https:\/\/aromasentia.com\/da\/wp-json\/wp\/v2\/comments?post=197266"}],"version-history":[{"count":0,"href":"https:\/\/aromasentia.com\/da\/wp-json\/wp\/v2\/product\/197266\/revisions"}],"wp:featuredmedia":[{"embeddable":true,"href":"https:\/\/aromasentia.com\/da\/wp-json\/wp\/v2\/media\/408544"}],"wp:attachment":[{"href":"https:\/\/aromasentia.com\/da\/wp-json\/wp\/v2\/media?parent=197266"}],"wp:term":[{"taxonomy":"product_brand","embeddable":true,"href":"https:\/\/aromasentia.com\/da\/wp-json\/wp\/v2\/product_brand?post=197266"},{"taxonomy":"product_cat","embeddable":true,"href":"https:\/\/aromasentia.com\/da\/wp-json\/wp\/v2\/product_cat?post=197266"},{"taxonomy":"product_tag","embeddable":true,"href":"https:\/\/aromasentia.com\/da\/wp-json\/wp\/v2\/product_tag?post=197266"}],"curies":[{"name":"wp","href":"https:\/\/api.w.org\/{rel}","templated":true}]}}