{"id":197237,"date":"2025-03-23T10:31:17","date_gmt":"2025-03-23T10:31:17","guid":{"rendered":"https:\/\/aromasentia.com\/product\/smudge-stick-white-sage-peppermint-10cm-2\/"},"modified":"2025-06-22T03:01:13","modified_gmt":"2025-06-22T03:01:13","slug":"smudge-stick-hvid-salvie-og-pebermynte-10cm","status":"publish","type":"product","link":"https:\/\/aromasentia.com\/da\/smudge-stick-hvid-salvie-og-pebermynte-10cm\/","title":{"rendered":"Smudge Stick &#8211; Hvid Salvie Og Pebermynte 10cm"},"content":{"rendered":"<p>Hvid salvie betragtes af mange som hellig og menes at rense et rum for onde \u00e5nders energier. Denne kraft siges at blive frigivet fra planten ved afbr\u00e6nding af bladene som en del af renselsesceremonier.<\/p>\n<p>Pebermynte er meget forfriskende og beroligende og bruges ofte til renhed og beskyttelse. Den er kendt som en kraftfuld helbredende urt, der giver beskyttelse og kan tiltr\u00e6kke energier af rigdom og velstand til dem, der er villige til at udnytte den. &nbsp;<\/p>\n<p>Udtv\u00e6ring kan hj\u00e6lpe med at rense luften. Forskere har observeret, at salvie kan rense op til 94 procent af luftb\u00e5rne bakterier og desinficere luften. N\u00e5r salvie br\u00e6ndes, frigiver den ogs\u00e5 negative ioner, hvilket er forbundet med at bringe folk i et positivt hum\u00f8r.&nbsp;<\/p>\n<p>Udtv\u00e6ring kr\u00e6ver simple ingredienser som t\u00e6ndstikker, udtv\u00e6ringsurter og en udtv\u00e6ringssk\u00e5l. F\u00f8r du starter, skal du huske at \u00e5bne en d\u00f8r eller et vindue, fordi den u\u00f8nskede energi, du fors\u00f8ger at fjerne, skal have en vej ud. F\u00f8rst skal du t\u00e6nde den ene ende af din udtv\u00e6ring, s\u00e5 den kan ant\u00e6ndes og br\u00e6nde i flere sekunder. Pust derefter forsigtigt p\u00e5 den t\u00e6ndte ende &#8211; smudset vil begynde at gl\u00f8de og ryge. L\u00e6g smudset p\u00e5 en varmebestandig sk\u00e5l for at opsamle asken, mens det br\u00e6nder.<\/p>\n","protected":false},"excerpt":{"rendered":"<p>Hvid salvie betragtes af mange som hellig og menes at rense et rum for onde \u00e5nders energier. Denne kraft siges at blive frigivet fra planten ved afbr\u00e6nding af bladene som en del af renselsesceremonier. Pebermynte er meget forfriskende og beroligende og bruges ofte til renhed og beskyttelse. Den er kendt som en kraftfuld helbredende urt, [&hellip;]<\/p>\n","protected":false},"featured_media":410598,"comment_status":"closed","ping_status":"open","template":"","meta":{"_angie_page":false},"product_brand":[],"product_cat":[25839,26461,26872,25978,5836,25815,26858],"product_tag":[],"class_list":{"0":"post-197237","1":"product","2":"type-product","3":"status-publish","4":"has-post-thumbnail","6":"product_cat-dufte-aromaer","7":"product_cat-hvid-salvie","8":"product_cat-mynte","9":"product_cat-pebermynte","10":"product_cat-rogelse-og-rogelsesholdere","11":"product_cat-smudge-sticks","12":"product_cat-urte-aromatisk","13":"pa_collection-smudge-sticks-da","14":"pa_made-in-usa","16":"first","17":"outofstock","18":"purchasable","19":"product-type-simple"},"supplier_id":null,"supplier_sku":"SmudgeS-21","barcode":null,"atum_controlled":true,"out_stock_date":"2026-04-25 16:36:33","out_stock_threshold":null,"inheritable":false,"inbound_stock":null,"stock_on_hold":0,"sold_today":0,"sales_last_days":0,"reserved_stock":null,"customer_returns":null,"warehouse_damage":null,"lost_in_post":null,"other_logs":null,"out_stock_days":0,"lost_sales":0,"has_location":null,"update_date":"2026-04-27T07:21:40","atum_locations":[],"atum_stock_status":"outofstock","restock_status":false,"low_stock_amount":"","sales_update_date":"2026-02-06T00:01:26","calc_backorders":null,"_links":{"self":[{"href":"https:\/\/aromasentia.com\/da\/wp-json\/wp\/v2\/product\/197237","targetHints":{"allow":["GET"]}}],"collection":[{"href":"https:\/\/aromasentia.com\/da\/wp-json\/wp\/v2\/product"}],"about":[{"href":"https:\/\/aromasentia.com\/da\/wp-json\/wp\/v2\/types\/product"}],"replies":[{"embeddable":true,"href":"https:\/\/aromasentia.com\/da\/wp-json\/wp\/v2\/comments?post=197237"}],"version-history":[{"count":0,"href":"https:\/\/aromasentia.com\/da\/wp-json\/wp\/v2\/product\/197237\/revisions"}],"wp:featuredmedia":[{"embeddable":true,"href":"https:\/\/aromasentia.com\/da\/wp-json\/wp\/v2\/media\/410598"}],"wp:attachment":[{"href":"https:\/\/aromasentia.com\/da\/wp-json\/wp\/v2\/media?parent=197237"}],"wp:term":[{"taxonomy":"product_brand","embeddable":true,"href":"https:\/\/aromasentia.com\/da\/wp-json\/wp\/v2\/product_brand?post=197237"},{"taxonomy":"product_cat","embeddable":true,"href":"https:\/\/aromasentia.com\/da\/wp-json\/wp\/v2\/product_cat?post=197237"},{"taxonomy":"product_tag","embeddable":true,"href":"https:\/\/aromasentia.com\/da\/wp-json\/wp\/v2\/product_tag?post=197237"}],"curies":[{"name":"wp","href":"https:\/\/api.w.org\/{rel}","templated":true}]}}