{"id":197198,"date":"2025-03-23T10:31:40","date_gmt":"2025-03-23T10:31:40","guid":{"rendered":"https:\/\/aromasentia.com\/product\/protection-premium-incense\/"},"modified":"2025-06-22T03:00:51","modified_gmt":"2025-06-22T03:00:51","slug":"beskyttelse-premium-roegelse","status":"publish","type":"product","link":"https:\/\/aromasentia.com\/da\/beskyttelse-premium-roegelse\/","title":{"rendered":"Beskyttelse Premium R\u00f8gelse"},"content":{"rendered":"<p>Br\u00e6nd Protection Premium r\u00f8gelsespinden, lad r\u00f8gelsen tilf\u00f8re luften omkring dig og hj\u00e6lpe dig med at f\u00f8le dig rolig og beskyttet.<\/p>\n<p>T\u00e6nd blot spidsen af din r\u00f8gelsespind og vent p\u00e5, at den gl\u00f8der. Pust derefter flammen ud og placer den i en r\u00f8gelsesholder for en smuk duft i hele dit hjem.<\/p>\n<p>Br\u00e6ndetid ca. 30 minutter pr. pind. Fremstillet udelukkende af parfumer\u00e5materialer og emballagen er genanvendelig.<\/p>\n","protected":false},"excerpt":{"rendered":"<p>Br\u00e6nd Protection Premium r\u00f8gelsespinden, lad r\u00f8gelsen tilf\u00f8re luften omkring dig og hj\u00e6lpe dig med at f\u00f8le dig rolig og beskyttet. T\u00e6nd blot spidsen af din r\u00f8gelsespind og vent p\u00e5, at den gl\u00f8der. Pust derefter flammen ud og placer den i en r\u00f8gelsesholder for en smuk duft i hele dit hjem. Br\u00e6ndetid ca. 30 minutter pr. [&hellip;]<\/p>\n","protected":false},"featured_media":413484,"comment_status":"closed","ping_status":"open","template":"","meta":{"_angie_page":false},"product_brand":[27145],"product_cat":[5836,5847],"product_tag":[],"class_list":{"0":"post-197198","1":"product","2":"type-product","3":"status-publish","4":"has-post-thumbnail","6":"product_brand-stamford","7":"product_cat-rogelse-og-rogelsesholdere","8":"product_cat-rogelsespinde","9":"pa_collection-stamford-premium-incense-sticks-da","10":"pa_made-in-indien","12":"first","13":"instock","14":"purchasable","15":"product-type-simple"},"supplier_id":null,"supplier_sku":"StamFP-22","barcode":null,"atum_controlled":true,"out_stock_date":null,"out_stock_threshold":null,"inheritable":false,"inbound_stock":null,"stock_on_hold":0,"sold_today":0,"sales_last_days":0,"reserved_stock":null,"customer_returns":null,"warehouse_damage":null,"lost_in_post":null,"other_logs":null,"out_stock_days":0,"lost_sales":0,"has_location":null,"update_date":"2026-05-08T05:20:17","atum_locations":[],"atum_stock_status":"instock","restock_status":false,"low_stock_amount":"","sales_update_date":"2025-09-03T00:17:56","calc_backorders":null,"_links":{"self":[{"href":"https:\/\/aromasentia.com\/da\/wp-json\/wp\/v2\/product\/197198","targetHints":{"allow":["GET"]}}],"collection":[{"href":"https:\/\/aromasentia.com\/da\/wp-json\/wp\/v2\/product"}],"about":[{"href":"https:\/\/aromasentia.com\/da\/wp-json\/wp\/v2\/types\/product"}],"replies":[{"embeddable":true,"href":"https:\/\/aromasentia.com\/da\/wp-json\/wp\/v2\/comments?post=197198"}],"version-history":[{"count":0,"href":"https:\/\/aromasentia.com\/da\/wp-json\/wp\/v2\/product\/197198\/revisions"}],"wp:featuredmedia":[{"embeddable":true,"href":"https:\/\/aromasentia.com\/da\/wp-json\/wp\/v2\/media\/413484"}],"wp:attachment":[{"href":"https:\/\/aromasentia.com\/da\/wp-json\/wp\/v2\/media?parent=197198"}],"wp:term":[{"taxonomy":"product_brand","embeddable":true,"href":"https:\/\/aromasentia.com\/da\/wp-json\/wp\/v2\/product_brand?post=197198"},{"taxonomy":"product_cat","embeddable":true,"href":"https:\/\/aromasentia.com\/da\/wp-json\/wp\/v2\/product_cat?post=197198"},{"taxonomy":"product_tag","embeddable":true,"href":"https:\/\/aromasentia.com\/da\/wp-json\/wp\/v2\/product_tag?post=197198"}],"curies":[{"name":"wp","href":"https:\/\/api.w.org\/{rel}","templated":true}]}}