{"id":197191,"date":"2025-03-23T10:31:40","date_gmt":"2025-03-23T10:31:40","guid":{"rendered":"https:\/\/aromasentia.com\/product\/cinnamon-premium-incense\/"},"modified":"2025-06-22T03:00:48","modified_gmt":"2025-06-22T03:00:48","slug":"premium-roegelse-med-kanel","status":"publish","type":"product","link":"https:\/\/aromasentia.com\/da\/premium-roegelse-med-kanel\/","title":{"rendered":"Premium R\u00f8gelse med Kanel"},"content":{"rendered":"<p>Kanel Premium R\u00f8gelsen med sin fyldige og krydrede duft og et strejf af s\u00f8dme vil fylde dit hjem med en smuk duft.<\/p>\n<p>T\u00e6nd blot spidsen af din r\u00f8gelsespind og vent p\u00e5, at den gl\u00f8der. Pust derefter flammen ud og placer den i en r\u00f8gelsesholder for en smuk duft i hele dit hjem.<\/p>\n<p>Br\u00e6ndetid ca. 30 minutter pr. pind. Fremstillet udelukkende af parfumer\u00e5materialer og emballagen er genanvendelig.<\/p>\n","protected":false},"excerpt":{"rendered":"<p>Kanel Premium R\u00f8gelsen med sin fyldige og krydrede duft og et strejf af s\u00f8dme vil fylde dit hjem med en smuk duft. T\u00e6nd blot spidsen af din r\u00f8gelsespind og vent p\u00e5, at den gl\u00f8der. Pust derefter flammen ud og placer den i en r\u00f8gelsesholder for en smuk duft i hele dit hjem. Br\u00e6ndetid ca. 30 [&hellip;]<\/p>\n","protected":false},"featured_media":413365,"comment_status":"closed","ping_status":"open","template":"","meta":{"_angie_page":false},"product_brand":[27145],"product_cat":[25839,25935,26886,5836,5847],"product_tag":[],"class_list":{"0":"post-197191","1":"product","2":"type-product","3":"status-publish","4":"has-post-thumbnail","6":"product_brand-stamford","7":"product_cat-dufte-aromaer","8":"product_cat-kanel","9":"product_cat-krydret","10":"product_cat-rogelse-og-rogelsesholdere","11":"product_cat-rogelsespinde","12":"pa_collection-stamford-premium-incense-sticks-da","13":"pa_made-in-indien","15":"first","16":"instock","17":"purchasable","18":"product-type-simple"},"supplier_id":null,"supplier_sku":"StamFP-13","barcode":null,"atum_controlled":true,"out_stock_date":null,"out_stock_threshold":null,"inheritable":false,"inbound_stock":null,"stock_on_hold":0,"sold_today":0,"sales_last_days":0,"reserved_stock":null,"customer_returns":null,"warehouse_damage":null,"lost_in_post":null,"other_logs":null,"out_stock_days":0,"lost_sales":0,"has_location":null,"update_date":"2026-05-08T05:20:17","atum_locations":[],"atum_stock_status":"instock","restock_status":false,"low_stock_amount":"","sales_update_date":"2026-01-30T01:24:51","calc_backorders":null,"_links":{"self":[{"href":"https:\/\/aromasentia.com\/da\/wp-json\/wp\/v2\/product\/197191","targetHints":{"allow":["GET"]}}],"collection":[{"href":"https:\/\/aromasentia.com\/da\/wp-json\/wp\/v2\/product"}],"about":[{"href":"https:\/\/aromasentia.com\/da\/wp-json\/wp\/v2\/types\/product"}],"replies":[{"embeddable":true,"href":"https:\/\/aromasentia.com\/da\/wp-json\/wp\/v2\/comments?post=197191"}],"version-history":[{"count":0,"href":"https:\/\/aromasentia.com\/da\/wp-json\/wp\/v2\/product\/197191\/revisions"}],"wp:featuredmedia":[{"embeddable":true,"href":"https:\/\/aromasentia.com\/da\/wp-json\/wp\/v2\/media\/413365"}],"wp:attachment":[{"href":"https:\/\/aromasentia.com\/da\/wp-json\/wp\/v2\/media?parent=197191"}],"wp:term":[{"taxonomy":"product_brand","embeddable":true,"href":"https:\/\/aromasentia.com\/da\/wp-json\/wp\/v2\/product_brand?post=197191"},{"taxonomy":"product_cat","embeddable":true,"href":"https:\/\/aromasentia.com\/da\/wp-json\/wp\/v2\/product_cat?post=197191"},{"taxonomy":"product_tag","embeddable":true,"href":"https:\/\/aromasentia.com\/da\/wp-json\/wp\/v2\/product_tag?post=197191"}],"curies":[{"name":"wp","href":"https:\/\/api.w.org\/{rel}","templated":true}]}}