{"id":197183,"date":"2025-03-23T10:31:40","date_gmt":"2025-03-23T10:31:40","guid":{"rendered":"https:\/\/aromasentia.com\/product\/bamboo-incense-cones\/"},"modified":"2025-06-22T03:00:44","modified_gmt":"2025-06-22T03:00:44","slug":"roegelseskegler-i-bambus","status":"publish","type":"product","link":"https:\/\/aromasentia.com\/da\/roegelseskegler-i-bambus\/","title":{"rendered":"R\u00f8gelseskegler I Bambus"},"content":{"rendered":"<p><strong>Bambus-r\u00f8gelseskegler<\/strong> vil fylde dit hjem med en varm, klassisk duft og rig aroma.<\/p>\n<p>T\u00e6nd blot spidsen af r\u00f8gelseskeglen og vent p\u00e5, at den gl\u00f8der. Pust derefter flammen ud og placer den i en r\u00f8gelsesholder for en smuk duft i hele dit hjem.<\/p>\n<p><strong>Indeholder ca. 15 r\u00f8gelseskegler og en metalholder.<\/strong><\/p>\n<p><strong>Br\u00e6ndetid ca. 20 minutter pr. kegle.<\/strong><\/p>\n","protected":false},"excerpt":{"rendered":"<p>Bambus-r\u00f8gelseskegler vil fylde dit hjem med en varm, klassisk duft og rig aroma. T\u00e6nd blot spidsen af r\u00f8gelseskeglen og vent p\u00e5, at den gl\u00f8der. Pust derefter flammen ud og placer den i en r\u00f8gelsesholder for en smuk duft i hele dit hjem. Indeholder ca. 15 r\u00f8gelseskegler og en metalholder. Br\u00e6ndetid ca. 20 minutter pr. kegle.<\/p>\n","protected":false},"featured_media":413245,"comment_status":"closed","ping_status":"open","template":"","meta":{"_angie_page":false},"product_brand":[27145],"product_cat":[5836,5872],"product_tag":[],"class_list":{"0":"post-197183","1":"product","2":"type-product","3":"status-publish","4":"has-post-thumbnail","6":"product_brand-stamford","7":"product_cat-rogelse-og-rogelsesholdere","8":"product_cat-rogelseskegler","9":"pa_collection-stamford-premium-incense-cones-da","10":"pa_made-in-indien","12":"first","13":"instock","14":"purchasable","15":"product-type-simple"},"supplier_id":null,"supplier_sku":"StamC-18","barcode":null,"atum_controlled":true,"out_stock_date":null,"out_stock_threshold":null,"inheritable":false,"inbound_stock":null,"stock_on_hold":0,"sold_today":0,"sales_last_days":0,"reserved_stock":null,"customer_returns":null,"warehouse_damage":null,"lost_in_post":null,"other_logs":null,"out_stock_days":0,"lost_sales":0,"has_location":null,"update_date":"2026-04-27T07:23:25","atum_locations":[],"atum_stock_status":"instock","restock_status":false,"low_stock_amount":"","sales_update_date":"2026-02-06T00:01:46","calc_backorders":null,"_links":{"self":[{"href":"https:\/\/aromasentia.com\/da\/wp-json\/wp\/v2\/product\/197183","targetHints":{"allow":["GET"]}}],"collection":[{"href":"https:\/\/aromasentia.com\/da\/wp-json\/wp\/v2\/product"}],"about":[{"href":"https:\/\/aromasentia.com\/da\/wp-json\/wp\/v2\/types\/product"}],"replies":[{"embeddable":true,"href":"https:\/\/aromasentia.com\/da\/wp-json\/wp\/v2\/comments?post=197183"}],"version-history":[{"count":0,"href":"https:\/\/aromasentia.com\/da\/wp-json\/wp\/v2\/product\/197183\/revisions"}],"wp:featuredmedia":[{"embeddable":true,"href":"https:\/\/aromasentia.com\/da\/wp-json\/wp\/v2\/media\/413245"}],"wp:attachment":[{"href":"https:\/\/aromasentia.com\/da\/wp-json\/wp\/v2\/media?parent=197183"}],"wp:term":[{"taxonomy":"product_brand","embeddable":true,"href":"https:\/\/aromasentia.com\/da\/wp-json\/wp\/v2\/product_brand?post=197183"},{"taxonomy":"product_cat","embeddable":true,"href":"https:\/\/aromasentia.com\/da\/wp-json\/wp\/v2\/product_cat?post=197183"},{"taxonomy":"product_tag","embeddable":true,"href":"https:\/\/aromasentia.com\/da\/wp-json\/wp\/v2\/product_tag?post=197183"}],"curies":[{"name":"wp","href":"https:\/\/api.w.org\/{rel}","templated":true}]}}