{"id":197173,"date":"2025-03-23T10:31:40","date_gmt":"2025-03-23T10:31:40","guid":{"rendered":"https:\/\/aromasentia.com\/product\/coconut-incense-cones\/"},"modified":"2025-06-22T03:00:38","modified_gmt":"2025-06-22T03:00:38","slug":"roegelseskegler-af-kokosnoed","status":"publish","type":"product","link":"https:\/\/aromasentia.com\/da\/roegelseskegler-af-kokosnoed\/","title":{"rendered":"R\u00f8gelseskegler Af Kokosn\u00f8d"},"content":{"rendered":"<p>Disse<strong>Stamford Premium R\u00f8gelseskegler &#8211; Kokos<\/strong> vil l\u00f8fte dig med delikate dufte og give dig sk\u00f8n afslapning. De vidunderlige dufte er bl\u00f8de og langvarige, perfekte til afslapning eller meditation.<\/p>\n<p>T\u00e6nd blot spidsen af r\u00f8gelseskeglen og vent p\u00e5, at den gl\u00f8der. Pust derefter flammen ud og placer den i en r\u00f8gelsesholder for en smuk duft i hele dit hjem.<\/p>\n<p><strong>En pakke indeholder ca. 15 r\u00f8gelseskegler og en metalholder.<\/strong><\/p>\n<p><strong>Br\u00e6ndetid ca. 20 minutter pr. kegle.<\/strong><\/p>\n","protected":false},"excerpt":{"rendered":"<p>DisseStamford Premium R\u00f8gelseskegler &#8211; Kokos vil l\u00f8fte dig med delikate dufte og give dig sk\u00f8n afslapning. De vidunderlige dufte er bl\u00f8de og langvarige, perfekte til afslapning eller meditation. T\u00e6nd blot spidsen af r\u00f8gelseskeglen og vent p\u00e5, at den gl\u00f8der. Pust derefter flammen ud og placer den i en r\u00f8gelsesholder for en smuk duft i hele [&hellip;]<\/p>\n","protected":false},"featured_media":413091,"comment_status":"closed","ping_status":"open","template":"","meta":[],"product_brand":[27145],"product_cat":[5836,5872],"product_tag":[],"class_list":{"0":"post-197173","1":"product","2":"type-product","3":"status-publish","4":"has-post-thumbnail","6":"product_brand-stamford","7":"product_cat-rogelse-og-rogelsesholdere","8":"product_cat-rogelseskegler","9":"pa_collection-stamford-premium-incense-cones-da","10":"pa_made-in-indien","12":"first","13":"outofstock","14":"purchasable","15":"product-type-simple"},"supplier_id":null,"supplier_sku":"StamC-23","barcode":null,"atum_controlled":true,"out_stock_date":"2026-01-20 03:40:53","out_stock_threshold":null,"inheritable":false,"inbound_stock":null,"stock_on_hold":0,"sold_today":0,"sales_last_days":0,"reserved_stock":null,"customer_returns":null,"warehouse_damage":null,"lost_in_post":null,"other_logs":null,"out_stock_days":9,"lost_sales":0,"has_location":null,"update_date":"2026-01-30T01:25:01","atum_locations":[],"atum_stock_status":"outofstock","restock_status":false,"low_stock_amount":"","sales_update_date":"2026-01-30T01:25:01","calc_backorders":null,"_links":{"self":[{"href":"https:\/\/aromasentia.com\/da\/wp-json\/wp\/v2\/product\/197173","targetHints":{"allow":["GET"]}}],"collection":[{"href":"https:\/\/aromasentia.com\/da\/wp-json\/wp\/v2\/product"}],"about":[{"href":"https:\/\/aromasentia.com\/da\/wp-json\/wp\/v2\/types\/product"}],"replies":[{"embeddable":true,"href":"https:\/\/aromasentia.com\/da\/wp-json\/wp\/v2\/comments?post=197173"}],"version-history":[{"count":0,"href":"https:\/\/aromasentia.com\/da\/wp-json\/wp\/v2\/product\/197173\/revisions"}],"wp:featuredmedia":[{"embeddable":true,"href":"https:\/\/aromasentia.com\/da\/wp-json\/wp\/v2\/media\/413091"}],"wp:attachment":[{"href":"https:\/\/aromasentia.com\/da\/wp-json\/wp\/v2\/media?parent=197173"}],"wp:term":[{"taxonomy":"product_brand","embeddable":true,"href":"https:\/\/aromasentia.com\/da\/wp-json\/wp\/v2\/product_brand?post=197173"},{"taxonomy":"product_cat","embeddable":true,"href":"https:\/\/aromasentia.com\/da\/wp-json\/wp\/v2\/product_cat?post=197173"},{"taxonomy":"product_tag","embeddable":true,"href":"https:\/\/aromasentia.com\/da\/wp-json\/wp\/v2\/product_tag?post=197173"}],"curies":[{"name":"wp","href":"https:\/\/api.w.org\/{rel}","templated":true}]}}