{"id":197171,"date":"2025-03-23T10:31:40","date_gmt":"2025-03-23T10:31:40","guid":{"rendered":"https:\/\/aromasentia.com\/product\/californian-white-sage-incense-cones\/"},"modified":"2025-06-22T03:00:37","modified_gmt":"2025-06-22T03:00:37","slug":"californisk-hvid-salvie-roegelseskegler","status":"publish","type":"product","link":"https:\/\/aromasentia.com\/da\/californisk-hvid-salvie-roegelseskegler\/","title":{"rendered":"Californisk Hvid Salvie R\u00f8gelseskegler"},"content":{"rendered":"<p>Disse<strong>Stamford Premium R\u00f8gelseskegler &#8211; Californisk Hvid Salvie<\/strong> vil l\u00f8fte dig op med delikate dufte og give dig sk\u00f8n afslapning. De vidunderlige dufte er bl\u00f8de og langvarige, perfekte til afslapning eller meditation.<\/p>\n<p>T\u00e6nd blot spidsen af r\u00f8gelseskeglen og vent p\u00e5, at den gl\u00f8der. Pust derefter flammen ud og placer den i en r\u00f8gelsesholder for en smuk duft i hele dit hjem.<\/p>\n<p><strong>En pakke indeholder ca. 15 r\u00f8gelseskegler og en metalholder.<\/strong><\/p>\n<p><strong>Br\u00e6ndetid ca. 20 minutter pr. kegle.<\/strong><\/p>\n","protected":false},"excerpt":{"rendered":"<p>DisseStamford Premium R\u00f8gelseskegler &#8211; Californisk Hvid Salvie vil l\u00f8fte dig op med delikate dufte og give dig sk\u00f8n afslapning. De vidunderlige dufte er bl\u00f8de og langvarige, perfekte til afslapning eller meditation. T\u00e6nd blot spidsen af r\u00f8gelseskeglen og vent p\u00e5, at den gl\u00f8der. Pust derefter flammen ud og placer den i en r\u00f8gelsesholder for en smuk [&hellip;]<\/p>\n","protected":false},"featured_media":413065,"comment_status":"closed","ping_status":"open","template":"","meta":[],"product_brand":[27145],"product_cat":[25839,26461,5836,5872,26858],"product_tag":[],"class_list":{"0":"post-197171","1":"product","2":"type-product","3":"status-publish","4":"has-post-thumbnail","6":"product_brand-stamford","7":"product_cat-dufte-aromaer","8":"product_cat-hvid-salvie","9":"product_cat-rogelse-og-rogelsesholdere","10":"product_cat-rogelseskegler","11":"product_cat-urte-aromatisk","12":"pa_collection-stamford-premium-incense-cones-da","13":"pa_made-in-indien","15":"first","16":"instock","17":"purchasable","18":"product-type-simple"},"supplier_id":null,"supplier_sku":"StamC-21","barcode":null,"atum_controlled":true,"out_stock_date":null,"out_stock_threshold":null,"inheritable":false,"inbound_stock":null,"stock_on_hold":0,"sold_today":0,"sales_last_days":0,"reserved_stock":null,"customer_returns":null,"warehouse_damage":null,"lost_in_post":null,"other_logs":null,"out_stock_days":0,"lost_sales":0,"has_location":null,"update_date":"2026-02-12T03:44:41","atum_locations":[],"atum_stock_status":"instock","restock_status":false,"low_stock_amount":"","sales_update_date":"2026-01-30T01:24:33","calc_backorders":null,"_links":{"self":[{"href":"https:\/\/aromasentia.com\/da\/wp-json\/wp\/v2\/product\/197171","targetHints":{"allow":["GET"]}}],"collection":[{"href":"https:\/\/aromasentia.com\/da\/wp-json\/wp\/v2\/product"}],"about":[{"href":"https:\/\/aromasentia.com\/da\/wp-json\/wp\/v2\/types\/product"}],"replies":[{"embeddable":true,"href":"https:\/\/aromasentia.com\/da\/wp-json\/wp\/v2\/comments?post=197171"}],"version-history":[{"count":0,"href":"https:\/\/aromasentia.com\/da\/wp-json\/wp\/v2\/product\/197171\/revisions"}],"wp:featuredmedia":[{"embeddable":true,"href":"https:\/\/aromasentia.com\/da\/wp-json\/wp\/v2\/media\/413065"}],"wp:attachment":[{"href":"https:\/\/aromasentia.com\/da\/wp-json\/wp\/v2\/media?parent=197171"}],"wp:term":[{"taxonomy":"product_brand","embeddable":true,"href":"https:\/\/aromasentia.com\/da\/wp-json\/wp\/v2\/product_brand?post=197171"},{"taxonomy":"product_cat","embeddable":true,"href":"https:\/\/aromasentia.com\/da\/wp-json\/wp\/v2\/product_cat?post=197171"},{"taxonomy":"product_tag","embeddable":true,"href":"https:\/\/aromasentia.com\/da\/wp-json\/wp\/v2\/product_tag?post=197171"}],"curies":[{"name":"wp","href":"https:\/\/api.w.org\/{rel}","templated":true}]}}