{"id":197153,"date":"2025-03-23T10:31:48","date_gmt":"2025-03-23T10:31:48","guid":{"rendered":"https:\/\/aromasentia.com\/product\/tribal-soul-backflow-incesne-white-sage-lavender\/"},"modified":"2025-06-22T03:00:27","modified_gmt":"2025-06-22T03:00:27","slug":"tribal-soul-backflow-roegelse-hvid-salvie-lavendel","status":"publish","type":"product","link":"https:\/\/aromasentia.com\/da\/tribal-soul-backflow-roegelse-hvid-salvie-lavendel\/","title":{"rendered":"Tribal Soul Backflow R\u00f8gelse &#8211; Hvid Salvie + Lavendel"},"content":{"rendered":"<p><span style=\"color: rgb(75, 80, 88);\">Disse f\u00f8rsteklasses <strong>Aroma Sentia-ping Tribal Soul Backflow Incense &#8211; White Sage<\/strong><\/span><strong>+<\/strong><span style=\"color: rgb(75, 80, 88);\"><strong>&nbsp;Lavendel-kegler<\/strong> er perfekte til brug med backflow-br\u00e6ndere.<\/span><\/p>\n<p><span style=\"color: rgb(75, 80, 88);\">Smukt pakket i dekorative \u00e6sker og overh\u00e6ldt med aromatiske olier for en fantastisk duft.<\/span><\/p>\n<p><span style=\"color: rgb(75, 80, 88);\">Designet til at tage dig til dit lykkelige sted, er disse backflow-r\u00f8gelseskegler den perfekte gave til dem, der elsker en dejlig duft eller bare en fork\u00e6lelse til dig selv.<\/span><\/p>\n<p><span style=\"color: rgb(75, 80, 88);\"><strong>Br\u00e6ndetid: Ca. 40 min<\/strong><\/span><\/p>\n<p><span style=\"color: rgb(75, 80, 88);\"><strong>Hver<\/strong><\/span><strong><span style=\"color: rgb(75, 80, 88);\"><strong>Hver pakke indeholder 10 tilbagel\u00f8bskegler.<\/strong><\/span><\/strong><\/p>\n","protected":false},"excerpt":{"rendered":"<p>Disse f\u00f8rsteklasses Aroma Sentia-ping Tribal Soul Backflow Incense &#8211; White Sage+&nbsp;Lavendel-kegler er perfekte til brug med backflow-br\u00e6ndere. Smukt pakket i dekorative \u00e6sker og overh\u00e6ldt med aromatiske olier for en fantastisk duft. Designet til at tage dig til dit lykkelige sted, er disse backflow-r\u00f8gelseskegler den perfekte gave til dem, der elsker en dejlig duft eller bare [&hellip;]<\/p>\n","protected":false},"featured_media":414627,"comment_status":"closed","ping_status":"open","template":"","meta":{"_angie_page":false},"product_brand":[27146],"product_cat":[26830,25839,26461,25957,5836,5872,26858],"product_tag":[],"class_list":{"0":"post-197153","1":"product","2":"type-product","3":"status-publish","4":"has-post-thumbnail","6":"product_brand-tribal-soul","7":"product_cat-blomster","8":"product_cat-dufte-aromaer","9":"product_cat-hvid-salvie","10":"product_cat-lavendel","11":"product_cat-rogelse-og-rogelsesholdere","12":"product_cat-rogelseskegler","13":"product_cat-urte-aromatisk","14":"pa_collection-tribal-soul-premium-backflow-incense-cones-da","15":"pa_made-in-indien","17":"first","18":"instock","19":"purchasable","20":"product-type-simple"},"supplier_id":null,"supplier_sku":"TribalBF-05","barcode":null,"atum_controlled":true,"out_stock_date":null,"out_stock_threshold":null,"inheritable":false,"inbound_stock":null,"stock_on_hold":0,"sold_today":0,"sales_last_days":0,"reserved_stock":null,"customer_returns":null,"warehouse_damage":null,"lost_in_post":null,"other_logs":null,"out_stock_days":0,"lost_sales":0,"has_location":null,"update_date":"2026-05-08T05:21:26","atum_locations":[],"atum_stock_status":"instock","restock_status":false,"low_stock_amount":"","sales_update_date":"2025-09-03T00:17:48","calc_backorders":null,"_links":{"self":[{"href":"https:\/\/aromasentia.com\/da\/wp-json\/wp\/v2\/product\/197153","targetHints":{"allow":["GET"]}}],"collection":[{"href":"https:\/\/aromasentia.com\/da\/wp-json\/wp\/v2\/product"}],"about":[{"href":"https:\/\/aromasentia.com\/da\/wp-json\/wp\/v2\/types\/product"}],"replies":[{"embeddable":true,"href":"https:\/\/aromasentia.com\/da\/wp-json\/wp\/v2\/comments?post=197153"}],"version-history":[{"count":0,"href":"https:\/\/aromasentia.com\/da\/wp-json\/wp\/v2\/product\/197153\/revisions"}],"wp:featuredmedia":[{"embeddable":true,"href":"https:\/\/aromasentia.com\/da\/wp-json\/wp\/v2\/media\/414627"}],"wp:attachment":[{"href":"https:\/\/aromasentia.com\/da\/wp-json\/wp\/v2\/media?parent=197153"}],"wp:term":[{"taxonomy":"product_brand","embeddable":true,"href":"https:\/\/aromasentia.com\/da\/wp-json\/wp\/v2\/product_brand?post=197153"},{"taxonomy":"product_cat","embeddable":true,"href":"https:\/\/aromasentia.com\/da\/wp-json\/wp\/v2\/product_cat?post=197153"},{"taxonomy":"product_tag","embeddable":true,"href":"https:\/\/aromasentia.com\/da\/wp-json\/wp\/v2\/product_tag?post=197153"}],"curies":[{"name":"wp","href":"https:\/\/api.w.org\/{rel}","templated":true}]}}