{"id":197146,"date":"2025-03-23T10:31:48","date_gmt":"2025-03-23T10:31:48","guid":{"rendered":"https:\/\/aromasentia.com\/product\/buddha-long-leaf-tibetan-decor-incense-holder\/"},"modified":"2025-06-22T03:00:24","modified_gmt":"2025-06-22T03:00:24","slug":"buddha-long-leaf-tibetansk-dekorativ-roegelsesholder","status":"publish","type":"product","link":"https:\/\/aromasentia.com\/da\/buddha-long-leaf-tibetansk-dekorativ-roegelsesholder\/","title":{"rendered":"Buddha Long Leaf Tibetansk Dekorativ R\u00f8gelsesholder"},"content":{"rendered":"<p><span style=\"color: rgb(75, 80, 88);\"><strong>Fordyb dine kunder i mystikken bag vores tibetanske r\u00f8gelsesholdere<\/strong>, en kollektion hvor hvert stykke er et k\u00e6rlighedsarbejde, h\u00e5ndlavet fra Indiens hjerteland.<\/span><\/p>\n<p><span style=\"color: rgb(75, 80, 88);\"><strong>Farvepaletten af r\u00f8d, dybbl\u00e5 og turkis,<\/strong> kombineret med s\u00f8lvmetal <strong>og gulddetaljer<\/strong>, tilf\u00f8jer et lag af dybde og rigdom til hvert stykke. <strong>De afspejler en forbindelse til<\/strong> det guddommelige, de naturlige elementer og <strong>buddhismens<\/strong> dybe l\u00e6re, hvilket g\u00f8r hvert stykke ikke blot til en funktionel genstand, men ogs\u00e5 et symbol p\u00e5 tibetansk kultur og spiritualitet.<\/span><\/p>\n<p><span style=\"color: rgb(75, 80, 88);\">Buddha Long Leaf Tibetan Decor R\u00f8gelsesholder tilbyder et fristed for oplysning og fred.<\/span><\/p>\n<p><span style=\"color: rgb(75, 80, 88);\">Dette design viser den fredfyldte Buddha, der symboliserer rejsen til selvopdagelse og oplysning, vugget i favnen af en lang, bladformet holder. Dens h\u00e5ndlagte keramiske stykker glimter i nuancer af himmel og hav<\/span><\/p>\n<p><span style=\"color: rgb(75, 80, 88);\"><strong>M\u00e5l:<\/strong><\/span><\/p>\n<p><em>30 x 5,5 x 5,5 cm<\/em> <\/p>\n","protected":false},"excerpt":{"rendered":"<p>Fordyb dine kunder i mystikken bag vores tibetanske r\u00f8gelsesholdere, en kollektion hvor hvert stykke er et k\u00e6rlighedsarbejde, h\u00e5ndlavet fra Indiens hjerteland. Farvepaletten af r\u00f8d, dybbl\u00e5 og turkis, kombineret med s\u00f8lvmetal og gulddetaljer, tilf\u00f8jer et lag af dybde og rigdom til hvert stykke. De afspejler en forbindelse til det guddommelige, de naturlige elementer og buddhismens dybe [&hellip;]<\/p>\n","protected":false},"featured_media":414492,"comment_status":"closed","ping_status":"open","template":"","meta":[],"product_brand":[],"product_cat":[5836,5840,5837],"product_tag":[],"class_list":{"0":"post-197146","1":"product","2":"type-product","3":"status-publish","4":"has-post-thumbnail","6":"product_cat-rogelse-og-rogelsesholdere","7":"product_cat-rogelsesbraendere","8":"product_cat-rogelsesholdere-og-rogelsesbraendere","9":"pa_collection-tibetan-decor-incense-holders-da","10":"pa_made-in-indien","12":"first","13":"instock","14":"purchasable","15":"product-type-simple"},"supplier_id":null,"supplier_sku":"TDIH-05","barcode":null,"atum_controlled":true,"out_stock_date":null,"out_stock_threshold":null,"inheritable":false,"inbound_stock":null,"stock_on_hold":0,"sold_today":0,"sales_last_days":0,"reserved_stock":null,"customer_returns":null,"warehouse_damage":null,"lost_in_post":null,"other_logs":null,"out_stock_days":0,"lost_sales":0,"has_location":null,"update_date":"2026-02-08T17:16:00","atum_locations":[],"atum_stock_status":"instock","restock_status":false,"low_stock_amount":"","sales_update_date":"2025-09-03T00:17:46","calc_backorders":null,"_links":{"self":[{"href":"https:\/\/aromasentia.com\/da\/wp-json\/wp\/v2\/product\/197146","targetHints":{"allow":["GET"]}}],"collection":[{"href":"https:\/\/aromasentia.com\/da\/wp-json\/wp\/v2\/product"}],"about":[{"href":"https:\/\/aromasentia.com\/da\/wp-json\/wp\/v2\/types\/product"}],"replies":[{"embeddable":true,"href":"https:\/\/aromasentia.com\/da\/wp-json\/wp\/v2\/comments?post=197146"}],"version-history":[{"count":0,"href":"https:\/\/aromasentia.com\/da\/wp-json\/wp\/v2\/product\/197146\/revisions"}],"wp:featuredmedia":[{"embeddable":true,"href":"https:\/\/aromasentia.com\/da\/wp-json\/wp\/v2\/media\/414492"}],"wp:attachment":[{"href":"https:\/\/aromasentia.com\/da\/wp-json\/wp\/v2\/media?parent=197146"}],"wp:term":[{"taxonomy":"product_brand","embeddable":true,"href":"https:\/\/aromasentia.com\/da\/wp-json\/wp\/v2\/product_brand?post=197146"},{"taxonomy":"product_cat","embeddable":true,"href":"https:\/\/aromasentia.com\/da\/wp-json\/wp\/v2\/product_cat?post=197146"},{"taxonomy":"product_tag","embeddable":true,"href":"https:\/\/aromasentia.com\/da\/wp-json\/wp\/v2\/product_tag?post=197146"}],"curies":[{"name":"wp","href":"https:\/\/api.w.org\/{rel}","templated":true}]}}