{"id":197130,"date":"2025-03-23T10:31:48","date_gmt":"2025-03-23T10:31:48","guid":{"rendered":"https:\/\/aromasentia.com\/product\/citronella-lemongrass-premium-incense\/"},"modified":"2025-06-22T03:00:15","modified_gmt":"2025-06-22T03:00:15","slug":"citronella-citrongraes-premium-roegelse","status":"publish","type":"product","link":"https:\/\/aromasentia.com\/da\/citronella-citrongraes-premium-roegelse\/","title":{"rendered":"Citronella &#038; Citrongr\u00e6s Premium R\u00f8gelse"},"content":{"rendered":"<p>Wholesale Stamford Hexagonal Incense Sticks giver dig mulighed for at l\u00e6ne dig tilbage, slappe af og nyde den subtile duft og aroma, n\u00e5r du lader r\u00f8gelsen fylde luften omkring dig.<\/p>\n<p>Med dette udvalg af r\u00f8gelsespinde kan du skabe den perfekte stemning til afslapning, underholdning og et virkelig stilfuldt hjem. Med dufte af god kvalitet i hvert design har du noget s\u00e6rligt at v\u00e6lge imellem for alle kunder.<\/p>\n","protected":false},"excerpt":{"rendered":"<p>Wholesale Stamford Hexagonal Incense Sticks giver dig mulighed for at l\u00e6ne dig tilbage, slappe af og nyde den subtile duft og aroma, n\u00e5r du lader r\u00f8gelsen fylde luften omkring dig. Med dette udvalg af r\u00f8gelsespinde kan du skabe den perfekte stemning til afslapning, underholdning og et virkelig stilfuldt hjem. Med dufte af god kvalitet i [&hellip;]<\/p>\n","protected":false},"featured_media":413988,"comment_status":"closed","ping_status":"open","template":"","meta":{"_angie_page":false},"product_brand":[27145],"product_cat":[25936,25961,26816,25839,5836,5847],"product_tag":[],"class_list":{"0":"post-197130","1":"product","2":"type-product","3":"status-publish","4":"has-post-thumbnail","6":"product_brand-stamford","7":"product_cat-citronella","8":"product_cat-citrongraes","9":"product_cat-citrus","10":"product_cat-dufte-aromaer","11":"product_cat-rogelse-og-rogelsesholdere","12":"product_cat-rogelsespinde","13":"pa_collection-stamford-premium-incense-sticks-da","14":"pa_made-in-indien","16":"first","17":"instock","18":"purchasable","19":"product-type-simple"},"supplier_id":null,"supplier_sku":"StamFP-46","barcode":null,"atum_controlled":true,"out_stock_date":null,"out_stock_threshold":null,"inheritable":false,"inbound_stock":null,"stock_on_hold":0,"sold_today":0,"sales_last_days":0,"reserved_stock":null,"customer_returns":null,"warehouse_damage":null,"lost_in_post":null,"other_logs":null,"out_stock_days":0,"lost_sales":0,"has_location":null,"update_date":"2026-04-27T07:23:41","atum_locations":[],"atum_stock_status":"instock","restock_status":false,"low_stock_amount":"","sales_update_date":"2026-01-30T01:26:10","calc_backorders":null,"_links":{"self":[{"href":"https:\/\/aromasentia.com\/da\/wp-json\/wp\/v2\/product\/197130","targetHints":{"allow":["GET"]}}],"collection":[{"href":"https:\/\/aromasentia.com\/da\/wp-json\/wp\/v2\/product"}],"about":[{"href":"https:\/\/aromasentia.com\/da\/wp-json\/wp\/v2\/types\/product"}],"replies":[{"embeddable":true,"href":"https:\/\/aromasentia.com\/da\/wp-json\/wp\/v2\/comments?post=197130"}],"version-history":[{"count":0,"href":"https:\/\/aromasentia.com\/da\/wp-json\/wp\/v2\/product\/197130\/revisions"}],"wp:featuredmedia":[{"embeddable":true,"href":"https:\/\/aromasentia.com\/da\/wp-json\/wp\/v2\/media\/413988"}],"wp:attachment":[{"href":"https:\/\/aromasentia.com\/da\/wp-json\/wp\/v2\/media?parent=197130"}],"wp:term":[{"taxonomy":"product_brand","embeddable":true,"href":"https:\/\/aromasentia.com\/da\/wp-json\/wp\/v2\/product_brand?post=197130"},{"taxonomy":"product_cat","embeddable":true,"href":"https:\/\/aromasentia.com\/da\/wp-json\/wp\/v2\/product_cat?post=197130"},{"taxonomy":"product_tag","embeddable":true,"href":"https:\/\/aromasentia.com\/da\/wp-json\/wp\/v2\/product_tag?post=197130"}],"curies":[{"name":"wp","href":"https:\/\/api.w.org\/{rel}","templated":true}]}}