{"id":197126,"date":"2025-03-23T10:31:48","date_gmt":"2025-03-23T10:31:48","guid":{"rendered":"https:\/\/aromasentia.com\/product\/refreshing-premium-incense-sticks\/"},"modified":"2025-06-22T03:00:14","modified_gmt":"2025-06-22T03:00:14","slug":"forfriskende-roegelsespinde-af-hoej-kvalitet","status":"publish","type":"product","link":"https:\/\/aromasentia.com\/da\/forfriskende-roegelsespinde-af-hoej-kvalitet\/","title":{"rendered":"Forfriskende R\u00f8gelsespinde Af H\u00f8j Kvalitet"},"content":{"rendered":"<p>Opfrisk dine sanser og l\u00f8ft dit hum\u00f8r med disse Refreshing premium r\u00f8gelsespinde. Disse pinde er fremstillet af en blanding af ingredienser af h\u00f8j kvalitet, der er kendt for deres energigivende egenskaber, og de frigiver en langvarig aroma, der er med til at skabe en revitaliserende atmosf\u00e6re.<\/p>\n","protected":false},"excerpt":{"rendered":"<p>Opfrisk dine sanser og l\u00f8ft dit hum\u00f8r med disse Refreshing premium r\u00f8gelsespinde. Disse pinde er fremstillet af en blanding af ingredienser af h\u00f8j kvalitet, der er kendt for deres energigivende egenskaber, og de frigiver en langvarig aroma, der er med til at skabe en revitaliserende atmosf\u00e6re.<\/p>\n","protected":false},"featured_media":413968,"comment_status":"closed","ping_status":"open","template":"","meta":{"_angie_page":false},"product_brand":[27145],"product_cat":[5836,5847],"product_tag":[],"class_list":{"0":"post-197126","1":"product","2":"type-product","3":"status-publish","4":"has-post-thumbnail","6":"product_brand-stamford","7":"product_cat-rogelse-og-rogelsesholdere","8":"product_cat-rogelsespinde","9":"pa_collection-stamford-premium-incense-sticks-da","10":"pa_made-in-indien","12":"first","13":"instock","14":"purchasable","15":"product-type-simple"},"supplier_id":null,"supplier_sku":"StamFP-36","barcode":null,"atum_controlled":true,"out_stock_date":null,"out_stock_threshold":null,"inheritable":false,"inbound_stock":null,"stock_on_hold":0,"sold_today":0,"sales_last_days":0,"reserved_stock":null,"customer_returns":null,"warehouse_damage":null,"lost_in_post":null,"other_logs":null,"out_stock_days":0,"lost_sales":0,"has_location":null,"update_date":"2026-05-08T05:20:17","atum_locations":[],"atum_stock_status":"instock","restock_status":false,"low_stock_amount":"","sales_update_date":"2026-01-30T01:24:46","calc_backorders":null,"_links":{"self":[{"href":"https:\/\/aromasentia.com\/da\/wp-json\/wp\/v2\/product\/197126","targetHints":{"allow":["GET"]}}],"collection":[{"href":"https:\/\/aromasentia.com\/da\/wp-json\/wp\/v2\/product"}],"about":[{"href":"https:\/\/aromasentia.com\/da\/wp-json\/wp\/v2\/types\/product"}],"replies":[{"embeddable":true,"href":"https:\/\/aromasentia.com\/da\/wp-json\/wp\/v2\/comments?post=197126"}],"version-history":[{"count":0,"href":"https:\/\/aromasentia.com\/da\/wp-json\/wp\/v2\/product\/197126\/revisions"}],"wp:featuredmedia":[{"embeddable":true,"href":"https:\/\/aromasentia.com\/da\/wp-json\/wp\/v2\/media\/413968"}],"wp:attachment":[{"href":"https:\/\/aromasentia.com\/da\/wp-json\/wp\/v2\/media?parent=197126"}],"wp:term":[{"taxonomy":"product_brand","embeddable":true,"href":"https:\/\/aromasentia.com\/da\/wp-json\/wp\/v2\/product_brand?post=197126"},{"taxonomy":"product_cat","embeddable":true,"href":"https:\/\/aromasentia.com\/da\/wp-json\/wp\/v2\/product_cat?post=197126"},{"taxonomy":"product_tag","embeddable":true,"href":"https:\/\/aromasentia.com\/da\/wp-json\/wp\/v2\/product_tag?post=197126"}],"curies":[{"name":"wp","href":"https:\/\/api.w.org\/{rel}","templated":true}]}}