{"id":197124,"date":"2025-03-23T10:31:48","date_gmt":"2025-03-23T10:31:48","guid":{"rendered":"https:\/\/aromasentia.com\/product\/relaxing-premium-incense-sticks\/"},"modified":"2025-06-22T03:00:13","modified_gmt":"2025-06-22T03:00:13","slug":"afslappende-roegelsespinde-af-hoej-kvalitet","status":"publish","type":"product","link":"https:\/\/aromasentia.com\/da\/afslappende-roegelsespinde-af-hoej-kvalitet\/","title":{"rendered":"Afslappende R\u00f8gelsespinde Af H\u00f8j Kvalitet"},"content":{"rendered":"<p><strong>Relaxing Wholesale Stamford Hexagonal Incense Sticks<\/strong> giver dig mulighed for at l\u00e6ne dig tilbage, slappe af og nyde den subtile duft og aroma, mens du lader r\u00f8gelsen indgyde luften omkring dig.&nbsp;<\/p>\n<p>Med disse r\u00f8gelsespinde kan du skabe den perfekte stemning til afslapning, underholdning og et virkelig stilfuldt hjem. Med dufte af god kvalitet i hvert design har vi noget perfekt til alle.&nbsp;<\/p>\n<p>T\u00e6nd blot spidsen af din r\u00f8gelsespind, og vent p\u00e5, at den gl\u00f8der. Bl\u00e6s derefter flammen ud, og placer den i en r\u00f8gelsesholder, s\u00e5 du f\u00e5r en smuk duft i hele dit hjem.&nbsp;<\/p>\n<p>Pakke med r\u00f8gelsespinde med kerner<\/p>\n<p>Indeholder 20 r\u00f8gelsespinde ca.<\/p>\n<p>Br\u00e6ndetid 30 minutter ca. pr. pind<\/p>\n<p>For bedste resultat placeres i en r\u00f8gelsesholder<\/p>\n<p>Lavet udelukkende af parfumerir\u00e5varer<\/p>\n<p>Emballagen er genanvendelig<\/p>\n<p>.<\/p>\n","protected":false},"excerpt":{"rendered":"<p>Relaxing Wholesale Stamford Hexagonal Incense Sticks giver dig mulighed for at l\u00e6ne dig tilbage, slappe af og nyde den subtile duft og aroma, mens du lader r\u00f8gelsen indgyde luften omkring dig.&nbsp; Med disse r\u00f8gelsespinde kan du skabe den perfekte stemning til afslapning, underholdning og et virkelig stilfuldt hjem. Med dufte af god kvalitet i hvert [&hellip;]<\/p>\n","protected":false},"featured_media":413950,"comment_status":"closed","ping_status":"open","template":"","meta":{"_angie_page":false},"product_brand":[27145],"product_cat":[5836,5847],"product_tag":[],"class_list":{"0":"post-197124","1":"product","2":"type-product","3":"status-publish","4":"has-post-thumbnail","6":"product_brand-stamford","7":"product_cat-rogelse-og-rogelsesholdere","8":"product_cat-rogelsespinde","9":"pa_collection-stamford-premium-incense-sticks-da","10":"pa_made-in-indien","12":"first","13":"instock","14":"purchasable","15":"product-type-simple"},"supplier_id":null,"supplier_sku":"StamFP-34","barcode":null,"atum_controlled":true,"out_stock_date":null,"out_stock_threshold":null,"inheritable":false,"inbound_stock":null,"stock_on_hold":0,"sold_today":0,"sales_last_days":0,"reserved_stock":null,"customer_returns":null,"warehouse_damage":null,"lost_in_post":null,"other_logs":null,"out_stock_days":0,"lost_sales":0,"has_location":null,"update_date":"2026-05-08T05:20:17","atum_locations":[],"atum_stock_status":"instock","restock_status":false,"low_stock_amount":"","sales_update_date":"2025-09-03T00:17:42","calc_backorders":null,"_links":{"self":[{"href":"https:\/\/aromasentia.com\/da\/wp-json\/wp\/v2\/product\/197124","targetHints":{"allow":["GET"]}}],"collection":[{"href":"https:\/\/aromasentia.com\/da\/wp-json\/wp\/v2\/product"}],"about":[{"href":"https:\/\/aromasentia.com\/da\/wp-json\/wp\/v2\/types\/product"}],"replies":[{"embeddable":true,"href":"https:\/\/aromasentia.com\/da\/wp-json\/wp\/v2\/comments?post=197124"}],"version-history":[{"count":0,"href":"https:\/\/aromasentia.com\/da\/wp-json\/wp\/v2\/product\/197124\/revisions"}],"wp:featuredmedia":[{"embeddable":true,"href":"https:\/\/aromasentia.com\/da\/wp-json\/wp\/v2\/media\/413950"}],"wp:attachment":[{"href":"https:\/\/aromasentia.com\/da\/wp-json\/wp\/v2\/media?parent=197124"}],"wp:term":[{"taxonomy":"product_brand","embeddable":true,"href":"https:\/\/aromasentia.com\/da\/wp-json\/wp\/v2\/product_brand?post=197124"},{"taxonomy":"product_cat","embeddable":true,"href":"https:\/\/aromasentia.com\/da\/wp-json\/wp\/v2\/product_cat?post=197124"},{"taxonomy":"product_tag","embeddable":true,"href":"https:\/\/aromasentia.com\/da\/wp-json\/wp\/v2\/product_tag?post=197124"}],"curies":[{"name":"wp","href":"https:\/\/api.w.org\/{rel}","templated":true}]}}