{"id":197122,"date":"2025-03-23T10:31:48","date_gmt":"2025-03-23T10:31:48","guid":{"rendered":"https:\/\/aromasentia.com\/product\/buddha-premium-incense-sticks\/"},"modified":"2025-06-22T03:00:12","modified_gmt":"2025-06-22T03:00:12","slug":"buddha-premium-roegelsespinde","status":"publish","type":"product","link":"https:\/\/aromasentia.com\/da\/buddha-premium-roegelsespinde\/","title":{"rendered":"Buddha Premium R\u00f8gelsespinde"},"content":{"rendered":"<p>L\u00e6n dig tilbage, slap af, og nyd den subtile duft af lavendel, mens aromaerne fra denne r\u00f8gelse gennemsyrer luften omkring dig.<br \/><strong>Wholesale Stamford Hexagonal Incense Sticks<\/strong> giver dig mulighed for at skabe den perfekte stemning til afslapning, underholdning og et virkelig stilfuldt hjem. Med dufte af god kvalitet i hvert design har vi noget, der passer perfekt til alle.<br \/>T\u00e6nd blot spidsen af din r\u00f8gelsespind, og vent p\u00e5, at den gl\u00f8der. Bl\u00e6s derefter flammen ud, og placer den i en r\u00f8gelsesholder, s\u00e5 du f\u00e5r en smuk duft i hele dit hjem.<br \/>Pakke med r\u00f8gelsespinde med kerner<br \/>Indeholder ca. 20 r\u00f8gelsespinde<br \/>Br\u00e6ndetid ca. 30 minutter pr. pind<br \/>For at opn\u00e5 det bedste resultat skal den placeres i en r\u00f8gelsesholder<br \/>Kun fremstillet af r\u00e5varer fra parfumerier<br \/>Emballagen er genanvendelig.<\/p>\n","protected":false},"excerpt":{"rendered":"<p>L\u00e6n dig tilbage, slap af, og nyd den subtile duft af lavendel, mens aromaerne fra denne r\u00f8gelse gennemsyrer luften omkring dig.Wholesale Stamford Hexagonal Incense Sticks giver dig mulighed for at skabe den perfekte stemning til afslapning, underholdning og et virkelig stilfuldt hjem. Med dufte af god kvalitet i hvert design har vi noget, der passer [&hellip;]<\/p>\n","protected":false},"featured_media":413940,"comment_status":"closed","ping_status":"open","template":"","meta":{"_angie_page":false},"product_brand":[27145],"product_cat":[5836,5847],"product_tag":[],"class_list":{"0":"post-197122","1":"product","2":"type-product","3":"status-publish","4":"has-post-thumbnail","6":"product_brand-stamford","7":"product_cat-rogelse-og-rogelsesholdere","8":"product_cat-rogelsespinde","9":"pa_collection-stamford-premium-incense-sticks-da","10":"pa_made-in-indien","12":"first","13":"instock","14":"purchasable","15":"product-type-simple"},"supplier_id":null,"supplier_sku":"StamFP-27","barcode":null,"atum_controlled":true,"out_stock_date":null,"out_stock_threshold":null,"inheritable":false,"inbound_stock":null,"stock_on_hold":0,"sold_today":0,"sales_last_days":0,"reserved_stock":null,"customer_returns":null,"warehouse_damage":null,"lost_in_post":null,"other_logs":null,"out_stock_days":0,"lost_sales":0,"has_location":null,"update_date":"2026-04-29T05:08:19","atum_locations":[],"atum_stock_status":"instock","restock_status":false,"low_stock_amount":"","sales_update_date":"2025-09-03T00:17:41","calc_backorders":null,"_links":{"self":[{"href":"https:\/\/aromasentia.com\/da\/wp-json\/wp\/v2\/product\/197122","targetHints":{"allow":["GET"]}}],"collection":[{"href":"https:\/\/aromasentia.com\/da\/wp-json\/wp\/v2\/product"}],"about":[{"href":"https:\/\/aromasentia.com\/da\/wp-json\/wp\/v2\/types\/product"}],"replies":[{"embeddable":true,"href":"https:\/\/aromasentia.com\/da\/wp-json\/wp\/v2\/comments?post=197122"}],"version-history":[{"count":0,"href":"https:\/\/aromasentia.com\/da\/wp-json\/wp\/v2\/product\/197122\/revisions"}],"wp:featuredmedia":[{"embeddable":true,"href":"https:\/\/aromasentia.com\/da\/wp-json\/wp\/v2\/media\/413940"}],"wp:attachment":[{"href":"https:\/\/aromasentia.com\/da\/wp-json\/wp\/v2\/media?parent=197122"}],"wp:term":[{"taxonomy":"product_brand","embeddable":true,"href":"https:\/\/aromasentia.com\/da\/wp-json\/wp\/v2\/product_brand?post=197122"},{"taxonomy":"product_cat","embeddable":true,"href":"https:\/\/aromasentia.com\/da\/wp-json\/wp\/v2\/product_cat?post=197122"},{"taxonomy":"product_tag","embeddable":true,"href":"https:\/\/aromasentia.com\/da\/wp-json\/wp\/v2\/product_tag?post=197122"}],"curies":[{"name":"wp","href":"https:\/\/api.w.org\/{rel}","templated":true}]}}