{"id":197117,"date":"2025-03-23T11:05:59","date_gmt":"2025-03-23T11:05:59","guid":{"rendered":"https:\/\/aromasentia.com\/product\/power-bracelet-tiger-eye\/"},"modified":"2025-06-22T03:00:08","modified_gmt":"2025-06-22T03:00:08","slug":"power-armbaand-tigeroeje","status":"publish","type":"product","link":"https:\/\/aromasentia.com\/da\/power-armbaand-tigeroeje\/","title":{"rendered":"Power Armb\u00e5nd &#8211; Tiger\u00f8je"},"content":{"rendered":"<p><span style=\"color: rgb(75, 80, 88);\">Dette smukke &nbsp;<strong>Power Bracelet &#8211; Tiger Eye<\/strong> armb\u00e5nd vil se flot ud med ethvert outfit.&nbsp;<\/span><\/p>\n<p><span style=\"color: rgb(75, 80, 88);\">Det er ikke kun smukt, du beh\u00f8ver heller ikke bekymre dig om, om de passer dine kunder, da de har str\u00e6k i sig, s\u00e5 ingen kunder beh\u00f8ver at g\u00e5 glip af dette unikke armb\u00e5nd.&nbsp;<\/span><\/p>\n<p><span style=\"color: rgb(75, 80, 88);\">Det er en perfekt gave til jubil\u00e6er, jul, Valentinsdag og f\u00f8dselsdage.&nbsp;<\/span><\/p>\n<p><span style=\"color: rgb(75, 80, 88);\">\u00c6delstenenes diameter er ca. 8 mm&nbsp;<\/span><\/p>\n","protected":false},"excerpt":{"rendered":"<p>Dette smukke &nbsp;Power Bracelet &#8211; Tiger Eye armb\u00e5nd vil se flot ud med ethvert outfit.&nbsp; Det er ikke kun smukt, du beh\u00f8ver heller ikke bekymre dig om, om de passer dine kunder, da de har str\u00e6k i sig, s\u00e5 ingen kunder beh\u00f8ver at g\u00e5 glip af dette unikke armb\u00e5nd.&nbsp; Det er en perfekt gave til [&hellip;]<\/p>\n","protected":false},"featured_media":417491,"comment_status":"closed","ping_status":"open","template":"","meta":[],"product_brand":[],"product_cat":[25211,25222,5738,25781],"product_tag":[],"class_list":{"0":"post-197117","1":"product","2":"type-product","3":"status-publish","4":"has-post-thumbnail","6":"product_cat-armband-smykker-og-accessories","7":"product_cat-krystaller-og-sten","8":"product_cat-smykker-og-accessories","9":"product_cat-tigeroje","10":"pa_collection-power-bracelets-da","11":"pa_made-in-kina","13":"first","14":"instock","15":"purchasable","16":"product-type-simple"},"supplier_id":null,"supplier_sku":"AWPS-06","barcode":null,"atum_controlled":true,"out_stock_date":null,"out_stock_threshold":null,"inheritable":false,"inbound_stock":null,"stock_on_hold":0,"sold_today":0,"sales_last_days":0,"reserved_stock":null,"customer_returns":null,"warehouse_damage":null,"lost_in_post":null,"other_logs":null,"out_stock_days":0,"lost_sales":0,"has_location":null,"update_date":"2026-02-09T22:30:06","atum_locations":[],"atum_stock_status":"instock","restock_status":false,"low_stock_amount":"","sales_update_date":"2025-10-09T03:24:47","calc_backorders":null,"_links":{"self":[{"href":"https:\/\/aromasentia.com\/da\/wp-json\/wp\/v2\/product\/197117","targetHints":{"allow":["GET"]}}],"collection":[{"href":"https:\/\/aromasentia.com\/da\/wp-json\/wp\/v2\/product"}],"about":[{"href":"https:\/\/aromasentia.com\/da\/wp-json\/wp\/v2\/types\/product"}],"replies":[{"embeddable":true,"href":"https:\/\/aromasentia.com\/da\/wp-json\/wp\/v2\/comments?post=197117"}],"version-history":[{"count":0,"href":"https:\/\/aromasentia.com\/da\/wp-json\/wp\/v2\/product\/197117\/revisions"}],"wp:featuredmedia":[{"embeddable":true,"href":"https:\/\/aromasentia.com\/da\/wp-json\/wp\/v2\/media\/417491"}],"wp:attachment":[{"href":"https:\/\/aromasentia.com\/da\/wp-json\/wp\/v2\/media?parent=197117"}],"wp:term":[{"taxonomy":"product_brand","embeddable":true,"href":"https:\/\/aromasentia.com\/da\/wp-json\/wp\/v2\/product_brand?post=197117"},{"taxonomy":"product_cat","embeddable":true,"href":"https:\/\/aromasentia.com\/da\/wp-json\/wp\/v2\/product_cat?post=197117"},{"taxonomy":"product_tag","embeddable":true,"href":"https:\/\/aromasentia.com\/da\/wp-json\/wp\/v2\/product_tag?post=197117"}],"curies":[{"name":"wp","href":"https:\/\/api.w.org\/{rel}","templated":true}]}}