{"id":197115,"date":"2025-03-23T11:05:59","date_gmt":"2025-03-23T11:05:59","guid":{"rendered":"https:\/\/aromasentia.com\/product\/power-bracelet-black-agate\/"},"modified":"2025-06-22T03:00:07","modified_gmt":"2025-06-22T03:00:07","slug":"power-armbaand-sort-agat","status":"publish","type":"product","link":"https:\/\/aromasentia.com\/da\/power-armbaand-sort-agat\/","title":{"rendered":"Power Armb\u00e5nd &#8211; Sort Agat"},"content":{"rendered":"<p><span style=\"color: rgb(75, 80, 88);\">Dette smukke &nbsp;<strong>Power Bracelet &#8211; Sort Agat<\/strong> armb\u00e5nd vil se flot ud med ethvert outfit.<\/span><\/p>\n<p><span style=\"color: rgb(75, 80, 88);\">Det er ikke kun smukt, du beh\u00f8ver heller ikke bekymre dig om, om de passer dine kunder, da de har str\u00e6k i sig, s\u00e5 ingen kunder beh\u00f8ver at g\u00e5 glip af dette unikke armb\u00e5nd.<\/span><\/p>\n<p><span style=\"color: rgb(75, 80, 88);\">Det er en perfekt gave til jubil\u00e6er, jul, Valentinsdag og f\u00f8dselsdage.<\/span><\/p>\n<p><span style=\"color: rgb(75, 80, 88);\">\u00c6delstenenes diameter er ca. 8 mm<\/span><\/p>\n","protected":false},"excerpt":{"rendered":"<p>Dette smukke &nbsp;Power Bracelet &#8211; Sort Agat armb\u00e5nd vil se flot ud med ethvert outfit. Det er ikke kun smukt, du beh\u00f8ver heller ikke bekymre dig om, om de passer dine kunder, da de har str\u00e6k i sig, s\u00e5 ingen kunder beh\u00f8ver at g\u00e5 glip af dette unikke armb\u00e5nd. Det er en perfekt gave til [&hellip;]<\/p>\n","protected":false},"featured_media":417313,"comment_status":"closed","ping_status":"open","template":"","meta":{"_angie_page":false},"product_brand":[],"product_cat":[25537,25211,25222,5738],"product_tag":[],"class_list":{"0":"post-197115","1":"product","2":"type-product","3":"status-publish","4":"has-post-thumbnail","6":"product_cat-achat","7":"product_cat-armband-smykker-og-accessories","8":"product_cat-krystaller-og-sten","9":"product_cat-smykker-og-accessories","10":"pa_collection-power-bracelets-da","11":"pa_made-in-kina","13":"first","14":"instock","15":"purchasable","16":"product-type-simple"},"supplier_id":null,"supplier_sku":"AWPS-04","barcode":null,"atum_controlled":true,"out_stock_date":null,"out_stock_threshold":null,"inheritable":false,"inbound_stock":null,"stock_on_hold":0,"sold_today":0,"sales_last_days":0,"reserved_stock":null,"customer_returns":null,"warehouse_damage":null,"lost_in_post":null,"other_logs":null,"out_stock_days":0,"lost_sales":0,"has_location":null,"update_date":"2026-04-27T06:52:46","atum_locations":[],"atum_stock_status":"instock","restock_status":false,"low_stock_amount":"","sales_update_date":"2025-10-09T03:24:47","calc_backorders":null,"_links":{"self":[{"href":"https:\/\/aromasentia.com\/da\/wp-json\/wp\/v2\/product\/197115","targetHints":{"allow":["GET"]}}],"collection":[{"href":"https:\/\/aromasentia.com\/da\/wp-json\/wp\/v2\/product"}],"about":[{"href":"https:\/\/aromasentia.com\/da\/wp-json\/wp\/v2\/types\/product"}],"replies":[{"embeddable":true,"href":"https:\/\/aromasentia.com\/da\/wp-json\/wp\/v2\/comments?post=197115"}],"version-history":[{"count":0,"href":"https:\/\/aromasentia.com\/da\/wp-json\/wp\/v2\/product\/197115\/revisions"}],"wp:featuredmedia":[{"embeddable":true,"href":"https:\/\/aromasentia.com\/da\/wp-json\/wp\/v2\/media\/417313"}],"wp:attachment":[{"href":"https:\/\/aromasentia.com\/da\/wp-json\/wp\/v2\/media?parent=197115"}],"wp:term":[{"taxonomy":"product_brand","embeddable":true,"href":"https:\/\/aromasentia.com\/da\/wp-json\/wp\/v2\/product_brand?post=197115"},{"taxonomy":"product_cat","embeddable":true,"href":"https:\/\/aromasentia.com\/da\/wp-json\/wp\/v2\/product_cat?post=197115"},{"taxonomy":"product_tag","embeddable":true,"href":"https:\/\/aromasentia.com\/da\/wp-json\/wp\/v2\/product_tag?post=197115"}],"curies":[{"name":"wp","href":"https:\/\/api.w.org\/{rel}","templated":true}]}}