{"id":197099,"date":"2025-03-23T11:05:59","date_gmt":"2025-03-23T11:05:59","guid":{"rendered":"https:\/\/aromasentia.com\/product\/chipstone-bracelet-amethyst\/"},"modified":"2025-06-22T02:59:57","modified_gmt":"2025-06-22T02:59:57","slug":"chipstone-armbaand-ametyst","status":"publish","type":"product","link":"https:\/\/aromasentia.com\/da\/chipstone-armbaand-ametyst\/","title":{"rendered":"Chipstone Armb\u00e5nd &#8211; Ametyst"},"content":{"rendered":"<p>&nbsp;Dette smukke Chipstone-armb\u00e5nd &#8211; Amethyst-armb\u00e5nd vil se flot ud med ethvert outfit.&nbsp;<\/p>\n<p>Og ikke nok med det, men amethyst har sine egne individuelle fordele. Det siges at have sundhedsm\u00e6ssige fordele, s\u00e5som at det kan hj\u00e6lpe med at modulere s\u00f8vnm\u00f8nstre for at f\u00e5 en sund nattes\u00f8vn og ogs\u00e5 hj\u00e6lpe med at forbedre hum\u00f8ret.<\/p>\n<p>Det er en perfekt gave til jubil\u00e6er, jul, Valentinsdag og f\u00f8dselsdage.<\/p>\n<p><span style=\"color: rgb(75, 80, 88);\"><strong>Designet til at passe til alle h\u00e5ndledsst\u00f8rrelser, er disse armb\u00e5nd trukket p\u00e5 en behagelig str\u00e6ksnor, der tilpasser sig problemfrit til enhver person<\/strong>.&nbsp;<\/span><\/p>\n<p><span style=\"color: rgb(141, 186, 216);\"><strong>Fordyb dig i de holistiske fordele ved disse \u00e6delsten, og forst\u00e6rk din generelle f\u00f8lelse af balance og velv\u00e6re.<\/strong><\/span><\/p>\n<p><\/p>\n","protected":false},"excerpt":{"rendered":"<p>&nbsp;Dette smukke Chipstone-armb\u00e5nd &#8211; Amethyst-armb\u00e5nd vil se flot ud med ethvert outfit.&nbsp; Og ikke nok med det, men amethyst har sine egne individuelle fordele. Det siges at have sundhedsm\u00e6ssige fordele, s\u00e5som at det kan hj\u00e6lpe med at modulere s\u00f8vnm\u00f8nstre for at f\u00e5 en sund nattes\u00f8vn og ogs\u00e5 hj\u00e6lpe med at forbedre hum\u00f8ret. Det er en [&hellip;]<\/p>\n","protected":false},"featured_media":416393,"comment_status":"closed","ping_status":"open","template":"","meta":{"_angie_page":false},"product_brand":[],"product_cat":[25544,25211,25222,5738],"product_tag":[],"class_list":{"0":"post-197099","1":"product","2":"type-product","3":"status-publish","4":"has-post-thumbnail","6":"product_cat-ametyst","7":"product_cat-armband-smykker-og-accessories","8":"product_cat-krystaller-og-sten","9":"product_cat-smykker-og-accessories","10":"pa_collection-chipstones-bracelets-da","11":"pa_made-in-kina","13":"first","14":"instock","15":"purchasable","16":"product-type-simple"},"supplier_id":null,"supplier_sku":"AWCB-01DS","barcode":null,"atum_controlled":true,"out_stock_date":null,"out_stock_threshold":null,"inheritable":false,"inbound_stock":null,"stock_on_hold":0,"sold_today":0,"sales_last_days":0,"reserved_stock":null,"customer_returns":null,"warehouse_damage":null,"lost_in_post":null,"other_logs":null,"out_stock_days":0,"lost_sales":0,"has_location":null,"update_date":"2026-04-27T06:51:38","atum_locations":[],"atum_stock_status":"instock","restock_status":false,"low_stock_amount":"","sales_update_date":"2026-02-06T00:02:22","calc_backorders":null,"_links":{"self":[{"href":"https:\/\/aromasentia.com\/da\/wp-json\/wp\/v2\/product\/197099","targetHints":{"allow":["GET"]}}],"collection":[{"href":"https:\/\/aromasentia.com\/da\/wp-json\/wp\/v2\/product"}],"about":[{"href":"https:\/\/aromasentia.com\/da\/wp-json\/wp\/v2\/types\/product"}],"replies":[{"embeddable":true,"href":"https:\/\/aromasentia.com\/da\/wp-json\/wp\/v2\/comments?post=197099"}],"version-history":[{"count":0,"href":"https:\/\/aromasentia.com\/da\/wp-json\/wp\/v2\/product\/197099\/revisions"}],"wp:featuredmedia":[{"embeddable":true,"href":"https:\/\/aromasentia.com\/da\/wp-json\/wp\/v2\/media\/416393"}],"wp:attachment":[{"href":"https:\/\/aromasentia.com\/da\/wp-json\/wp\/v2\/media?parent=197099"}],"wp:term":[{"taxonomy":"product_brand","embeddable":true,"href":"https:\/\/aromasentia.com\/da\/wp-json\/wp\/v2\/product_brand?post=197099"},{"taxonomy":"product_cat","embeddable":true,"href":"https:\/\/aromasentia.com\/da\/wp-json\/wp\/v2\/product_cat?post=197099"},{"taxonomy":"product_tag","embeddable":true,"href":"https:\/\/aromasentia.com\/da\/wp-json\/wp\/v2\/product_tag?post=197099"}],"curies":[{"name":"wp","href":"https:\/\/api.w.org\/{rel}","templated":true}]}}