{"id":197081,"date":"2025-03-23T11:06:08","date_gmt":"2025-03-23T11:06:08","guid":{"rendered":"https:\/\/aromasentia.com\/product\/cedarwood-third-eye-chakra-bangle-with-amethyst\/"},"modified":"2025-06-22T02:59:48","modified_gmt":"2025-06-22T02:59:48","slug":"armring-med-cedertrae-og-ametyst-til-det-tredje-oeje","status":"publish","type":"product","link":"https:\/\/aromasentia.com\/da\/armring-med-cedertrae-og-ametyst-til-det-tredje-oeje\/","title":{"rendered":"Armring med Cedertr\u00e6 Og Ametyst Til Det Tredje \u00d8je"},"content":{"rendered":"<p><span style=\"color: rgb(75, 80, 88);\">Begiv dig ud p\u00e5 en rejse med spirituel v\u00e6kst og klarhed med<strong>&nbsp;Cedertr\u00e6s tredje \u00f8je chakra armb\u00e5nd med ametyst<\/strong>. Dette f\u00e6ngslende armb\u00e5nd fungerer som en kanal til at uddybe intuition, udvide spirituel bevidsthed og fremme indre klarhed, hvilket g\u00f8r det til en uundv\u00e6rlig tilf\u00f8jelse til din butiks holistiske wellness-kollektion.<\/span><\/p>\n<p><span style=\"color: rgb(75, 80, 88);\">I hjertet af dette armb\u00e5nd udstr\u00e5ler den transcendente ametyst-\u00e6delsten, der er kendt for sin evne til at aktivere det tredje \u00f8je chakra og forbedre spirituel bevidsthed og intuition. Den fungerer som et klarhedsfyrt\u00e5rn, der vejleder b\u00e6reren p\u00e5 deres vej mod oplysning og selvopdagelse.<\/span><\/p>\n<p><span style=\"color: rgb(75, 80, 88);\">Beriget med den behagelige aroma af cedertr\u00e6, indhyller denne armring personen i en f\u00f8lelse af ro og sindsro. Cedertr\u00e6ets \u00e6ldgamle visdom tilf\u00f8jer en spirituel dimension til rejsen og inviterer dine kunder til at uddybe deres meditationspraksis og f\u00e5 forbindelse til deres indre vejledning.<\/span><\/p>\n<p><span style=\"color: rgb(75, 80, 88);\">Berig din butiks gaveudvalg med et produkt, der inspirerer og opl\u00f8fter. Cedertr\u00e6s tredje \u00f8je chakra armb\u00e5ndet med ametyst er en meningsfuld og tankev\u00e6kkende gave til spirituelle s\u00f8gende, mediterende eller alle p\u00e5 en rejse med selvopdagelse og oplysning.<\/span><\/p>\n<p><span style=\"color: rgb(75, 80, 88);\"><strong>M\u00e5l:<\/strong><\/span><\/p>\n<p><span style=\"color: rgb(75, 80, 88);\"><em>Armb\u00e5nd: diameter 7 cm<\/em><\/span><\/p>\n<p><span style=\"color: rgb(75, 80, 88);\"><em>Perle: diameter 1 cm<\/em><\/span><\/p>\n","protected":false},"excerpt":{"rendered":"<p>Begiv dig ud p\u00e5 en rejse med spirituel v\u00e6kst og klarhed med&nbsp;Cedertr\u00e6s tredje \u00f8je chakra armb\u00e5nd med ametyst. Dette f\u00e6ngslende armb\u00e5nd fungerer som en kanal til at uddybe intuition, udvide spirituel bevidsthed og fremme indre klarhed, hvilket g\u00f8r det til en uundv\u00e6rlig tilf\u00f8jelse til din butiks holistiske wellness-kollektion. I hjertet af dette armb\u00e5nd udstr\u00e5ler den [&hellip;]<\/p>\n","protected":false},"featured_media":419459,"comment_status":"closed","ping_status":"open","template":"","meta":{"_angie_page":false},"product_brand":[],"product_cat":[25544,25211,25222,5738],"product_tag":[],"class_list":{"0":"post-197081","1":"product","2":"type-product","3":"status-publish","4":"has-post-thumbnail","6":"product_cat-ametyst","7":"product_cat-armband-smykker-og-accessories","8":"product_cat-krystaller-og-sten","9":"product_cat-smykker-og-accessories","10":"pa_collection-cedarwood-chakra-bangles-da","11":"pa_made-in-kina","13":"first","14":"instock","15":"purchasable","16":"product-type-simple"},"supplier_id":null,"supplier_sku":"CWBG-06","barcode":null,"atum_controlled":true,"out_stock_date":null,"out_stock_threshold":null,"inheritable":false,"inbound_stock":null,"stock_on_hold":0,"sold_today":0,"sales_last_days":0,"reserved_stock":null,"customer_returns":null,"warehouse_damage":null,"lost_in_post":null,"other_logs":null,"out_stock_days":0,"lost_sales":0,"has_location":null,"update_date":"2026-04-27T06:58:43","atum_locations":[],"atum_stock_status":"instock","restock_status":false,"low_stock_amount":"","sales_update_date":"2026-01-20T05:13:47","calc_backorders":null,"_links":{"self":[{"href":"https:\/\/aromasentia.com\/da\/wp-json\/wp\/v2\/product\/197081","targetHints":{"allow":["GET"]}}],"collection":[{"href":"https:\/\/aromasentia.com\/da\/wp-json\/wp\/v2\/product"}],"about":[{"href":"https:\/\/aromasentia.com\/da\/wp-json\/wp\/v2\/types\/product"}],"replies":[{"embeddable":true,"href":"https:\/\/aromasentia.com\/da\/wp-json\/wp\/v2\/comments?post=197081"}],"version-history":[{"count":0,"href":"https:\/\/aromasentia.com\/da\/wp-json\/wp\/v2\/product\/197081\/revisions"}],"wp:featuredmedia":[{"embeddable":true,"href":"https:\/\/aromasentia.com\/da\/wp-json\/wp\/v2\/media\/419459"}],"wp:attachment":[{"href":"https:\/\/aromasentia.com\/da\/wp-json\/wp\/v2\/media?parent=197081"}],"wp:term":[{"taxonomy":"product_brand","embeddable":true,"href":"https:\/\/aromasentia.com\/da\/wp-json\/wp\/v2\/product_brand?post=197081"},{"taxonomy":"product_cat","embeddable":true,"href":"https:\/\/aromasentia.com\/da\/wp-json\/wp\/v2\/product_cat?post=197081"},{"taxonomy":"product_tag","embeddable":true,"href":"https:\/\/aromasentia.com\/da\/wp-json\/wp\/v2\/product_tag?post=197081"}],"curies":[{"name":"wp","href":"https:\/\/api.w.org\/{rel}","templated":true}]}}