{"id":197078,"date":"2025-03-23T11:06:08","date_gmt":"2025-03-23T11:06:08","guid":{"rendered":"https:\/\/aromasentia.com\/product\/cedarwood-solar-plexus-chakra-bangle-with-citrine\/"},"modified":"2025-06-22T02:59:47","modified_gmt":"2025-06-22T02:59:47","slug":"solar-plexus-chakra-armbaand-af-cedertrae-med-citrin","status":"publish","type":"product","link":"https:\/\/aromasentia.com\/da\/solar-plexus-chakra-armbaand-af-cedertrae-med-citrin\/","title":{"rendered":"Solar Plexus Chakra Armb\u00e5nd Af Cedertr\u00e6 med Citrin"},"content":{"rendered":"<p><span style=\"color: rgb(75, 80, 88);\">Oplys overflod, personlig kraft og positivitet med <strong>Cedertr\u00e6 Solar Plexus Chakra Armb\u00e5ndet med Citrin<\/strong>. Dette fortryllende armb\u00e5nd fungerer som et vejledende lys for selvtillid og motivation og giver b\u00e6reren mulighed for at realisere sine dr\u00f8mme med standhaftig beslutsomhed.<\/span><\/p>\n<p><span style=\"color: rgb(75, 80, 88);\">Omdrejningspunktet for dette armb\u00e5nd er den str\u00e5lende Citrin \u00e6delsten, der er ber\u00f8mt for sin evne til at tiltr\u00e6kke overflod og forst\u00f8rre personlig kraft. Ved at aktivere Solar Plexus Chakraet giver det b\u00e6reren selvtillid, vitalitet og en dyb f\u00f8lelse af positivitet.<\/span><\/p>\n<p><span style=\"color: rgb(75, 80, 88);\">Fordybet i den beroligende aroma af cedertr\u00e6, indhyller dette armb\u00e5nd individet i en kokon af ro og styrke. Cedertr\u00e6ets tidl\u00f8se visdom introducerer en spirituel dimension til dine kunders rejse og opfordrer dem til at omfavne deres personlige styrke med ynde og modstandsdygtighed.<\/span><\/p>\n<p><span style=\"color: rgb(75, 80, 88);\">Forbedr din butiks gaveudvalg med et produkt, der inspirerer og opl\u00f8fter. Cedertr\u00e6s Solar Plexus Chakra armb\u00e5ndet med citrin er en meningsfuld og bet\u00e6nksom gave til alle, der begiver sig ud p\u00e5 en ny rejse, forf\u00f8lger deres dr\u00f8mme eller har brug for et boost af selvtillid og motivation.<\/span><\/p>\n<p><span style=\"color: rgb(75, 80, 88);\"><strong>M\u00e5l:<\/strong><\/span><\/p>\n<p><span style=\"color: rgb(75, 80, 88);\"><em>Armb\u00e5nd: diameter 7 cm<\/em><\/span><\/p>\n<p><span style=\"color: rgb(75, 80, 88);\"><em>Perle: diameter 1 cm<\/em><\/span><\/p>\n","protected":false},"excerpt":{"rendered":"<p>Oplys overflod, personlig kraft og positivitet med Cedertr\u00e6 Solar Plexus Chakra Armb\u00e5ndet med Citrin. Dette fortryllende armb\u00e5nd fungerer som et vejledende lys for selvtillid og motivation og giver b\u00e6reren mulighed for at realisere sine dr\u00f8mme med standhaftig beslutsomhed. Omdrejningspunktet for dette armb\u00e5nd er den str\u00e5lende Citrin \u00e6delsten, der er ber\u00f8mt for sin evne til at [&hellip;]<\/p>\n","protected":false},"featured_media":419360,"comment_status":"closed","ping_status":"open","template":"","meta":{"_angie_page":false},"product_brand":[],"product_cat":[25211,25586,25222,5738],"product_tag":[],"class_list":{"0":"post-197078","1":"product","2":"type-product","3":"status-publish","4":"has-post-thumbnail","6":"product_cat-armband-smykker-og-accessories","7":"product_cat-citrin","8":"product_cat-krystaller-og-sten","9":"product_cat-smykker-og-accessories","10":"pa_collection-cedarwood-chakra-bangles-da","11":"pa_made-in-kina","13":"first","14":"instock","15":"purchasable","16":"product-type-simple"},"supplier_id":null,"supplier_sku":"CWBG-03","barcode":null,"atum_controlled":true,"out_stock_date":null,"out_stock_threshold":null,"inheritable":false,"inbound_stock":null,"stock_on_hold":0,"sold_today":0,"sales_last_days":0,"reserved_stock":null,"customer_returns":null,"warehouse_damage":null,"lost_in_post":null,"other_logs":null,"out_stock_days":0,"lost_sales":0,"has_location":null,"update_date":"2026-04-27T06:58:43","atum_locations":[],"atum_stock_status":"instock","restock_status":false,"low_stock_amount":"","sales_update_date":"2025-10-09T03:28:43","calc_backorders":null,"_links":{"self":[{"href":"https:\/\/aromasentia.com\/da\/wp-json\/wp\/v2\/product\/197078","targetHints":{"allow":["GET"]}}],"collection":[{"href":"https:\/\/aromasentia.com\/da\/wp-json\/wp\/v2\/product"}],"about":[{"href":"https:\/\/aromasentia.com\/da\/wp-json\/wp\/v2\/types\/product"}],"replies":[{"embeddable":true,"href":"https:\/\/aromasentia.com\/da\/wp-json\/wp\/v2\/comments?post=197078"}],"version-history":[{"count":0,"href":"https:\/\/aromasentia.com\/da\/wp-json\/wp\/v2\/product\/197078\/revisions"}],"wp:featuredmedia":[{"embeddable":true,"href":"https:\/\/aromasentia.com\/da\/wp-json\/wp\/v2\/media\/419360"}],"wp:attachment":[{"href":"https:\/\/aromasentia.com\/da\/wp-json\/wp\/v2\/media?parent=197078"}],"wp:term":[{"taxonomy":"product_brand","embeddable":true,"href":"https:\/\/aromasentia.com\/da\/wp-json\/wp\/v2\/product_brand?post=197078"},{"taxonomy":"product_cat","embeddable":true,"href":"https:\/\/aromasentia.com\/da\/wp-json\/wp\/v2\/product_cat?post=197078"},{"taxonomy":"product_tag","embeddable":true,"href":"https:\/\/aromasentia.com\/da\/wp-json\/wp\/v2\/product_tag?post=197078"}],"curies":[{"name":"wp","href":"https:\/\/api.w.org\/{rel}","templated":true}]}}