{"id":197062,"date":"2025-03-23T11:06:08","date_gmt":"2025-03-23T11:06:08","guid":{"rendered":"https:\/\/aromasentia.com\/product\/crystal-gemstone-necklace-cord-45cm-18inch-mix-of-11-colours\/"},"modified":"2025-06-22T02:59:41","modified_gmt":"2025-06-22T02:59:41","slug":"crystal-aedelsten-necklace-cord-45cm-18inch-mix-af-11-farver","status":"publish","type":"product","link":"https:\/\/aromasentia.com\/da\/crystal-aedelsten-necklace-cord-45cm-18inch-mix-af-11-farver\/","title":{"rendered":"Crystal \u00c6delsten Necklace Cord 45cm\/18Inch &#8211; mix Af 11 Farver"},"content":{"rendered":"<p>Denne alsidige <strong>mixpakke med 45 cm\/18 tommer halsk\u00e6desnore af krystal\u00e6delsten<\/strong> giver uendelige muligheder for dine kunders smykkedesigns. Pakken indeholder 5 af hver farve, hvilket giver en bred vifte af muligheder for at im\u00f8dekomme forskellige smage og stilarter. Hver snor har en <strong>justerbar l\u00e6ngde<\/strong>, der sikrer en perfekt pasform til enhver b\u00e6rer, s\u00e5 der er plads til forskellige halsudsk\u00e6ringer og personlige pr\u00e6ferencer. Det indviklede makrame-net holder <strong>sikkert p\u00e5 krystallen<\/strong> og skaber en unik og i\u00f8jnefaldende udstilling.<\/p>\n<p>Disse halsk\u00e6desnore er fremstillet af materialer af h\u00f8j kvalitet og er b\u00e5de holdbare og b\u00e6redygtige. Tilf\u00f8jelsen af naturlige <strong>tr\u00e6perler<\/strong> giver et strejf af varme og supplerer den overordnede \u00e6stetik.&nbsp;<\/p>\n<p>Dette produkt er perfekt til detailhandlere, der \u00f8nsker at tilbyde en alsidig og trendy komponent til deres kunders smykkekreationer. Ved at tilbyde denne blandingspakke af halsk\u00e6desnore med krystalsten giver du dine kunder et <strong>bredt udvalg af stilfulde og tilpassede muligheder af h\u00f8j kvalitet<\/strong>, som nemt kan indarbejdes i deres smykkekollektioner.<\/p>\n","protected":false},"excerpt":{"rendered":"<p>Denne alsidige mixpakke med 45 cm\/18 tommer halsk\u00e6desnore af krystal\u00e6delsten giver uendelige muligheder for dine kunders smykkedesigns. Pakken indeholder 5 af hver farve, hvilket giver en bred vifte af muligheder for at im\u00f8dekomme forskellige smage og stilarter. Hver snor har en justerbar l\u00e6ngde, der sikrer en perfekt pasform til enhver b\u00e6rer, s\u00e5 der er plads [&hellip;]<\/p>\n","protected":false},"featured_media":642766,"comment_status":"closed","ping_status":"open","template":"","meta":{"_angie_page":false},"product_brand":[],"product_cat":[25212,5738],"product_tag":[],"class_list":{"0":"post-197062","1":"product","2":"type-product","3":"status-publish","4":"has-post-thumbnail","6":"product_cat-halskaeder-og-vedhaeng","7":"product_cat-smykker-og-accessories","8":"pa_collection-crystal-gemstone-necklace-cord-da","9":"pa_made-in-kina","11":"first","12":"instock","13":"purchasable","14":"product-type-simple"},"supplier_id":null,"supplier_sku":"CGNC-12","barcode":null,"atum_controlled":true,"out_stock_date":null,"out_stock_threshold":null,"inheritable":false,"inbound_stock":null,"stock_on_hold":0,"sold_today":0,"sales_last_days":0,"reserved_stock":null,"customer_returns":null,"warehouse_damage":null,"lost_in_post":null,"other_logs":null,"out_stock_days":0,"lost_sales":0,"has_location":null,"update_date":"2026-05-04T00:02:51","atum_locations":[],"atum_stock_status":"instock","restock_status":false,"low_stock_amount":"","sales_update_date":"2026-01-30T01:25:46","calc_backorders":null,"_links":{"self":[{"href":"https:\/\/aromasentia.com\/da\/wp-json\/wp\/v2\/product\/197062","targetHints":{"allow":["GET"]}}],"collection":[{"href":"https:\/\/aromasentia.com\/da\/wp-json\/wp\/v2\/product"}],"about":[{"href":"https:\/\/aromasentia.com\/da\/wp-json\/wp\/v2\/types\/product"}],"replies":[{"embeddable":true,"href":"https:\/\/aromasentia.com\/da\/wp-json\/wp\/v2\/comments?post=197062"}],"version-history":[{"count":0,"href":"https:\/\/aromasentia.com\/da\/wp-json\/wp\/v2\/product\/197062\/revisions"}],"wp:featuredmedia":[{"embeddable":true,"href":"https:\/\/aromasentia.com\/da\/wp-json\/wp\/v2\/media\/642766"}],"wp:attachment":[{"href":"https:\/\/aromasentia.com\/da\/wp-json\/wp\/v2\/media?parent=197062"}],"wp:term":[{"taxonomy":"product_brand","embeddable":true,"href":"https:\/\/aromasentia.com\/da\/wp-json\/wp\/v2\/product_brand?post=197062"},{"taxonomy":"product_cat","embeddable":true,"href":"https:\/\/aromasentia.com\/da\/wp-json\/wp\/v2\/product_cat?post=197062"},{"taxonomy":"product_tag","embeddable":true,"href":"https:\/\/aromasentia.com\/da\/wp-json\/wp\/v2\/product_tag?post=197062"}],"curies":[{"name":"wp","href":"https:\/\/api.w.org\/{rel}","templated":true}]}}