{"id":197060,"date":"2025-03-23T11:06:08","date_gmt":"2025-03-23T11:06:08","guid":{"rendered":"https:\/\/aromasentia.com\/product\/crystal-gemstone-necklace-cord-45cm-18inch-white\/"},"modified":"2025-06-22T02:59:38","modified_gmt":"2025-06-22T02:59:38","slug":"halskaedesnor-med-krystal-45-cm-18-tommer-hvid","status":"publish","type":"product","link":"https:\/\/aromasentia.com\/da\/halskaedesnor-med-krystal-45-cm-18-tommer-hvid\/","title":{"rendered":"Halsk\u00e6desnor med Krystal 45 cm\/18 Tommer &#8211; Hvid"},"content":{"rendered":"<p><span style=\"color: rgb(75, 80, 88);\">Denne hvide halsk\u00e6desnor tilbyder et alsidigt og elegant fundament for dine kunders smykkedesigns. Den justerbare l\u00e6ngde sikrer en perfekt pasform til enhver b\u00e6rer og im\u00f8dekommer forskellige halsudsk\u00e6ringer og personlige pr\u00e6ferencer. Snorens rene hvide nuance komplementerer en bred vifte af \u00e6delstensfarver, fra levende til d\u00e6mpede. Det indviklede makrame-net holder krystallen sikkert og skaber et unikt og i\u00f8jnefaldende udtryk, som det ses p\u00e5 billedet.<\/span><\/p>\n<p><span style=\"color: rgb(75, 80, 88);\">Denne halsk\u00e6desnor er fremstillet af materialer af h\u00f8j kvalitet og er b\u00e5de holdbar og b\u00e6redygtig. Tilf\u00f8jelsen af en naturlig tr\u00e6perle introducerer et strejf af varme og komplementerer den overordnede \u00e6stetik.<\/span><\/p>\n<p><span style=\"color: rgb(75, 80, 88);\">Dette produkt er perfekt til detailhandlere, der \u00f8nsker at tilbyde en alsidig og trendy komponent til deres kunder. Smykkekreationer.<\/span><\/p>\n<p><span style=\"color: rgb(75, 80, 88);\"><strong>Bem\u00e6rk venligst: \u00c6delstenen vist p\u00e5 billederne er ikke inkluderet. \u00c6delstenen vises udelukkende til illustrative form\u00e5l for at demonstrere, hvordan halsk\u00e6desnoren vil se ud, n\u00e5r den er parret med en \u00e6delsten.<\/strong><\/span><\/p>\n","protected":false},"excerpt":{"rendered":"<p>Denne hvide halsk\u00e6desnor tilbyder et alsidigt og elegant fundament for dine kunders smykkedesigns. Den justerbare l\u00e6ngde sikrer en perfekt pasform til enhver b\u00e6rer og im\u00f8dekommer forskellige halsudsk\u00e6ringer og personlige pr\u00e6ferencer. Snorens rene hvide nuance komplementerer en bred vifte af \u00e6delstensfarver, fra levende til d\u00e6mpede. Det indviklede makrame-net holder krystallen sikkert og skaber et unikt og [&hellip;]<\/p>\n","protected":false},"featured_media":418958,"comment_status":"closed","ping_status":"open","template":"","meta":{"_angie_page":false},"product_brand":[],"product_cat":[25212,5738],"product_tag":[],"class_list":{"0":"post-197060","1":"product","2":"type-product","3":"status-publish","4":"has-post-thumbnail","6":"product_cat-halskaeder-og-vedhaeng","7":"product_cat-smykker-og-accessories","8":"pa_collection-crystal-gemstone-necklace-cord-da","9":"pa_made-in-kina","11":"first","12":"instock","13":"purchasable","14":"product-type-simple"},"supplier_id":null,"supplier_sku":"CGNC-10","barcode":null,"atum_controlled":true,"out_stock_date":null,"out_stock_threshold":null,"inheritable":false,"inbound_stock":null,"stock_on_hold":0,"sold_today":0,"sales_last_days":0,"reserved_stock":null,"customer_returns":null,"warehouse_damage":null,"lost_in_post":null,"other_logs":null,"out_stock_days":0,"lost_sales":0,"has_location":null,"update_date":"2026-04-29T18:51:01","atum_locations":[],"atum_stock_status":"instock","restock_status":false,"low_stock_amount":"","sales_update_date":"2026-02-06T00:02:23","calc_backorders":null,"_links":{"self":[{"href":"https:\/\/aromasentia.com\/da\/wp-json\/wp\/v2\/product\/197060","targetHints":{"allow":["GET"]}}],"collection":[{"href":"https:\/\/aromasentia.com\/da\/wp-json\/wp\/v2\/product"}],"about":[{"href":"https:\/\/aromasentia.com\/da\/wp-json\/wp\/v2\/types\/product"}],"replies":[{"embeddable":true,"href":"https:\/\/aromasentia.com\/da\/wp-json\/wp\/v2\/comments?post=197060"}],"version-history":[{"count":0,"href":"https:\/\/aromasentia.com\/da\/wp-json\/wp\/v2\/product\/197060\/revisions"}],"wp:featuredmedia":[{"embeddable":true,"href":"https:\/\/aromasentia.com\/da\/wp-json\/wp\/v2\/media\/418958"}],"wp:attachment":[{"href":"https:\/\/aromasentia.com\/da\/wp-json\/wp\/v2\/media?parent=197060"}],"wp:term":[{"taxonomy":"product_brand","embeddable":true,"href":"https:\/\/aromasentia.com\/da\/wp-json\/wp\/v2\/product_brand?post=197060"},{"taxonomy":"product_cat","embeddable":true,"href":"https:\/\/aromasentia.com\/da\/wp-json\/wp\/v2\/product_cat?post=197060"},{"taxonomy":"product_tag","embeddable":true,"href":"https:\/\/aromasentia.com\/da\/wp-json\/wp\/v2\/product_tag?post=197060"}],"curies":[{"name":"wp","href":"https:\/\/api.w.org\/{rel}","templated":true}]}}