{"id":197054,"date":"2025-03-23T11:06:08","date_gmt":"2025-03-23T11:06:08","guid":{"rendered":"https:\/\/aromasentia.com\/product\/crystal-gemstone-necklace-cord-45cm-18inch-brown\/"},"modified":"2025-06-22T02:59:35","modified_gmt":"2025-06-22T02:59:35","slug":"halskaedesnor-med-krystal-45-cm-18-tommer-brun","status":"publish","type":"product","link":"https:\/\/aromasentia.com\/da\/halskaedesnor-med-krystal-45-cm-18-tommer-brun\/","title":{"rendered":"Halsk\u00e6desnor med Krystal 45 cm\/18 Tommer &#8211; Brun"},"content":{"rendered":"<p><span style=\"color: rgb(75, 80, 88);\">Snoren er fremstillet med sans for detaljer og har en glat, mat finish, der udstr\u00e5ler subtil elegance. Dens solide, men smidige natur giver en sikker og behagelig pasform, hvilket g\u00f8r den velegnet til en r\u00e6kke forskellige \u00e6delstensst\u00f8rrelser og -former.<\/span><\/p>\n<p><span style=\"color: rgb(75, 80, 88);\">Snorens alsidighed forbedres yderligere af dens justerbare l\u00e6ngde, der giver kunderne mulighed for nemt at tilpasse halsk\u00e6dens l\u00e6ngde, s\u00e5 den passer til deres personlige stil. Inkluderingen af naturlige tr\u00e6perler tilf\u00f8jer et subtilt organisk element, der giver halsk\u00e6den et strejf af boho-chic appel.<\/span><\/p>\n<p><span style=\"color: rgb(75, 80, 88);\">Ved at tilbyde denne halsk\u00e6desnor af h\u00f8j kvalitet i sort krystal med \u00e6delstensdetaljer kan du udnytte den voksende eftersp\u00f8rgsel efter personlige smykker. Det minimalistiske design fungerer som et perfekt l\u00e6rred til at fremvise sk\u00f8nheden og den unikke karakter af forskellige \u00e6delsten, hvilket giver kunderne mulighed for at skabe unikke smykker, der afspejler deres individuelle smag.<\/span><\/p>\n<p><span style=\"color: rgb(75, 80, 88);\"><strong>Bem\u00e6rk venligst: \u00c6delstenen vist p\u00e5 billederne er ikke inkluderet. \u00c6delstenen vises udelukkende til illustrative form\u00e5l for at demonstrere, hvordan halsk\u00e6desnoren vil se ud, n\u00e5r den kombineres med en \u00e6delsten.<\/strong><\/span><strong>.<\/strong><\/p>\n","protected":false},"excerpt":{"rendered":"<p>Snoren er fremstillet med sans for detaljer og har en glat, mat finish, der udstr\u00e5ler subtil elegance. Dens solide, men smidige natur giver en sikker og behagelig pasform, hvilket g\u00f8r den velegnet til en r\u00e6kke forskellige \u00e6delstensst\u00f8rrelser og -former. Snorens alsidighed forbedres yderligere af dens justerbare l\u00e6ngde, der giver kunderne mulighed for nemt at tilpasse [&hellip;]<\/p>\n","protected":false},"featured_media":418720,"comment_status":"closed","ping_status":"open","template":"","meta":{"_angie_page":false},"product_brand":[],"product_cat":[25212,5738],"product_tag":[],"class_list":{"0":"post-197054","1":"product","2":"type-product","3":"status-publish","4":"has-post-thumbnail","6":"product_cat-halskaeder-og-vedhaeng","7":"product_cat-smykker-og-accessories","8":"pa_collection-crystal-gemstone-necklace-cord-da","9":"pa_made-in-kina","11":"first","12":"instock","13":"purchasable","14":"product-type-simple"},"supplier_id":null,"supplier_sku":"CGNC-04","barcode":null,"atum_controlled":true,"out_stock_date":null,"out_stock_threshold":null,"inheritable":false,"inbound_stock":null,"stock_on_hold":0,"sold_today":0,"sales_last_days":0,"reserved_stock":null,"customer_returns":null,"warehouse_damage":null,"lost_in_post":null,"other_logs":null,"out_stock_days":0,"lost_sales":0,"has_location":null,"update_date":"2026-04-27T06:56:48","atum_locations":[],"atum_stock_status":"instock","restock_status":false,"low_stock_amount":"","sales_update_date":"2026-01-30T01:26:30","calc_backorders":null,"_links":{"self":[{"href":"https:\/\/aromasentia.com\/da\/wp-json\/wp\/v2\/product\/197054","targetHints":{"allow":["GET"]}}],"collection":[{"href":"https:\/\/aromasentia.com\/da\/wp-json\/wp\/v2\/product"}],"about":[{"href":"https:\/\/aromasentia.com\/da\/wp-json\/wp\/v2\/types\/product"}],"replies":[{"embeddable":true,"href":"https:\/\/aromasentia.com\/da\/wp-json\/wp\/v2\/comments?post=197054"}],"version-history":[{"count":0,"href":"https:\/\/aromasentia.com\/da\/wp-json\/wp\/v2\/product\/197054\/revisions"}],"wp:featuredmedia":[{"embeddable":true,"href":"https:\/\/aromasentia.com\/da\/wp-json\/wp\/v2\/media\/418720"}],"wp:attachment":[{"href":"https:\/\/aromasentia.com\/da\/wp-json\/wp\/v2\/media?parent=197054"}],"wp:term":[{"taxonomy":"product_brand","embeddable":true,"href":"https:\/\/aromasentia.com\/da\/wp-json\/wp\/v2\/product_brand?post=197054"},{"taxonomy":"product_cat","embeddable":true,"href":"https:\/\/aromasentia.com\/da\/wp-json\/wp\/v2\/product_cat?post=197054"},{"taxonomy":"product_tag","embeddable":true,"href":"https:\/\/aromasentia.com\/da\/wp-json\/wp\/v2\/product_tag?post=197054"}],"curies":[{"name":"wp","href":"https:\/\/api.w.org\/{rel}","templated":true}]}}