{"id":197053,"date":"2025-03-23T11:06:08","date_gmt":"2025-03-23T11:06:08","guid":{"rendered":"https:\/\/aromasentia.com\/product\/crystal-gemstone-necklace-cord-45cm-18inch-navy\/"},"modified":"2025-06-22T02:59:35","modified_gmt":"2025-06-22T02:59:35","slug":"halskaedesnor-med-krystal-45-cm-18-tommer-navy","status":"publish","type":"product","link":"https:\/\/aromasentia.com\/da\/halskaedesnor-med-krystal-45-cm-18-tommer-navy\/","title":{"rendered":"Halsk\u00e6desnor med Krystal 45 cm\/18 Tommer &#8211; Navy"},"content":{"rendered":"<p><span style=\"color: rgb(75, 80, 88);\">Denne snor er fremstillet med fokus p\u00e5 b\u00e5de stil og holdbarhed og er det perfekte fundament for at fremvise en bred vifte af \u00e6delsten. Den indviklede knudeteknik holder den valgte krystal sikkert fast og lader dens naturlige sk\u00f8nhed skinne igennem.<\/span><\/p>\n<p><span style=\"color: rgb(75, 80, 88);\">Med en klassisk marinebl\u00e5 farve og en naturlig tr\u00e6perleaccent komplementerer denne alsidige snor en r\u00e6kke forskellige \u00e6delstensstile og -farver. Dens justerbare l\u00e6ngde sikrer en behagelig pasform for alle kunder. Tr\u00e6perlen tilf\u00f8jer et strejf af naturlig elegance og komplementerer halsk\u00e6dens overordnede \u00e6stetik.<\/span><\/p>\n<p><span style=\"color: rgb(75, 80, 88);\">Ideel til detailhandlere, der \u00f8nsker at levere komponenter af h\u00f8j kvalitet til deres kunder Til smykkefremstilling er denne halsk\u00e6de et must-have-supplement til dit udvalg.<\/span><\/p>\n<p><span style=\"color: rgb(75, 80, 88);\"><strong>Bem\u00e6rk venligst: \u00c6delstenen vist p\u00e5 billederne er ikke inkluderet. \u00c6delstenen vises udelukkende til illustrative form\u00e5l for at demonstrere, hvordan halsk\u00e6den vil se ud, n\u00e5r den kombineres med en \u00e6delsten.<\/strong><\/span><\/p>\n","protected":false},"excerpt":{"rendered":"<p>Denne snor er fremstillet med fokus p\u00e5 b\u00e5de stil og holdbarhed og er det perfekte fundament for at fremvise en bred vifte af \u00e6delsten. Den indviklede knudeteknik holder den valgte krystal sikkert fast og lader dens naturlige sk\u00f8nhed skinne igennem. Med en klassisk marinebl\u00e5 farve og en naturlig tr\u00e6perleaccent komplementerer denne alsidige snor en r\u00e6kke [&hellip;]<\/p>\n","protected":false},"featured_media":418679,"comment_status":"closed","ping_status":"open","template":"","meta":{"_angie_page":false},"product_brand":[],"product_cat":[25212,5738],"product_tag":[],"class_list":{"0":"post-197053","1":"product","2":"type-product","3":"status-publish","4":"has-post-thumbnail","6":"product_cat-halskaeder-og-vedhaeng","7":"product_cat-smykker-og-accessories","8":"pa_collection-crystal-gemstone-necklace-cord-da","9":"pa_made-in-kina","11":"first","12":"instock","13":"purchasable","14":"product-type-simple"},"supplier_id":null,"supplier_sku":"CGNC-03","barcode":null,"atum_controlled":true,"out_stock_date":null,"out_stock_threshold":null,"inheritable":false,"inbound_stock":null,"stock_on_hold":0,"sold_today":0,"sales_last_days":0,"reserved_stock":null,"customer_returns":null,"warehouse_damage":null,"lost_in_post":null,"other_logs":null,"out_stock_days":0,"lost_sales":0,"has_location":null,"update_date":"2026-04-27T06:56:48","atum_locations":[],"atum_stock_status":"instock","restock_status":false,"low_stock_amount":"","sales_update_date":"2026-02-06T00:02:11","calc_backorders":null,"_links":{"self":[{"href":"https:\/\/aromasentia.com\/da\/wp-json\/wp\/v2\/product\/197053","targetHints":{"allow":["GET"]}}],"collection":[{"href":"https:\/\/aromasentia.com\/da\/wp-json\/wp\/v2\/product"}],"about":[{"href":"https:\/\/aromasentia.com\/da\/wp-json\/wp\/v2\/types\/product"}],"replies":[{"embeddable":true,"href":"https:\/\/aromasentia.com\/da\/wp-json\/wp\/v2\/comments?post=197053"}],"version-history":[{"count":0,"href":"https:\/\/aromasentia.com\/da\/wp-json\/wp\/v2\/product\/197053\/revisions"}],"wp:featuredmedia":[{"embeddable":true,"href":"https:\/\/aromasentia.com\/da\/wp-json\/wp\/v2\/media\/418679"}],"wp:attachment":[{"href":"https:\/\/aromasentia.com\/da\/wp-json\/wp\/v2\/media?parent=197053"}],"wp:term":[{"taxonomy":"product_brand","embeddable":true,"href":"https:\/\/aromasentia.com\/da\/wp-json\/wp\/v2\/product_brand?post=197053"},{"taxonomy":"product_cat","embeddable":true,"href":"https:\/\/aromasentia.com\/da\/wp-json\/wp\/v2\/product_cat?post=197053"},{"taxonomy":"product_tag","embeddable":true,"href":"https:\/\/aromasentia.com\/da\/wp-json\/wp\/v2\/product_tag?post=197053"}],"curies":[{"name":"wp","href":"https:\/\/api.w.org\/{rel}","templated":true}]}}