{"id":197052,"date":"2025-03-23T11:06:08","date_gmt":"2025-03-23T11:06:08","guid":{"rendered":"https:\/\/aromasentia.com\/product\/crystal-gemstone-necklace-cord-45cm-18inch-natural\/"},"modified":"2025-06-22T02:59:35","modified_gmt":"2025-06-22T02:59:35","slug":"halskaedesnor-med-krystal-45-cm-18-tommer-naturlig","status":"publish","type":"product","link":"https:\/\/aromasentia.com\/da\/halskaedesnor-med-krystal-45-cm-18-tommer-naturlig\/","title":{"rendered":"Halsk\u00e6desnor med Krystal 45 cm\/18 Tommer &#8211; Naturlig"},"content":{"rendered":"<p><span style=\"color: rgb(75, 80, 88);\">Disse snore er fremstillet med fokus p\u00e5 b\u00e6redygtighed og tilbyder en alsidig og elegant base til en bred vifte af \u00e6delsten og krystaller. Den sikre makram-knudeteknik sikrer holdbarhed og stil, mens den naturlige fibersammens\u00e6tning tilf\u00f8jer et strejf af organisk sk\u00f8nhed.<\/span><\/p>\n<p><span style=\"color: rgb(75, 80, 88);\">Perfekt til detailhandlere, der \u00f8nsker at im\u00f8dekomme den voksende eftersp\u00f8rgsel efter personligt tilbeh\u00f8r, og disse snore giver et enest\u00e5ende l\u00e6rred til at fremvise de unikke kvaliteter ved forskellige \u00e6delsten. Den justerbare l\u00e6ngde im\u00f8dekommer forskellige designpr\u00e6ferencer, hvilket g\u00f8r dem til et praktisk valg for dine kunder. Ved at tilbyde vores halsk\u00e6desnore med naturlige krystal\u00e6delstenssnore leverer du en komponent af h\u00f8j kvalitet, der giver dine kunder mulighed for at skabe fantastiske og meningsfulde smykker.<\/span><\/p>\n<p><span style=\"color: rgb(75, 80, 88);\"><strong>Bem\u00e6rk venligst: \u00c6delstenen vist p\u00e5 billederne er ikke inkluderet. \u00c6delstenen vises udelukkende til illustrative form\u00e5l for at demonstrere, hvordan halsk\u00e6desnore vil se ud, n\u00e5r den kombineres med en \u00e6delsten.<\/strong><\/span><\/p>\n","protected":false},"excerpt":{"rendered":"<p>Disse snore er fremstillet med fokus p\u00e5 b\u00e6redygtighed og tilbyder en alsidig og elegant base til en bred vifte af \u00e6delsten og krystaller. Den sikre makram-knudeteknik sikrer holdbarhed og stil, mens den naturlige fibersammens\u00e6tning tilf\u00f8jer et strejf af organisk sk\u00f8nhed. Perfekt til detailhandlere, der \u00f8nsker at im\u00f8dekomme den voksende eftersp\u00f8rgsel efter personligt tilbeh\u00f8r, og disse [&hellip;]<\/p>\n","protected":false},"featured_media":418638,"comment_status":"closed","ping_status":"open","template":"","meta":{"_angie_page":false},"product_brand":[],"product_cat":[25212,5738],"product_tag":[],"class_list":{"0":"post-197052","1":"product","2":"type-product","3":"status-publish","4":"has-post-thumbnail","6":"product_cat-halskaeder-og-vedhaeng","7":"product_cat-smykker-og-accessories","8":"pa_collection-crystal-gemstone-necklace-cord-da","9":"pa_made-in-kina","11":"first","12":"instock","13":"purchasable","14":"product-type-simple"},"supplier_id":null,"supplier_sku":"CGNC-02","barcode":null,"atum_controlled":true,"out_stock_date":null,"out_stock_threshold":null,"inheritable":false,"inbound_stock":null,"stock_on_hold":0,"sold_today":0,"sales_last_days":0,"reserved_stock":null,"customer_returns":null,"warehouse_damage":null,"lost_in_post":null,"other_logs":null,"out_stock_days":0,"lost_sales":0,"has_location":null,"update_date":"2026-04-27T06:56:48","atum_locations":[],"atum_stock_status":"instock","restock_status":false,"low_stock_amount":"","sales_update_date":"2026-02-06T00:01:57","calc_backorders":null,"_links":{"self":[{"href":"https:\/\/aromasentia.com\/da\/wp-json\/wp\/v2\/product\/197052","targetHints":{"allow":["GET"]}}],"collection":[{"href":"https:\/\/aromasentia.com\/da\/wp-json\/wp\/v2\/product"}],"about":[{"href":"https:\/\/aromasentia.com\/da\/wp-json\/wp\/v2\/types\/product"}],"replies":[{"embeddable":true,"href":"https:\/\/aromasentia.com\/da\/wp-json\/wp\/v2\/comments?post=197052"}],"version-history":[{"count":0,"href":"https:\/\/aromasentia.com\/da\/wp-json\/wp\/v2\/product\/197052\/revisions"}],"wp:featuredmedia":[{"embeddable":true,"href":"https:\/\/aromasentia.com\/da\/wp-json\/wp\/v2\/media\/418638"}],"wp:attachment":[{"href":"https:\/\/aromasentia.com\/da\/wp-json\/wp\/v2\/media?parent=197052"}],"wp:term":[{"taxonomy":"product_brand","embeddable":true,"href":"https:\/\/aromasentia.com\/da\/wp-json\/wp\/v2\/product_brand?post=197052"},{"taxonomy":"product_cat","embeddable":true,"href":"https:\/\/aromasentia.com\/da\/wp-json\/wp\/v2\/product_cat?post=197052"},{"taxonomy":"product_tag","embeddable":true,"href":"https:\/\/aromasentia.com\/da\/wp-json\/wp\/v2\/product_tag?post=197052"}],"curies":[{"name":"wp","href":"https:\/\/api.w.org\/{rel}","templated":true}]}}