{"id":197050,"date":"2025-03-23T11:06:08","date_gmt":"2025-03-23T11:06:08","guid":{"rendered":"https:\/\/aromasentia.com\/product\/crown-ingot-grey-agate-gemstone-bracelet\/"},"modified":"2025-06-22T02:59:34","modified_gmt":"2025-06-22T02:59:34","slug":"crown-ingot-graa-agat-armbaand","status":"publish","type":"product","link":"https:\/\/aromasentia.com\/da\/crown-ingot-graa-agat-armbaand\/","title":{"rendered":"Crown Ingot \/ Gr\u00e5 Agat &#8211; Armb\u00e5nd"},"content":{"rendered":"<p>Agat er en sten, som alle b\u00f8r eje for at beskytte sig mod. Det er en af de \u00e6ldste sten i historien. Agater tiltr\u00e6kker styrke. Agat er en beskyttelse mod mareridt. Den beskytter ogs\u00e5 mod stress og energitab.<\/p>\n<p>Agaterne med b\u00e5ndfarver blev placeret i hovedg\u00e6rdet af en sovende for at give rige og varierede dr\u00f8mme. Agat er en fremragende sten til at genbalancere og harmonisere krop, sind og \u00e5nd.<\/p>\n<p>Den renser og stabiliserer auraen, eliminerer og transformerer negativitet.<\/p>\n<p>Cool unisex bling.. multikulturel, godt og ondt, himmel og helvede.. Dette Boho-smykke fra Ancient Wisdom er b\u00e5de \u00f8jengodt og sj\u00e6lemad..<\/p>\n<p>Vores talentfulde designer har inkorporeret elementer fra \u00f8stlig og vestlig kultur, blandet med en kraftig dosis mystik og kongelighed.<\/p>\n<p>Du skal ikke bekymre dig om, hvorvidt armb\u00e5ndene passer, da de str\u00e6kker sig &#8211; one size fits all.<\/p>\n","protected":false},"excerpt":{"rendered":"<p>Agat er en sten, som alle b\u00f8r eje for at beskytte sig mod. Det er en af de \u00e6ldste sten i historien. Agater tiltr\u00e6kker styrke. Agat er en beskyttelse mod mareridt. Den beskytter ogs\u00e5 mod stress og energitab. Agaterne med b\u00e5ndfarver blev placeret i hovedg\u00e6rdet af en sovende for at give rige og varierede dr\u00f8mme. [&hellip;]<\/p>\n","protected":false},"featured_media":418580,"comment_status":"closed","ping_status":"open","template":"","meta":{"_angie_page":false},"product_brand":[],"product_cat":[25537,25211,25222,5738],"product_tag":[],"class_list":{"0":"post-197050","1":"product","2":"type-product","3":"status-publish","4":"has-post-thumbnail","6":"product_cat-achat","7":"product_cat-armband-smykker-og-accessories","8":"product_cat-krystaller-og-sten","9":"product_cat-smykker-og-accessories","10":"pa_collection-boho-bling-gemstones-bracelets-da","11":"pa_made-in-kina","13":"first","14":"instock","15":"purchasable","16":"product-type-simple"},"supplier_id":null,"supplier_sku":"Boho-12","barcode":null,"atum_controlled":true,"out_stock_date":null,"out_stock_threshold":null,"inheritable":false,"inbound_stock":null,"stock_on_hold":0,"sold_today":0,"sales_last_days":0,"reserved_stock":null,"customer_returns":null,"warehouse_damage":null,"lost_in_post":null,"other_logs":null,"out_stock_days":0,"lost_sales":0,"has_location":null,"update_date":"2026-04-27T06:55:20","atum_locations":[],"atum_stock_status":"instock","restock_status":false,"low_stock_amount":"","sales_update_date":"2026-01-30T01:24:26","calc_backorders":null,"_links":{"self":[{"href":"https:\/\/aromasentia.com\/da\/wp-json\/wp\/v2\/product\/197050","targetHints":{"allow":["GET"]}}],"collection":[{"href":"https:\/\/aromasentia.com\/da\/wp-json\/wp\/v2\/product"}],"about":[{"href":"https:\/\/aromasentia.com\/da\/wp-json\/wp\/v2\/types\/product"}],"replies":[{"embeddable":true,"href":"https:\/\/aromasentia.com\/da\/wp-json\/wp\/v2\/comments?post=197050"}],"version-history":[{"count":0,"href":"https:\/\/aromasentia.com\/da\/wp-json\/wp\/v2\/product\/197050\/revisions"}],"wp:featuredmedia":[{"embeddable":true,"href":"https:\/\/aromasentia.com\/da\/wp-json\/wp\/v2\/media\/418580"}],"wp:attachment":[{"href":"https:\/\/aromasentia.com\/da\/wp-json\/wp\/v2\/media?parent=197050"}],"wp:term":[{"taxonomy":"product_brand","embeddable":true,"href":"https:\/\/aromasentia.com\/da\/wp-json\/wp\/v2\/product_brand?post=197050"},{"taxonomy":"product_cat","embeddable":true,"href":"https:\/\/aromasentia.com\/da\/wp-json\/wp\/v2\/product_cat?post=197050"},{"taxonomy":"product_tag","embeddable":true,"href":"https:\/\/aromasentia.com\/da\/wp-json\/wp\/v2\/product_tag?post=197050"}],"curies":[{"name":"wp","href":"https:\/\/api.w.org\/{rel}","templated":true}]}}