{"id":197048,"date":"2025-03-23T11:06:16","date_gmt":"2025-03-23T11:06:16","guid":{"rendered":"https:\/\/aromasentia.com\/product\/gemstone-classic-point-pendant-tiger-eye\/"},"modified":"2025-06-22T02:59:33","modified_gmt":"2025-06-22T02:59:33","slug":"classic-point-vedhaeng-tigeroeje","status":"publish","type":"product","link":"https:\/\/aromasentia.com\/da\/classic-point-vedhaeng-tigeroeje\/","title":{"rendered":"Classic Point Vedh\u00e6ng &#8211; Tiger\u00f8je"},"content":{"rendered":"<p>Det uds\u00f8gte&nbsp;<strong>Gemstone Classic Point Vedh\u00e6ng i Tiger\u00f8je<\/strong> er et sl\u00e5ende smykke, der viser naturens f\u00e6ngslende sk\u00f8nhed og styrke. Dette vedh\u00e6ng er designet til at give et dristigt udtryk og tilf\u00f8je et element af selvtillid og mod til ethvert ensemble.&nbsp;<\/p>\n<p>Gemstone Classic Point Vedh\u00e6ng har en poleret Tiger Eye \u00e6delsten i en slank og langstrakt spidsform. Med sine gyldne og brune nuancer er Tiger Eye kendt for sin unikke chatoyancy eller &quot;cat&#39;s eye&quot; effekt, som giver stenen en bem\u00e6rkelsesv\u00e6rdig dybde og glimmer. Tiger\u00f8je symboliserer kraft, beskyttelse og klarhed og menes at styrke fokus, mod og indre styrke. Dette vedh\u00e6ng er en alsidig accessory, der ubesv\u00e6ret g\u00e5r fra dag til aften, hvilket g\u00f8r det velegnet til enhver lejlighed.&nbsp;<\/p>\n<p>Leveres med en s\u00f8lvbelagt k\u00e6de, ca. 45 cm lang. Pakket i et smukt header card.&nbsp;<\/p>\n<p><em>St\u00f8rrelserne og formerne p\u00e5 krystallerne kan variere en smule, da hvert enkelt vedh\u00e6ng er h\u00e5ndlavet.<\/em><\/p>\n<p>Overrask dine kunder med dette yndige og unikke \u00e6delstenssmykke, k\u00e6rligt fremstillet i Indien. Velegnet til m\u00e6nd og kvinder,&nbsp;<\/p>\n<p><strong>En perfekt gave til enhver lejlighed. Bestil i dag<\/strong><\/p>\n","protected":false},"excerpt":{"rendered":"<p>Det uds\u00f8gte&nbsp;Gemstone Classic Point Vedh\u00e6ng i Tiger\u00f8je er et sl\u00e5ende smykke, der viser naturens f\u00e6ngslende sk\u00f8nhed og styrke. Dette vedh\u00e6ng er designet til at give et dristigt udtryk og tilf\u00f8je et element af selvtillid og mod til ethvert ensemble.&nbsp; Gemstone Classic Point Vedh\u00e6ng har en poleret Tiger Eye \u00e6delsten i en slank og langstrakt spidsform. [&hellip;]<\/p>\n","protected":false},"featured_media":421366,"comment_status":"closed","ping_status":"open","template":"","meta":{"_angie_page":false},"product_brand":[],"product_cat":[25212,25222,5738,25781],"product_tag":[],"class_list":{"0":"post-197048","1":"product","2":"type-product","3":"status-publish","4":"has-post-thumbnail","6":"product_cat-halskaeder-og-vedhaeng","7":"product_cat-krystaller-og-sten","8":"product_cat-smykker-og-accessories","9":"product_cat-tigeroje","10":"pa_collection-indian-gemstone-pendant-jewellery-da","11":"pa_made-in-indien","13":"first","14":"instock","15":"purchasable","16":"product-type-simple"},"supplier_id":null,"supplier_sku":"GPJ-04","barcode":null,"atum_controlled":true,"out_stock_date":null,"out_stock_threshold":null,"inheritable":false,"inbound_stock":null,"stock_on_hold":0,"sold_today":0,"sales_last_days":0,"reserved_stock":null,"customer_returns":null,"warehouse_damage":null,"lost_in_post":null,"other_logs":null,"out_stock_days":0,"lost_sales":0,"has_location":null,"update_date":"2026-05-04T00:03:55","atum_locations":[],"atum_stock_status":"instock","restock_status":false,"low_stock_amount":"","sales_update_date":"2025-09-03T00:16:57","calc_backorders":null,"_links":{"self":[{"href":"https:\/\/aromasentia.com\/da\/wp-json\/wp\/v2\/product\/197048","targetHints":{"allow":["GET"]}}],"collection":[{"href":"https:\/\/aromasentia.com\/da\/wp-json\/wp\/v2\/product"}],"about":[{"href":"https:\/\/aromasentia.com\/da\/wp-json\/wp\/v2\/types\/product"}],"replies":[{"embeddable":true,"href":"https:\/\/aromasentia.com\/da\/wp-json\/wp\/v2\/comments?post=197048"}],"version-history":[{"count":0,"href":"https:\/\/aromasentia.com\/da\/wp-json\/wp\/v2\/product\/197048\/revisions"}],"wp:featuredmedia":[{"embeddable":true,"href":"https:\/\/aromasentia.com\/da\/wp-json\/wp\/v2\/media\/421366"}],"wp:attachment":[{"href":"https:\/\/aromasentia.com\/da\/wp-json\/wp\/v2\/media?parent=197048"}],"wp:term":[{"taxonomy":"product_brand","embeddable":true,"href":"https:\/\/aromasentia.com\/da\/wp-json\/wp\/v2\/product_brand?post=197048"},{"taxonomy":"product_cat","embeddable":true,"href":"https:\/\/aromasentia.com\/da\/wp-json\/wp\/v2\/product_cat?post=197048"},{"taxonomy":"product_tag","embeddable":true,"href":"https:\/\/aromasentia.com\/da\/wp-json\/wp\/v2\/product_tag?post=197048"}],"curies":[{"name":"wp","href":"https:\/\/api.w.org\/{rel}","templated":true}]}}